{"id":8,"date":"2008-08-31T04:07:47","date_gmt":"2008-08-31T02:07:47","guid":{"rendered":"http:\/\/www.foerderkreis-christenberg.de\/index.php\/foerderkreis-christenberg\/"},"modified":"2026-04-11T16:39:41","modified_gmt":"2026-04-11T14:39:41","slug":"foerderkreis-christenberg","status":"publish","type":"page","link":"https:\/\/www.foerderkreis-christenberg.de\/","title":{"rendered":"Der F\u00f6rderkreis Christenberg"},"content":{"rendered":"\n<h4 class=\"wp-block-heading\">&nbsp;<\/h4>\n\n\n\n<figure class=\"wp-block-image size-large has-custom-border\"><img loading=\"lazy\" decoding=\"async\" width=\"1024\" height=\"730\" src=\"https:\/\/www.foerderkreis-christenberg.de\/wp-content\/uploads\/2018\/11\/SJ_2018_Luftbild-1024x730.jpg\" alt=\"\" class=\"wp-image-324\" style=\"border-radius:20px;box-shadow:var(--wp--preset--shadow--natural)\" srcset=\"https:\/\/www.foerderkreis-christenberg.de\/wp-content\/uploads\/2018\/11\/SJ_2018_Luftbild-1024x730.jpg 1024w, https:\/\/www.foerderkreis-christenberg.de\/wp-content\/uploads\/2018\/11\/SJ_2018_Luftbild-300x214.jpg 300w, https:\/\/www.foerderkreis-christenberg.de\/wp-content\/uploads\/2018\/11\/SJ_2018_Luftbild-768x547.jpg 768w, https:\/\/www.foerderkreis-christenberg.de\/wp-content\/uploads\/2018\/11\/SJ_2018_Luftbild.jpg 1926w\" sizes=\"auto, (max-width: 1024px) 100vw, 1024px\" \/><\/figure>\n\n\n\n<div class=\"wp-block-group has-base-background-color has-background has-global-padding is-layout-constrained wp-container-core-group-is-layout-9e9be3cb wp-block-group-is-layout-constrained\" style=\"border-radius:10px;padding-top:var(--wp--preset--spacing--20);padding-right:var(--wp--preset--spacing--20);padding-bottom:var(--wp--preset--spacing--20);padding-left:var(--wp--preset--spacing--20);box-shadow:var(--wp--preset--shadow--natural)\">\n<div class=\"wp-block-group has-global-padding is-layout-constrained wp-container-core-group-is-layout-9e9be3cb wp-block-group-is-layout-constrained\" style=\"border-radius:10px;padding-top:var(--wp--preset--spacing--20);padding-right:var(--wp--preset--spacing--20);padding-bottom:var(--wp--preset--spacing--20);padding-left:var(--wp--preset--spacing--20);box-shadow:var(--wp--preset--shadow--natural)\">\n<h2 class=\"wp-block-heading\">Hallo und herzlich willkommen!<\/h2>\n\n\n\n<p class=\"is-style-default has-accent-2-background-color has-background has-link-color wp-elements-a5cd8caac095d3d4b6c2b00c64025979\" style=\"border-top-left-radius:10px;border-top-right-radius:10px;border-bottom-left-radius:10px;border-bottom-right-radius:10px;border-right-width:1px;border-bottom-width:1px;padding-top:var(--wp--preset--spacing--20);padding-right:var(--wp--preset--spacing--20);padding-bottom:var(--wp--preset--spacing--20);padding-left:var(--wp--preset--spacing--20)\"><strong><a href=\"https:\/\/www.foerderkreis-christenberg.de\/index.php\/hallo-in-bildern\/\" data-type=\"page\" data-id=\"1565\">Bilder sagen oft mehr als Worte &#8230;<\/a><\/strong><\/p>\n<\/div>\n\n\n\n<div class=\"wp-block-group has-accent-2-background-color has-background has-global-padding is-layout-constrained wp-container-core-group-is-layout-9e9be3cb wp-block-group-is-layout-constrained\" style=\"border-radius:10px;padding-top:var(--wp--preset--spacing--20);padding-right:var(--wp--preset--spacing--20);padding-bottom:var(--wp--preset--spacing--20);padding-left:var(--wp--preset--spacing--20);box-shadow:var(--wp--preset--shadow--natural)\">\n<p>Der F\u00f6rderkreis Christenberg e.V. setzt sich f\u00fcr den Erhalt der historischen (Bau-)Substanz des Christenberges und die Gestaltung des Erscheinungsbildes ein.<\/p>\n\n\n\n<p>Wir bieten F\u00fchrungen an, veranstalten Konzerte, Vortr\u00e4ge und Lesungen. Mit B\u00fcchern, Brosch\u00fcren und Faltbl\u00e4ttern informieren wir \u00fcber den Christenberg und seine besondere Geschichte.<\/p>\n\n\n\n<p>Unser Handeln steht in der Tradition der Heimatpflege und der modernen Denkmalpflege.<\/p>\n\n\n\n<div class=\"wp-block-buttons is-content-justification-center is-layout-flex wp-container-core-buttons-is-layout-a89b3969 wp-block-buttons-is-layout-flex\">\n<div class=\"wp-block-button is-style-outline is-style-outline--1\"><a class=\"wp-block-button__link has-accent-2-color has-contrast-background-color has-text-color has-background has-link-color has-large-font-size has-custom-font-size wp-element-button\" href=\"https:\/\/www.foerderkreis-christenberg.de\/index.php\/kurzinfo\/info-mitmachen\/\" style=\"border-style:none;border-width:0px;border-top-left-radius:20px;border-top-right-radius:20px;border-bottom-left-radius:20px;border-bottom-right-radius:20px;box-shadow:var(--wp--preset--shadow--natural)\"><strong>F\u00f6rderkreis zum Mitmachen &#8211; Interesse wecken, Ideen einbringen, Mitgestalten<\/strong>   <strong>\u261e<\/strong><\/a><\/div>\n<\/div>\n\n\n\n<div class=\"wp-block-buttons is-content-justification-center is-layout-flex wp-container-core-buttons-is-layout-a89b3969 wp-block-buttons-is-layout-flex\">\n<div class=\"wp-block-button is-style-outline is-style-outline--2\"><a class=\"wp-block-button__link has-accent-2-color has-contrast-background-color has-text-color has-background has-link-color has-large-font-size has-custom-font-size wp-element-button\" href=\"https:\/\/www.foerderkreis-christenberg.de\/index.php\/putztag-2026\/\" style=\"border-style:none;border-width:0px;border-top-left-radius:20px;border-top-right-radius:20px;border-bottom-left-radius:20px;border-bottom-right-radius:20px;box-shadow:var(--wp--preset--shadow--natural)\"><strong>Freischneiden 2026 \u261e<\/strong><\/a><\/div>\n<\/div>\n\n\n\n<div style=\"height:10px\" aria-hidden=\"true\" class=\"wp-block-spacer\"><\/div>\n\n\n\n<details class=\"wp-block-details has-base-background-color has-background is-layout-flow wp-block-details-is-layout-flow\" style=\"border-right-style:none;border-right-width:0px;border-bottom-style:none;border-bottom-width:0px;margin-top:var(--wp--preset--spacing--20);margin-right:var(--wp--preset--spacing--20);margin-bottom:var(--wp--preset--spacing--20);margin-left:var(--wp--preset--spacing--20);padding-top:var(--wp--preset--spacing--20);padding-right:var(--wp--preset--spacing--20);padding-bottom:var(--wp--preset--spacing--20);padding-left:var(--wp--preset--spacing--20)\"><summary><strong>Das Team vom F\u00f6rderkreis<\/strong><\/summary>\n<div class=\"wp-block-media-text is-stacked-on-mobile\"><figure class=\"wp-block-media-text__media\"><img loading=\"lazy\" decoding=\"async\" width=\"410\" height=\"336\" src=\"https:\/\/www.foerderkreis-christenberg.de\/wp-content\/uploads\/2011\/05\/kuesterhaus3.jpg\" alt=\"Museum &quot;Altes K\u00fcsterhaus&quot;\" class=\"wp-image-9 size-full\" srcset=\"https:\/\/www.foerderkreis-christenberg.de\/wp-content\/uploads\/2011\/05\/kuesterhaus3.jpg 410w, https:\/\/www.foerderkreis-christenberg.de\/wp-content\/uploads\/2011\/05\/kuesterhaus3-300x246.jpg 300w\" sizes=\"auto, (max-width: 410px) 100vw, 410px\" \/><\/figure><div class=\"wp-block-media-text__content\">\n<p>Harald Kornmann, Vorsitzender<\/p>\n\n\n\n<p>Kim Eric Heiner, stellv. Vorsitzender<\/p>\n\n\n\n<p>Karl Schneider, Schriftf\u00fchrer<\/p>\n\n\n\n<p>Wolfgang Vajen, Kassierer<\/p>\n\n\n\n<p>Florian von Thaden, Beisitzer<\/p>\n\n\n\n<p>Pfarrer Andr\u00e9 Barth<\/p>\n<\/div><\/div>\n\n\n\n<p class=\"has-link-color wp-elements-ca07cd65f7c167298f2fc14263ea2de7\">Dieses Team leitet aktuell die Geschicke des F\u00f6rderkreises. Alle sind gleichberechtigte Ansprechpartner bei Fragen, Anregungen oder auch Kritik. Das Vorstandsteam trifft sich regelm\u00e4\u00dfig zur Vorbereitung und Durchf\u00fchrung anstehender Arbeiten und Aufgaben.<\/p>\n<\/details>\n<\/div>\n\n\n\n<div style=\"height:20px\" aria-hidden=\"true\" class=\"wp-block-spacer\"><\/div>\n\n\n\n<div class=\"wp-block-group has-global-padding is-layout-constrained wp-container-core-group-is-layout-9e9be3cb wp-block-group-is-layout-constrained\" style=\"border-radius:10px;padding-top:var(--wp--preset--spacing--20);padding-right:var(--wp--preset--spacing--20);padding-bottom:var(--wp--preset--spacing--20);padding-left:var(--wp--preset--spacing--20);box-shadow:var(--wp--preset--shadow--natural)\">\n<p class=\"has-accent-2-color has-contrast-background-color has-text-color has-background has-link-color has-x-large-font-size wp-elements-2c4a5e2b74f04509e2dc5e62a5887319\" style=\"border-style:none;border-width:0px;border-top-left-radius:10px;border-top-right-radius:10px;border-bottom-left-radius:10px;border-bottom-right-radius:10px;padding-top:var(--wp--preset--spacing--20);padding-right:var(--wp--preset--spacing--20);padding-bottom:var(--wp--preset--spacing--20);padding-left:var(--wp--preset--spacing--20)\"><strong><a href=\"https:\/\/www.foerderkreis-christenberg.de\/index.php\/terminplan\/\" data-type=\"page\" data-id=\"1839\" target=\"_blank\" rel=\"noreferrer noopener\">Terminplan 2026<\/a><\/strong>   <strong>\u261e<\/strong><\/p>\n\n\n\n<p style=\"padding-top:0;padding-right:var(--wp--preset--spacing--20);padding-bottom:0;padding-left:var(--wp--preset--spacing--20)\"><strong>Singen &#8211; Spielen &#8211; Musizieren<\/strong>. Worauf wir uns in diesem Jahr freuen d\u00fcrfen!<\/p>\n\n\n\n<div style=\"height:20px\" aria-hidden=\"true\" class=\"wp-block-spacer\"><\/div>\n<\/div>\n<\/div>\n\n\n\n<div class=\"wp-block-group has-base-background-color has-background has-global-padding is-layout-constrained wp-block-group-is-layout-constrained\" style=\"border-radius:10px;box-shadow:var(--wp--preset--shadow--natural)\">\n<figure class=\"wp-block-table is-style-regular has-medium-font-size\" style=\"margin-top:var(--wp--preset--spacing--30);margin-right:0;margin-bottom:var(--wp--preset--spacing--30);margin-left:0;padding-top:var(--wp--preset--spacing--20);padding-right:var(--wp--preset--spacing--20);padding-bottom:var(--wp--preset--spacing--20);padding-left:var(--wp--preset--spacing--20)\"><table class=\"has-accent-2-color has-contrast-background-color has-text-color has-background has-link-color has-fixed-layout\" style=\"border-width:4px\"><tbody><tr><td class=\"has-text-align-center\" data-align=\"center\"><a href=\"https:\/\/www.foerderkreis-christenberg.de\/index.php\/kurzinfo\/\" data-type=\"page\" data-id=\"1051\"><strong>Kurz und b\u00fcndig<\/strong><\/a><\/td><td class=\"has-text-align-center\" data-align=\"center\"><a href=\"https:\/\/www.foerderkreis-christenberg.de\/index.php\/christenberg\/\" data-type=\"page\" data-id=\"28\">Christenberg<\/a><\/td><\/tr><tr><td class=\"has-text-align-center\" data-align=\"center\"><a href=\"https:\/\/www.foerderkreis-christenberg.de\/index.php\/wege-zum-christenberg\/\" data-type=\"page\" data-id=\"31\">Wege zum Christenberg<\/a><\/td><td class=\"has-text-align-center\" data-align=\"center\"><a href=\"https:\/\/www.foerderkreis-christenberg.de\/index.php\/wir-ueber-uns\/\" data-type=\"page\" data-id=\"3\">Wir \u00fcber uns<\/a><\/td><\/tr><\/tbody><\/table><\/figure>\n<\/div>\n","protected":false},"excerpt":{"rendered":"<p>&nbsp; Hallo und herzlich willkommen! Bilder sagen oft mehr als Worte &#8230; Der F\u00f6rderkreis Christenberg e.V. setzt sich f\u00fcr den Erhalt der historischen (Bau-)Substanz des Christenberges und die Gestaltung des Erscheinungsbildes ein. Wir bieten F\u00fchrungen an, veranstalten Konzerte, Vortr\u00e4ge und Lesungen. Mit B\u00fcchern, Brosch\u00fcren und Faltbl\u00e4ttern informieren wir \u00fcber den Christenberg und seine besondere Geschichte. [&hellip;]<\/p>\n","protected":false},"author":2,"featured_media":0,"parent":0,"menu_order":1,"comment_status":"closed","ping_status":"closed","template":"","meta":{"footnotes":""},"class_list":["post-8","page","type-page","status-publish","hentry"],"jetpack_sharing_enabled":true,"_links":{"self":[{"href":"https:\/\/www.foerderkreis-christenberg.de\/index.php\/wp-json\/wp\/v2\/pages\/8","targetHints":{"allow":["GET"]}}],"collection":[{"href":"https:\/\/www.foerderkreis-christenberg.de\/index.php\/wp-json\/wp\/v2\/pages"}],"about":[{"href":"https:\/\/www.foerderkreis-christenberg.de\/index.php\/wp-json\/wp\/v2\/types\/page"}],"author":[{"embeddable":true,"href":"https:\/\/www.foerderkreis-christenberg.de\/index.php\/wp-json\/wp\/v2\/users\/2"}],"replies":[{"embeddable":true,"href":"https:\/\/www.foerderkreis-christenberg.de\/index.php\/wp-json\/wp\/v2\/comments?post=8"}],"version-history":[{"count":67,"href":"https:\/\/www.foerderkreis-christenberg.de\/index.php\/wp-json\/wp\/v2\/pages\/8\/revisions"}],"predecessor-version":[{"id":2528,"href":"https:\/\/www.foerderkreis-christenberg.de\/index.php\/wp-json\/wp\/v2\/pages\/8\/revisions\/2528"}],"wp:attachment":[{"href":"https:\/\/www.foerderkreis-christenberg.de\/index.php\/wp-json\/wp\/v2\/media?parent=8"}],"curies":[{"name":"wp","href":"https:\/\/api.w.org\/{rel}","templated":true}]}}