{"id":66,"date":"2011-11-20T10:34:43","date_gmt":"2011-11-20T09:34:43","guid":{"rendered":"http:\/\/www.foerderkreis-christenberg.de\/index.php\/fuehrungen\/"},"modified":"2026-02-16T22:30:42","modified_gmt":"2026-02-16T21:30:42","slug":"fuehrungen","status":"publish","type":"page","link":"https:\/\/www.foerderkreis-christenberg.de\/index.php\/fuehrungen\/","title":{"rendered":"F\u00fchrungen"},"content":{"rendered":"\n<div class=\"wp-block-group has-base-background-color has-background has-global-padding is-layout-constrained wp-container-core-group-is-layout-9e9be3cb wp-block-group-is-layout-constrained\" style=\"border-radius:10px;padding-top:var(--wp--preset--spacing--20);padding-right:var(--wp--preset--spacing--20);padding-bottom:var(--wp--preset--spacing--20);padding-left:var(--wp--preset--spacing--20);box-shadow:var(--wp--preset--shadow--natural)\">\n<div class=\"wp-block-group has-accent-2-background-color has-background has-global-padding is-layout-constrained wp-container-core-group-is-layout-9e9be3cb wp-block-group-is-layout-constrained\" style=\"border-radius:10px;padding-top:var(--wp--preset--spacing--20);padding-right:var(--wp--preset--spacing--20);padding-bottom:var(--wp--preset--spacing--20);padding-left:var(--wp--preset--spacing--20);box-shadow:var(--wp--preset--shadow--natural)\">\n<p>Gern f\u00fchren wir Sie auf dem Christenberg zu den sch\u00f6nsten Aussichten, historischen Pl\u00e4tzen und arch\u00e4ologischen Ausgrabungsst\u00e4tten.<\/p>\n\n\n\n<figure class=\"wp-block-image size-large has-custom-border\"><img loading=\"lazy\" decoding=\"async\" width=\"1024\" height=\"683\" src=\"https:\/\/www.foerderkreis-christenberg.de\/wp-content\/uploads\/2018\/06\/Luftbild-von-Norden1-1024x683.jpg\" alt=\"\" class=\"wp-image-291\" style=\"border-radius:10px\" srcset=\"https:\/\/www.foerderkreis-christenberg.de\/wp-content\/uploads\/2018\/06\/Luftbild-von-Norden1-1024x683.jpg 1024w, https:\/\/www.foerderkreis-christenberg.de\/wp-content\/uploads\/2018\/06\/Luftbild-von-Norden1-300x200.jpg 300w, https:\/\/www.foerderkreis-christenberg.de\/wp-content\/uploads\/2018\/06\/Luftbild-von-Norden1-768x512.jpg 768w, https:\/\/www.foerderkreis-christenberg.de\/wp-content\/uploads\/2018\/06\/Luftbild-von-Norden1-1200x800.jpg 1200w, https:\/\/www.foerderkreis-christenberg.de\/wp-content\/uploads\/2018\/06\/Luftbild-von-Norden1.jpg 1944w\" sizes=\"auto, (max-width: 1024px) 100vw, 1024px\" \/><figcaption class=\"wp-element-caption\">Luftbild Christenberg von Norden<\/figcaption><\/figure>\n<\/div>\n\n\n\n<div class=\"wp-block-group has-accent-2-background-color has-background has-global-padding is-layout-constrained wp-container-core-group-is-layout-9e9be3cb wp-block-group-is-layout-constrained\" style=\"border-radius:10px;padding-top:var(--wp--preset--spacing--20);padding-right:var(--wp--preset--spacing--20);padding-bottom:var(--wp--preset--spacing--20);padding-left:var(--wp--preset--spacing--20);box-shadow:var(--wp--preset--shadow--natural)\">\n<p>Die F\u00fchrungen werden individuell mit den G\u00e4sten abgestimmt und dauern eine bis anderthalb Stunden. Und wenn bei sehr gro\u00dfem Interesse zwei oder zweieinhalb Stunden daraus werden, sind wir auch hier gro\u00dfz\u00fcgig.<\/p>\n\n\n\n<div class=\"wp-block-group has-global-padding is-layout-constrained wp-container-core-group-is-layout-c06d165c wp-block-group-is-layout-constrained\" style=\"padding-top:0;padding-right:0;padding-bottom:0;padding-left:0\">\n<div class=\"wp-block-group has-global-padding is-layout-constrained wp-container-core-group-is-layout-c06d165c wp-block-group-is-layout-constrained\" style=\"border-style:none;border-width:0px;padding-top:0;padding-right:0;padding-bottom:0;padding-left:0\">\n<p>Kosten f\u00fcr eine F\u00fchrung:<\/p>\n\n\n\n<ul class=\"wp-block-list\">\n<li>2,50 EUR pro Person ab zehn Personen<\/li>\n\n\n\n<li>25 EUR f\u00fcr Kleingruppen von 2 &#8211; 9 Personen<\/li>\n<\/ul>\n<\/div>\n<\/div>\n<\/div>\n\n\n\n<div style=\"height:40px\" aria-hidden=\"true\" class=\"wp-block-spacer\"><\/div>\n\n\n\n<figure class=\"wp-block-image size-full is-resized has-custom-border\" style=\"margin-top:0;margin-right:0;margin-bottom:0;margin-left:0\"><img loading=\"lazy\" decoding=\"async\" width=\"448\" height=\"277\" src=\"https:\/\/www.foerderkreis-christenberg.de\/wp-content\/uploads\/2011\/11\/nordtor-herbst-2.jpg\" alt=\"Nordtor Christenberg\" class=\"wp-image-65\" style=\"border-radius:10px;box-shadow:var(--wp--preset--shadow--natural);width:612px;height:auto\" srcset=\"https:\/\/www.foerderkreis-christenberg.de\/wp-content\/uploads\/2011\/11\/nordtor-herbst-2.jpg 448w, https:\/\/www.foerderkreis-christenberg.de\/wp-content\/uploads\/2011\/11\/nordtor-herbst-2-300x185.jpg 300w\" sizes=\"auto, (max-width: 448px) 100vw, 448px\" \/><figcaption class=\"wp-element-caption\"><strong>Nordtor der Kesterburg<\/strong><\/figcaption><\/figure>\n\n\n\n<div class=\"wp-block-group has-accent-2-background-color has-background has-global-padding is-layout-constrained wp-container-core-group-is-layout-9e9be3cb wp-block-group-is-layout-constrained\" style=\"border-radius:10px;padding-top:var(--wp--preset--spacing--20);padding-right:var(--wp--preset--spacing--20);padding-bottom:var(--wp--preset--spacing--20);padding-left:var(--wp--preset--spacing--20);box-shadow:var(--wp--preset--shadow--natural)\">\n<p>An zwei festen Terminen im Jahr bieten wir meistens auch \u00f6ffentliche F\u00fchrungen, jeweils um 14.00 Uhr, an.<\/p>\n\n\n\n<ul class=\"wp-block-list\">\n<li>Internationaler Museumstag = 3. Sonntag im Mai<\/li>\n\n\n\n<li>Tag des offenen Denkmals = 2. Sonntag im September<\/li>\n\n\n\n<li>Informationen dazu gibt es dann auch in der Presse<\/li>\n<\/ul>\n<\/div>\n\n\n\n<div class=\"wp-block-group has-global-padding is-layout-constrained wp-container-core-group-is-layout-c06d165c wp-block-group-is-layout-constrained\" style=\"padding-top:0;padding-right:0;padding-bottom:0;padding-left:0\">\n<div class=\"wp-block-group has-accent-2-background-color has-background has-global-padding is-layout-constrained wp-container-core-group-is-layout-9e9be3cb wp-block-group-is-layout-constrained\" style=\"border-style:none;border-width:0px;border-radius:10px;padding-top:var(--wp--preset--spacing--20);padding-right:var(--wp--preset--spacing--20);padding-bottom:var(--wp--preset--spacing--20);padding-left:var(--wp--preset--spacing--20);box-shadow:var(--wp--preset--shadow--natural)\">\n<p>Anfragen und Anmeldungen f\u00fcr F\u00fchrungen bitte per E-Mail an<\/p>\n\n\n\n<p class=\"has-link-color wp-elements-2e00f447a9c52c917117931ba43ff389\"><a href=\"mailto:info@foerderkreis-christenberg.de\">info@foerderkreis-christenberg.de<\/a><\/p>\n<\/div>\n<\/div>\n<\/div>\n\n\n\n<div class=\"wp-block-group has-base-background-color has-background has-global-padding is-layout-constrained wp-container-core-group-is-layout-c06d165c wp-block-group-is-layout-constrained\" style=\"border-radius:10px;padding-top:0;padding-right:0;padding-bottom:0;padding-left:0;box-shadow:var(--wp--preset--shadow--natural)\">\n<figure class=\"wp-block-table is-style-regular has-medium-font-size\" style=\"margin-top:var(--wp--preset--spacing--30);margin-right:0;margin-bottom:var(--wp--preset--spacing--30);margin-left:0;padding-top:var(--wp--preset--spacing--20);padding-right:var(--wp--preset--spacing--20);padding-bottom:var(--wp--preset--spacing--20);padding-left:var(--wp--preset--spacing--20)\"><table class=\"has-accent-2-color has-contrast-background-color has-text-color has-background has-link-color has-fixed-layout\" style=\"border-width:4px\"><tbody><tr><td class=\"has-text-align-center\" data-align=\"center\"><a href=\"https:\/\/www.foerderkreis-christenberg.de\/index.php\/wir-ueber-uns\/\" data-type=\"page\" data-id=\"3\">Wir \u00fcber uns<\/a><\/td><td class=\"has-text-align-center\" data-align=\"center\"><a href=\"https:\/\/www.foerderkreis-christenberg.de\/index.php\/kontakt\/\" data-type=\"page\" data-id=\"141\">Kontakt &#8211; Anfahrt<\/a><\/td><\/tr><tr><td class=\"has-text-align-center\" data-align=\"center\"><a href=\"https:\/\/www.foerderkreis-christenberg.de\/index.php\/publikationen\/\" data-type=\"page\" data-id=\"59\">Publikationen<\/a><\/td><td class=\"has-text-align-center\" data-align=\"center\"><a href=\"https:\/\/www.foerderkreis-christenberg.de\/index.php\/beitrittundspenden\/\" data-type=\"page\" data-id=\"71\">Beitritt &#8211; Spenden<\/a><\/td><\/tr><tr><td class=\"has-text-align-center\" data-align=\"center\"><a href=\"https:\/\/www.foerderkreis-christenberg.de\/\" data-type=\"page\" data-id=\"8\">Startseite<\/a><\/td><td class=\"has-text-align-center\" data-align=\"center\"><a href=\"https:\/\/www.foerderkreis-christenberg.de\/index.php\/kurzinfo\/\" data-type=\"page\" data-id=\"1051\">Kurz und b\u00fcndig<\/a><\/td><\/tr><\/tbody><\/table><\/figure>\n<\/div>\n","protected":false},"excerpt":{"rendered":"<p>Gern f\u00fchren wir Sie auf dem Christenberg zu den sch\u00f6nsten Aussichten, historischen Pl\u00e4tzen und arch\u00e4ologischen Ausgrabungsst\u00e4tten. Die F\u00fchrungen werden individuell mit den G\u00e4sten abgestimmt und dauern eine bis anderthalb Stunden. Und wenn bei sehr gro\u00dfem Interesse zwei oder zweieinhalb Stunden daraus werden, sind wir auch hier gro\u00dfz\u00fcgig. Kosten f\u00fcr eine F\u00fchrung: An zwei festen Terminen [&hellip;]<\/p>\n","protected":false},"author":2,"featured_media":0,"parent":0,"menu_order":4,"comment_status":"closed","ping_status":"closed","template":"","meta":{"footnotes":""},"class_list":["post-66","page","type-page","status-publish","hentry"],"jetpack_sharing_enabled":true,"_links":{"self":[{"href":"https:\/\/www.foerderkreis-christenberg.de\/index.php\/wp-json\/wp\/v2\/pages\/66","targetHints":{"allow":["GET"]}}],"collection":[{"href":"https:\/\/www.foerderkreis-christenberg.de\/index.php\/wp-json\/wp\/v2\/pages"}],"about":[{"href":"https:\/\/www.foerderkreis-christenberg.de\/index.php\/wp-json\/wp\/v2\/types\/page"}],"author":[{"embeddable":true,"href":"https:\/\/www.foerderkreis-christenberg.de\/index.php\/wp-json\/wp\/v2\/users\/2"}],"replies":[{"embeddable":true,"href":"https:\/\/www.foerderkreis-christenberg.de\/index.php\/wp-json\/wp\/v2\/comments?post=66"}],"version-history":[{"count":17,"href":"https:\/\/www.foerderkreis-christenberg.de\/index.php\/wp-json\/wp\/v2\/pages\/66\/revisions"}],"predecessor-version":[{"id":2069,"href":"https:\/\/www.foerderkreis-christenberg.de\/index.php\/wp-json\/wp\/v2\/pages\/66\/revisions\/2069"}],"wp:attachment":[{"href":"https:\/\/www.foerderkreis-christenberg.de\/index.php\/wp-json\/wp\/v2\/media?parent=66"}],"curies":[{"name":"wp","href":"https:\/\/api.w.org\/{rel}","templated":true}]}}