{"id":39,"date":"2011-07-04T14:49:37","date_gmt":"2011-07-04T12:49:37","guid":{"rendered":"http:\/\/www.foerderkreis-christenberg.de\/index.php\/aktivitaeten\/"},"modified":"2026-04-17T08:48:32","modified_gmt":"2026-04-17T06:48:32","slug":"aktivitaeten","status":"publish","type":"page","link":"https:\/\/www.foerderkreis-christenberg.de\/index.php\/aktivitaeten\/","title":{"rendered":"Aktiv unterwegs"},"content":{"rendered":"\n<figure class=\"wp-block-image size-full is-resized has-custom-border\"><img loading=\"lazy\" decoding=\"async\" width=\"612\" height=\"459\" src=\"https:\/\/www.foerderkreis-christenberg.de\/wp-content\/uploads\/2026\/02\/Wanderzeug2-1.jpg\" alt=\"\" class=\"wp-image-2249\" style=\"border-radius:20px;box-shadow:var(--wp--preset--shadow--natural);width:645px;height:auto\" srcset=\"https:\/\/www.foerderkreis-christenberg.de\/wp-content\/uploads\/2026\/02\/Wanderzeug2-1.jpg 612w, https:\/\/www.foerderkreis-christenberg.de\/wp-content\/uploads\/2026\/02\/Wanderzeug2-1-300x225.jpg 300w\" sizes=\"auto, (max-width: 612px) 100vw, 612px\" \/><\/figure>\n\n\n\n<div class=\"wp-block-group has-base-background-color has-background has-global-padding is-layout-constrained wp-container-core-group-is-layout-9e9be3cb wp-block-group-is-layout-constrained\" style=\"border-radius:10px;padding-top:var(--wp--preset--spacing--20);padding-right:var(--wp--preset--spacing--20);padding-bottom:var(--wp--preset--spacing--20);padding-left:var(--wp--preset--spacing--20);box-shadow:var(--wp--preset--shadow--natural)\">\n<div class=\"wp-block-group has-global-padding is-layout-constrained wp-container-core-group-is-layout-9e9be3cb wp-block-group-is-layout-constrained\" style=\"border-radius:10px;padding-top:var(--wp--preset--spacing--20);padding-right:var(--wp--preset--spacing--20);padding-bottom:var(--wp--preset--spacing--20);padding-left:var(--wp--preset--spacing--20);box-shadow:var(--wp--preset--shadow--natural)\">\n<div class=\"wp-block-group has-global-padding is-layout-constrained wp-block-group-is-layout-constrained\" style=\"border-radius:10px;box-shadow:var(--wp--preset--shadow--natural)\">\n<p>Rund um den Christenberg bieten sich zahlreiche M\u00f6glichkeiten, in der Natur aktiv zu sein.<\/p>\n\n\n\n<p>Wandern, Radfahren und Reiten sind dabei besonders beliebt. Gut markierte Wege f\u00fchren durch Feld und Flur.<\/p>\n<\/div>\n\n\n\n<div class=\"wp-block-group has-global-padding is-layout-constrained wp-container-core-group-is-layout-9e9be3cb wp-block-group-is-layout-constrained\" style=\"border-radius:10px;padding-top:var(--wp--preset--spacing--20);padding-right:var(--wp--preset--spacing--20);padding-bottom:var(--wp--preset--spacing--20);padding-left:var(--wp--preset--spacing--20);box-shadow:var(--wp--preset--shadow--natural)\">\n<figure class=\"wp-block-gallery has-nested-images columns-default is-cropped has-accent-2-background-color has-background wp-block-gallery-1 is-layout-flex wp-block-gallery-is-layout-flex\" style=\"border-width:1px;border-radius:10px;padding-top:var(--wp--preset--spacing--20);padding-right:var(--wp--preset--spacing--20);padding-bottom:var(--wp--preset--spacing--20);padding-left:var(--wp--preset--spacing--20)\">\n<figure data-wp-context=\"{&quot;imageId&quot;:&quot;69f4b20ba5fbb&quot;}\" data-wp-interactive=\"core\/image\" data-wp-key=\"69f4b20ba5fbb\" class=\"wp-block-image size-large wp-lightbox-container\"><img loading=\"lazy\" decoding=\"async\" width=\"336\" height=\"448\" data-wp-class--hide=\"state.isContentHidden\" data-wp-class--show=\"state.isContentVisible\" data-wp-init=\"callbacks.setButtonStyles\" data-wp-on--click=\"actions.showLightbox\" data-wp-on--load=\"callbacks.setButtonStyles\" data-wp-on-window--resize=\"callbacks.setButtonStyles\" data-id=\"36\" src=\"https:\/\/www.foerderkreis-christenberg.de\/wp-content\/uploads\/2011\/07\/markierung1.jpg\" alt=\"markierung 1\" class=\"wp-image-36\" srcset=\"https:\/\/www.foerderkreis-christenberg.de\/wp-content\/uploads\/2011\/07\/markierung1.jpg 336w, https:\/\/www.foerderkreis-christenberg.de\/wp-content\/uploads\/2011\/07\/markierung1-225x300.jpg 225w\" sizes=\"auto, (max-width: 336px) 100vw, 336px\" \/><button\n\t\t\tclass=\"lightbox-trigger\"\n\t\t\ttype=\"button\"\n\t\t\taria-haspopup=\"dialog\"\n\t\t\taria-label=\"Vergr\u00f6\u00dfern\"\n\t\t\tdata-wp-init=\"callbacks.initTriggerButton\"\n\t\t\tdata-wp-on--click=\"actions.showLightbox\"\n\t\t\tdata-wp-style--right=\"state.imageButtonRight\"\n\t\t\tdata-wp-style--top=\"state.imageButtonTop\"\n\t\t>\n\t\t\t<svg xmlns=\"http:\/\/www.w3.org\/2000\/svg\" width=\"12\" height=\"12\" fill=\"none\" viewBox=\"0 0 12 12\">\n\t\t\t\t<path fill=\"#fff\" d=\"M2 0a2 2 0 0 0-2 2v2h1.5V2a.5.5 0 0 1 .5-.5h2V0H2Zm2 10.5H2a.5.5 0 0 1-.5-.5V8H0v2a2 2 0 0 0 2 2h2v-1.5ZM8 12v-1.5h2a.5.5 0 0 0 .5-.5V8H12v2a2 2 0 0 1-2 2H8Zm2-12a2 2 0 0 1 2 2v2h-1.5V2a.5.5 0 0 0-.5-.5H8V0h2Z\" \/>\n\t\t\t<\/svg>\n\t\t<\/button><figcaption class=\"wp-element-caption\">Baum mir Markierung<\/figcaption><\/figure>\n\n\n\n<figure data-wp-context=\"{&quot;imageId&quot;:&quot;69f4b20ba6bc7&quot;}\" data-wp-interactive=\"core\/image\" data-wp-key=\"69f4b20ba6bc7\" class=\"wp-block-image size-large wp-lightbox-container\"><img loading=\"lazy\" decoding=\"async\" width=\"448\" height=\"300\" data-wp-class--hide=\"state.isContentHidden\" data-wp-class--show=\"state.isContentVisible\" data-wp-init=\"callbacks.setButtonStyles\" data-wp-on--click=\"actions.showLightbox\" data-wp-on--load=\"callbacks.setButtonStyles\" data-wp-on-window--resize=\"callbacks.setButtonStyles\" data-id=\"37\" src=\"https:\/\/www.foerderkreis-christenberg.de\/wp-content\/uploads\/2011\/07\/reiten.jpg\" alt=\"reiten\" class=\"wp-image-37\" srcset=\"https:\/\/www.foerderkreis-christenberg.de\/wp-content\/uploads\/2011\/07\/reiten.jpg 448w, https:\/\/www.foerderkreis-christenberg.de\/wp-content\/uploads\/2011\/07\/reiten-300x201.jpg 300w\" sizes=\"auto, (max-width: 448px) 100vw, 448px\" \/><button\n\t\t\tclass=\"lightbox-trigger\"\n\t\t\ttype=\"button\"\n\t\t\taria-haspopup=\"dialog\"\n\t\t\taria-label=\"Vergr\u00f6\u00dfern\"\n\t\t\tdata-wp-init=\"callbacks.initTriggerButton\"\n\t\t\tdata-wp-on--click=\"actions.showLightbox\"\n\t\t\tdata-wp-style--right=\"state.imageButtonRight\"\n\t\t\tdata-wp-style--top=\"state.imageButtonTop\"\n\t\t>\n\t\t\t<svg xmlns=\"http:\/\/www.w3.org\/2000\/svg\" width=\"12\" height=\"12\" fill=\"none\" viewBox=\"0 0 12 12\">\n\t\t\t\t<path fill=\"#fff\" d=\"M2 0a2 2 0 0 0-2 2v2h1.5V2a.5.5 0 0 1 .5-.5h2V0H2Zm2 10.5H2a.5.5 0 0 1-.5-.5V8H0v2a2 2 0 0 0 2 2h2v-1.5ZM8 12v-1.5h2a.5.5 0 0 0 .5-.5V8H12v2a2 2 0 0 1-2 2H8Zm2-12a2 2 0 0 1 2 2v2h-1.5V2a.5.5 0 0 0-.5-.5H8V0h2Z\" \/>\n\t\t\t<\/svg>\n\t\t<\/button><figcaption class=\"wp-element-caption\">Pferde-Rastplatz<\/figcaption><\/figure>\n\n\n\n<figure data-wp-context=\"{&quot;imageId&quot;:&quot;69f4b20ba762c&quot;}\" data-wp-interactive=\"core\/image\" data-wp-key=\"69f4b20ba762c\" class=\"wp-block-image size-large wp-lightbox-container\"><img loading=\"lazy\" decoding=\"async\" width=\"336\" height=\"407\" data-wp-class--hide=\"state.isContentHidden\" data-wp-class--show=\"state.isContentVisible\" data-wp-init=\"callbacks.setButtonStyles\" data-wp-on--click=\"actions.showLightbox\" data-wp-on--load=\"callbacks.setButtonStyles\" data-wp-on-window--resize=\"callbacks.setButtonStyles\" data-id=\"38\" src=\"https:\/\/www.foerderkreis-christenberg.de\/wp-content\/uploads\/2011\/07\/steinmaus.jpg\" alt=\"steinmaus\" class=\"wp-image-38\" srcset=\"https:\/\/www.foerderkreis-christenberg.de\/wp-content\/uploads\/2011\/07\/steinmaus.jpg 336w, https:\/\/www.foerderkreis-christenberg.de\/wp-content\/uploads\/2011\/07\/steinmaus-248x300.jpg 248w\" sizes=\"auto, (max-width: 336px) 100vw, 336px\" \/><button\n\t\t\tclass=\"lightbox-trigger\"\n\t\t\ttype=\"button\"\n\t\t\taria-haspopup=\"dialog\"\n\t\t\taria-label=\"Vergr\u00f6\u00dfern\"\n\t\t\tdata-wp-init=\"callbacks.initTriggerButton\"\n\t\t\tdata-wp-on--click=\"actions.showLightbox\"\n\t\t\tdata-wp-style--right=\"state.imageButtonRight\"\n\t\t\tdata-wp-style--top=\"state.imageButtonTop\"\n\t\t>\n\t\t\t<svg xmlns=\"http:\/\/www.w3.org\/2000\/svg\" width=\"12\" height=\"12\" fill=\"none\" viewBox=\"0 0 12 12\">\n\t\t\t\t<path fill=\"#fff\" d=\"M2 0a2 2 0 0 0-2 2v2h1.5V2a.5.5 0 0 1 .5-.5h2V0H2Zm2 10.5H2a.5.5 0 0 1-.5-.5V8H0v2a2 2 0 0 0 2 2h2v-1.5ZM8 12v-1.5h2a.5.5 0 0 0 .5-.5V8H12v2a2 2 0 0 1-2 2H8Zm2-12a2 2 0 0 1 2 2v2h-1.5V2a.5.5 0 0 0-.5-.5H8V0h2Z\" \/>\n\t\t\t<\/svg>\n\t\t<\/button><figcaption class=\"wp-element-caption\">Die Steinmaus<\/figcaption><\/figure>\n\n\n\n<figure data-wp-context=\"{&quot;imageId&quot;:&quot;69f4b20ba7fee&quot;}\" data-wp-interactive=\"core\/image\" data-wp-key=\"69f4b20ba7fee\" class=\"wp-block-image size-large wp-lightbox-container\"><img loading=\"lazy\" decoding=\"async\" width=\"336\" height=\"448\" data-wp-class--hide=\"state.isContentHidden\" data-wp-class--show=\"state.isContentVisible\" data-wp-init=\"callbacks.setButtonStyles\" data-wp-on--click=\"actions.showLightbox\" data-wp-on--load=\"callbacks.setButtonStyles\" data-wp-on-window--resize=\"callbacks.setButtonStyles\" data-id=\"32\" src=\"https:\/\/www.foerderkreis-christenberg.de\/wp-content\/uploads\/2011\/07\/markierung.jpg\" alt=\"markierung\" class=\"wp-image-32\" srcset=\"https:\/\/www.foerderkreis-christenberg.de\/wp-content\/uploads\/2011\/07\/markierung.jpg 336w, https:\/\/www.foerderkreis-christenberg.de\/wp-content\/uploads\/2011\/07\/markierung-225x300.jpg 225w\" sizes=\"auto, (max-width: 336px) 100vw, 336px\" \/><button\n\t\t\tclass=\"lightbox-trigger\"\n\t\t\ttype=\"button\"\n\t\t\taria-haspopup=\"dialog\"\n\t\t\taria-label=\"Vergr\u00f6\u00dfern\"\n\t\t\tdata-wp-init=\"callbacks.initTriggerButton\"\n\t\t\tdata-wp-on--click=\"actions.showLightbox\"\n\t\t\tdata-wp-style--right=\"state.imageButtonRight\"\n\t\t\tdata-wp-style--top=\"state.imageButtonTop\"\n\t\t>\n\t\t\t<svg xmlns=\"http:\/\/www.w3.org\/2000\/svg\" width=\"12\" height=\"12\" fill=\"none\" viewBox=\"0 0 12 12\">\n\t\t\t\t<path fill=\"#fff\" d=\"M2 0a2 2 0 0 0-2 2v2h1.5V2a.5.5 0 0 1 .5-.5h2V0H2Zm2 10.5H2a.5.5 0 0 1-.5-.5V8H0v2a2 2 0 0 0 2 2h2v-1.5ZM8 12v-1.5h2a.5.5 0 0 0 .5-.5V8H12v2a2 2 0 0 1-2 2H8Zm2-12a2 2 0 0 1 2 2v2h-1.5V2a.5.5 0 0 0-.5-.5H8V0h2Z\" \/>\n\t\t\t<\/svg>\n\t\t<\/button><figcaption class=\"wp-element-caption\">Wegmarkierung<\/figcaption><\/figure>\n\n\n\n<figure data-wp-context=\"{&quot;imageId&quot;:&quot;69f4b20ba89f3&quot;}\" data-wp-interactive=\"core\/image\" data-wp-key=\"69f4b20ba89f3\" class=\"wp-block-image size-large wp-lightbox-container\"><img loading=\"lazy\" decoding=\"async\" width=\"448\" height=\"336\" data-wp-class--hide=\"state.isContentHidden\" data-wp-class--show=\"state.isContentVisible\" data-wp-init=\"callbacks.setButtonStyles\" data-wp-on--click=\"actions.showLightbox\" data-wp-on--load=\"callbacks.setButtonStyles\" data-wp-on-window--resize=\"callbacks.setButtonStyles\" data-id=\"27\" src=\"https:\/\/www.foerderkreis-christenberg.de\/wp-content\/uploads\/2011\/07\/spiegelteich2.jpg\" alt=\"Liebespaarstein am Spiegelteich unterhalb des Christenberges\" class=\"wp-image-27\" srcset=\"https:\/\/www.foerderkreis-christenberg.de\/wp-content\/uploads\/2011\/07\/spiegelteich2.jpg 448w, https:\/\/www.foerderkreis-christenberg.de\/wp-content\/uploads\/2011\/07\/spiegelteich2-300x225.jpg 300w\" sizes=\"auto, (max-width: 448px) 100vw, 448px\" \/><button\n\t\t\tclass=\"lightbox-trigger\"\n\t\t\ttype=\"button\"\n\t\t\taria-haspopup=\"dialog\"\n\t\t\taria-label=\"Vergr\u00f6\u00dfern\"\n\t\t\tdata-wp-init=\"callbacks.initTriggerButton\"\n\t\t\tdata-wp-on--click=\"actions.showLightbox\"\n\t\t\tdata-wp-style--right=\"state.imageButtonRight\"\n\t\t\tdata-wp-style--top=\"state.imageButtonTop\"\n\t\t>\n\t\t\t<svg xmlns=\"http:\/\/www.w3.org\/2000\/svg\" width=\"12\" height=\"12\" fill=\"none\" viewBox=\"0 0 12 12\">\n\t\t\t\t<path fill=\"#fff\" d=\"M2 0a2 2 0 0 0-2 2v2h1.5V2a.5.5 0 0 1 .5-.5h2V0H2Zm2 10.5H2a.5.5 0 0 1-.5-.5V8H0v2a2 2 0 0 0 2 2h2v-1.5ZM8 12v-1.5h2a.5.5 0 0 0 .5-.5V8H12v2a2 2 0 0 1-2 2H8Zm2-12a2 2 0 0 1 2 2v2h-1.5V2a.5.5 0 0 0-.5-.5H8V0h2Z\" \/>\n\t\t\t<\/svg>\n\t\t<\/button><figcaption class=\"wp-element-caption\">Liebespaarstein am Spiegelteich<\/figcaption><\/figure>\n\n\n\n<figure data-wp-context=\"{&quot;imageId&quot;:&quot;69f4b20ba9463&quot;}\" data-wp-interactive=\"core\/image\" data-wp-key=\"69f4b20ba9463\" class=\"wp-block-image size-large wp-lightbox-container\"><img loading=\"lazy\" decoding=\"async\" width=\"448\" height=\"336\" data-wp-class--hide=\"state.isContentHidden\" data-wp-class--show=\"state.isContentVisible\" data-wp-init=\"callbacks.setButtonStyles\" data-wp-on--click=\"actions.showLightbox\" data-wp-on--load=\"callbacks.setButtonStyles\" data-wp-on-window--resize=\"callbacks.setButtonStyles\" data-id=\"25\" src=\"https:\/\/www.foerderkreis-christenberg.de\/wp-content\/uploads\/2011\/07\/christenberg1.JPG\" alt=\"christenberg\" class=\"wp-image-25\" srcset=\"https:\/\/www.foerderkreis-christenberg.de\/wp-content\/uploads\/2011\/07\/christenberg1.JPG 448w, https:\/\/www.foerderkreis-christenberg.de\/wp-content\/uploads\/2011\/07\/christenberg1-300x225.jpg 300w\" sizes=\"auto, (max-width: 448px) 100vw, 448px\" \/><button\n\t\t\tclass=\"lightbox-trigger\"\n\t\t\ttype=\"button\"\n\t\t\taria-haspopup=\"dialog\"\n\t\t\taria-label=\"Vergr\u00f6\u00dfern\"\n\t\t\tdata-wp-init=\"callbacks.initTriggerButton\"\n\t\t\tdata-wp-on--click=\"actions.showLightbox\"\n\t\t\tdata-wp-style--right=\"state.imageButtonRight\"\n\t\t\tdata-wp-style--top=\"state.imageButtonTop\"\n\t\t>\n\t\t\t<svg xmlns=\"http:\/\/www.w3.org\/2000\/svg\" width=\"12\" height=\"12\" fill=\"none\" viewBox=\"0 0 12 12\">\n\t\t\t\t<path fill=\"#fff\" d=\"M2 0a2 2 0 0 0-2 2v2h1.5V2a.5.5 0 0 1 .5-.5h2V0H2Zm2 10.5H2a.5.5 0 0 1-.5-.5V8H0v2a2 2 0 0 0 2 2h2v-1.5ZM8 12v-1.5h2a.5.5 0 0 0 .5-.5V8H12v2a2 2 0 0 1-2 2H8Zm2-12a2 2 0 0 1 2 2v2h-1.5V2a.5.5 0 0 0-.5-.5H8V0h2Z\" \/>\n\t\t\t<\/svg>\n\t\t<\/button><figcaption class=\"wp-element-caption\">Blick nach Westen<\/figcaption><\/figure>\n<\/figure>\n\n\n\n<p class=\"has-accent-2-background-color has-background\" style=\"border-radius:10px;padding-top:var(--wp--preset--spacing--20);padding-right:var(--wp--preset--spacing--20);padding-bottom:var(--wp--preset--spacing--20);padding-left:var(--wp--preset--spacing--20)\">Auch die Pferde haben ihren eigenen Parkplatz auf dem Christenberg. Zeit zum Verschnaufen und Haferfuttern. Der aus dem Boden hochragende Felsen in Mausform steht am Wanderpfad, der s\u00fcdlich unterhalb des Christenberges verl\u00e4uft. Der Pfad ist auch Teil des Meditationsweges. &#8211; Der sogenannte Liebespaarstein am Spiegelteich tr\u00e4gt unter der Jahreszahl 1900 die Initialen CB + IK und ein Herz. Der Legende nach hat hier ein Liebespaar, das nicht heiraten durfte, im Wasser den Freitod gesucht. &#8211; Die Aussicht von der Terasse der Waldgastst\u00e4tte geht weit nach Westen.<\/p>\n<\/div>\n<\/div>\n\n\n\n<div class=\"wp-block-group has-global-padding is-layout-constrained wp-container-core-group-is-layout-9e9be3cb wp-block-group-is-layout-constrained\" style=\"border-width:1px;border-radius:10px;padding-top:var(--wp--preset--spacing--20);padding-right:var(--wp--preset--spacing--20);padding-bottom:var(--wp--preset--spacing--20);padding-left:var(--wp--preset--spacing--20);box-shadow:var(--wp--preset--shadow--natural)\">\n<p>Die Markierungen weisen den Weg zum Burgwaldpfad und zur Extratour. Auf dem Christenberg kreuzen sich die Wanderwege <strong>X1<\/strong>, <strong>X9<\/strong> ud <strong>X13<\/strong>.<\/p>\n\n\n\n<ul style=\"border-radius:10px\" class=\"wp-block-list is-style-default has-accent-2-background-color has-background\">\n<li>Der <strong>Studentenpfad X13<\/strong> verbindet die Universita\u0308tssta\u0308dte Gie\u00dfen und Go\u0308ttingen auf einer Strecke von rund 245 Kilometern.<\/li>\n\n\n\n<li>Der <strong>Wartburgpfad X9<\/strong> verbindet Hatzfeld und Eisenach auf einer Strecke von rund 215 Kilometern.<\/li>\n\n\n\n<li>Der <strong>Sternweg X1<\/strong> verbindet Paderborn und den Vogelsberg auf einer Strecke von rund 180 Kilometern.<br><\/li>\n<\/ul>\n<\/div>\n<\/div>\n\n\n\n<div class=\"wp-block-group has-base-background-color has-background has-global-padding is-layout-constrained wp-container-core-group-is-layout-c06d165c wp-block-group-is-layout-constrained\" style=\"border-radius:10px;padding-top:0;padding-right:0;padding-bottom:0;padding-left:0;box-shadow:var(--wp--preset--shadow--natural)\">\n<figure class=\"wp-block-table is-style-regular has-medium-font-size\" style=\"margin-top:var(--wp--preset--spacing--30);margin-right:0;margin-bottom:var(--wp--preset--spacing--30);margin-left:0;padding-top:var(--wp--preset--spacing--20);padding-right:var(--wp--preset--spacing--20);padding-bottom:var(--wp--preset--spacing--20);padding-left:var(--wp--preset--spacing--20)\"><table class=\"has-accent-2-color has-contrast-background-color has-text-color has-background has-link-color has-fixed-layout\" style=\"border-width:4px\"><tbody><tr><td class=\"has-text-align-center\" data-align=\"center\"><a href=\"https:\/\/www.foerderkreis-christenberg.de\/index.php\/wege-zum-christenberg\/hugenotten-und-waldenserpfad\/\" data-type=\"page\" data-id=\"70\">Hugenotten und Waldenser<\/a><\/td><td class=\"has-text-align-center\" data-align=\"center\"><a href=\"https:\/\/www.foerderkreis-christenberg.de\/index.php\/wege-zum-christenberg\/martinskulturweg\/\" data-type=\"page\" data-id=\"68\">Martins-Kulturweg<\/a><\/td><\/tr><tr><td class=\"has-text-align-center\" data-align=\"center\"><a href=\"https:\/\/www.foerderkreis-christenberg.de\/index.php\/wege-zum-christenberg\/meditationsweg-perlen-des-glaubens\/\" data-type=\"page\" data-id=\"465\">Meditationsweg<\/a><\/td><td class=\"has-text-align-center\" data-align=\"center\"><a href=\"https:\/\/www.foerderkreis-christenberg.de\/index.php\/wege-zum-christenberg\/\" data-type=\"page\" data-id=\"31\">Wege zum Christenberg<\/a><\/td><\/tr><tr><td class=\"has-text-align-center\" data-align=\"center\"><a href=\"https:\/\/www.foerderkreis-christenberg.de\/index.php\/aktivitaeten\/radfahren-und-rasten\/\" data-type=\"page\" data-id=\"35\">Radfahren und Rasten<\/a><\/td><td class=\"has-text-align-center\" data-align=\"center\"><a href=\"https:\/\/www.foerderkreis-christenberg.de\/index.php\/aktivitaeten\/wandern-und-rasten\/\" data-type=\"page\" data-id=\"33\">Wandern und Rasten<\/a><\/td><\/tr><\/tbody><\/table><\/figure>\n<\/div>\n","protected":false},"excerpt":{"rendered":"<p>Rund um den Christenberg bieten sich zahlreiche M\u00f6glichkeiten, in der Natur aktiv zu sein. Wandern, Radfahren und Reiten sind dabei besonders beliebt. Gut markierte Wege f\u00fchren durch Feld und Flur. Auch die Pferde haben ihren eigenen Parkplatz auf dem Christenberg. Zeit zum Verschnaufen und Haferfuttern. Der aus dem Boden hochragende Felsen in Mausform steht am [&hellip;]<\/p>\n","protected":false},"author":2,"featured_media":0,"parent":0,"menu_order":60,"comment_status":"closed","ping_status":"closed","template":"","meta":{"footnotes":""},"class_list":["post-39","page","type-page","status-publish","hentry"],"jetpack_sharing_enabled":true,"_links":{"self":[{"href":"https:\/\/www.foerderkreis-christenberg.de\/index.php\/wp-json\/wp\/v2\/pages\/39","targetHints":{"allow":["GET"]}}],"collection":[{"href":"https:\/\/www.foerderkreis-christenberg.de\/index.php\/wp-json\/wp\/v2\/pages"}],"about":[{"href":"https:\/\/www.foerderkreis-christenberg.de\/index.php\/wp-json\/wp\/v2\/types\/page"}],"author":[{"embeddable":true,"href":"https:\/\/www.foerderkreis-christenberg.de\/index.php\/wp-json\/wp\/v2\/users\/2"}],"replies":[{"embeddable":true,"href":"https:\/\/www.foerderkreis-christenberg.de\/index.php\/wp-json\/wp\/v2\/comments?post=39"}],"version-history":[{"count":27,"href":"https:\/\/www.foerderkreis-christenberg.de\/index.php\/wp-json\/wp\/v2\/pages\/39\/revisions"}],"predecessor-version":[{"id":2570,"href":"https:\/\/www.foerderkreis-christenberg.de\/index.php\/wp-json\/wp\/v2\/pages\/39\/revisions\/2570"}],"wp:attachment":[{"href":"https:\/\/www.foerderkreis-christenberg.de\/index.php\/wp-json\/wp\/v2\/media?parent=39"}],"curies":[{"name":"wp","href":"https:\/\/api.w.org\/{rel}","templated":true}]}}