{"id":33,"date":"2011-07-04T14:39:13","date_gmt":"2011-07-04T12:39:13","guid":{"rendered":"http:\/\/www.foerderkreis-christenberg.de\/index.php\/wandern-und-rasten\/"},"modified":"2026-02-16T22:34:12","modified_gmt":"2026-02-16T21:34:12","slug":"wandern-und-rasten","status":"publish","type":"page","link":"https:\/\/www.foerderkreis-christenberg.de\/index.php\/aktivitaeten\/wandern-und-rasten\/","title":{"rendered":"Wandern und Rasten"},"content":{"rendered":"\n<figure class=\"wp-block-image size-full has-custom-border\"><img loading=\"lazy\" decoding=\"async\" width=\"1024\" height=\"685\" src=\"https:\/\/www.foerderkreis-christenberg.de\/wp-content\/uploads\/2026\/02\/Pferde.png\" alt=\"\" class=\"wp-image-2256\" style=\"border-radius:20px;box-shadow:var(--wp--preset--shadow--natural)\" srcset=\"https:\/\/www.foerderkreis-christenberg.de\/wp-content\/uploads\/2026\/02\/Pferde.png 1024w, https:\/\/www.foerderkreis-christenberg.de\/wp-content\/uploads\/2026\/02\/Pferde-300x201.png 300w, https:\/\/www.foerderkreis-christenberg.de\/wp-content\/uploads\/2026\/02\/Pferde-768x514.png 768w\" sizes=\"auto, (max-width: 1024px) 100vw, 1024px\" \/><\/figure>\n\n\n\n<div class=\"wp-block-group has-base-background-color has-background has-global-padding is-layout-constrained wp-container-core-group-is-layout-9e9be3cb wp-block-group-is-layout-constrained\" style=\"border-radius:10px;padding-top:var(--wp--preset--spacing--20);padding-right:var(--wp--preset--spacing--20);padding-bottom:var(--wp--preset--spacing--20);padding-left:var(--wp--preset--spacing--20);box-shadow:var(--wp--preset--shadow--natural)\">\n<div class=\"wp-block-group has-global-padding is-layout-constrained wp-container-core-group-is-layout-9e9be3cb wp-block-group-is-layout-constrained\" style=\"border-radius:10px;padding-top:var(--wp--preset--spacing--20);padding-right:var(--wp--preset--spacing--20);padding-bottom:var(--wp--preset--spacing--20);padding-left:var(--wp--preset--spacing--20);box-shadow:var(--wp--preset--shadow--natural)\">\n<p style=\"padding-top:0;padding-right:0;padding-bottom:0;padding-left:0\">Der Christenberg, am westlichen Rand des Burgwaldes gelegen, ist ein Kreuzungspunkt wichtiger \u00fcberregionaler und regionaler Wanderwege.<\/p>\n\n\n\n<p class=\"has-accent-2-background-color has-background\" style=\"border-radius:10px;padding-top:var(--wp--preset--spacing--20);padding-right:var(--wp--preset--spacing--20);padding-bottom:var(--wp--preset--spacing--20);padding-left:var(--wp--preset--spacing--20)\">Der von Westen nach Osten verlaufende&nbsp;<strong>Wartburgpfad X9<\/strong>, der von S\u00fcden nach Norden verlaufende internationale&nbsp;<strong>Hugenotten- und Waldenserpfad<\/strong> (blauer Punkt auf wei\u00dfem Grund) sowie die zertifizierte&nbsp;<strong>Traumroute Burgwaldpfad<\/strong>&nbsp;(rotes&nbsp;B&nbsp;auf wei\u00dfem Grund) treffen sich auf diesem H\u00f6henplateau.<\/p>\n\n\n\n<p class=\"has-accent-2-background-color has-background\" style=\"border-radius:10px;padding-top:var(--wp--preset--spacing--20);padding-right:var(--wp--preset--spacing--20);padding-bottom:var(--wp--preset--spacing--20);padding-left:var(--wp--preset--spacing--20)\">Die&nbsp;<strong>Extratour Christenberg<\/strong>&nbsp;(rotes&nbsp;C&nbsp;auf wei\u00dfem Grund) ist ein zertifizierter Premiumrundwanderweg. Er verbindet den Christenberg mit der Burg Mellnau \u00fcber das Naturschutzgebiet Christenberger Grund mit seinen Wollgrasfl\u00e4chen. Der Weg wurde 2004 als sch\u00f6nster Wanderweg Deutschlands ausgezeichnet.<\/p>\n<\/div>\n\n\n\n<figure class=\"wp-block-gallery has-nested-images columns-default is-cropped has-accent-2-background-color has-background wp-block-gallery-1 is-layout-flex wp-block-gallery-is-layout-flex\" style=\"border-width:1px;border-radius:10px;padding-top:var(--wp--preset--spacing--20);padding-right:var(--wp--preset--spacing--20);padding-bottom:var(--wp--preset--spacing--20);padding-left:var(--wp--preset--spacing--20)\">\n<figure class=\"wp-block-image size-large\"><img loading=\"lazy\" decoding=\"async\" width=\"336\" height=\"448\" data-id=\"32\" src=\"https:\/\/www.foerderkreis-christenberg.de\/wp-content\/uploads\/2011\/07\/markierung.jpg\" alt=\"markierung\" class=\"wp-image-32\" srcset=\"https:\/\/www.foerderkreis-christenberg.de\/wp-content\/uploads\/2011\/07\/markierung.jpg 336w, https:\/\/www.foerderkreis-christenberg.de\/wp-content\/uploads\/2011\/07\/markierung-225x300.jpg 225w\" sizes=\"auto, (max-width: 336px) 100vw, 336px\" \/><figcaption class=\"wp-element-caption\">Wegmarkierung<\/figcaption><\/figure>\n\n\n\n<figure class=\"wp-block-image size-large\"><img loading=\"lazy\" decoding=\"async\" width=\"768\" height=\"1024\" data-id=\"282\" src=\"https:\/\/www.foerderkreis-christenberg.de\/wp-content\/uploads\/2018\/06\/CIMG8821-768x1024.jpg\" alt=\"Spiegelteich unterhalb des Christenberges\" class=\"wp-image-282\" srcset=\"https:\/\/www.foerderkreis-christenberg.de\/wp-content\/uploads\/2018\/06\/CIMG8821-768x1024.jpg 768w, https:\/\/www.foerderkreis-christenberg.de\/wp-content\/uploads\/2018\/06\/CIMG8821-225x300.jpg 225w, https:\/\/www.foerderkreis-christenberg.de\/wp-content\/uploads\/2018\/06\/CIMG8821.jpg 1200w\" sizes=\"auto, (max-width: 768px) 100vw, 768px\" \/><figcaption class=\"wp-element-caption\">Am Spiegelteich<\/figcaption><\/figure>\n\n\n\n<figure class=\"wp-block-image size-large\"><a href=\"https:\/\/www.foerderkreis-christenberg.de\/wp-content\/uploads\/2020\/02\/Christenberg-014.jpg\" target=\"_blank\" rel=\" noreferrer noopener\"><img loading=\"lazy\" decoding=\"async\" width=\"1024\" height=\"768\" data-id=\"421\" src=\"https:\/\/www.foerderkreis-christenberg.de\/wp-content\/uploads\/2020\/02\/Christenberg-014-1024x768.jpg\" alt=\"\" class=\"wp-image-421\" srcset=\"https:\/\/www.foerderkreis-christenberg.de\/wp-content\/uploads\/2020\/02\/Christenberg-014-1024x768.jpg 1024w, https:\/\/www.foerderkreis-christenberg.de\/wp-content\/uploads\/2020\/02\/Christenberg-014-300x225.jpg 300w, https:\/\/www.foerderkreis-christenberg.de\/wp-content\/uploads\/2020\/02\/Christenberg-014-768x576.jpg 768w, https:\/\/www.foerderkreis-christenberg.de\/wp-content\/uploads\/2020\/02\/Christenberg-014-1536x1152.jpg 1536w, https:\/\/www.foerderkreis-christenberg.de\/wp-content\/uploads\/2020\/02\/Christenberg-014.jpg 1600w\" sizes=\"auto, (max-width: 1024px) 100vw, 1024px\" \/><\/a><figcaption class=\"wp-element-caption\">Blick auf den Christenberg<\/figcaption><\/figure>\n<\/figure>\n\n\n\n<div class=\"wp-block-group has-global-padding is-layout-constrained wp-container-core-group-is-layout-9e9be3cb wp-block-group-is-layout-constrained\" style=\"border-radius:10px;padding-top:var(--wp--preset--spacing--20);padding-right:var(--wp--preset--spacing--20);padding-bottom:var(--wp--preset--spacing--20);padding-left:var(--wp--preset--spacing--20);box-shadow:var(--wp--preset--shadow--natural)\">\n<p class=\"has-accent-2-background-color has-background\" style=\"border-radius:10px;padding-top:var(--wp--preset--spacing--20);padding-right:var(--wp--preset--spacing--20);padding-bottom:var(--wp--preset--spacing--20);padding-left:var(--wp--preset--spacing--20)\">Die zertifizierten Premiumwanderwege im Burgwald zeichnen sich durch naturnahe Wege und einen hohen Erlebniswert aus. Dank der Markierungen am Weg k\u00f6nnen sie ohne Karte erwandert werden. Infopulte weisen vor Ort auf Natur- und Kulturbesonderheiten hin. Rastpl\u00e4tze und Ruherollen an den sch\u00f6nsten Aussichtspunkten laden zum Picknick ein. Der Christenberg ist au\u00dferdem eingebunden in die markierten Wandererlebnisschleifen zu den Hugenottenorten Hertingshausen und Schwabendorf (blauer Punkt auf wei\u00dfem Grund) und zu weiteren Premiumwanderwegen (roter Anfangsbuchstabe auf wei\u00dfem Grund) im Burgwald.<\/p>\n\n\n\n<p class=\"has-accent-2-background-color has-background\" style=\"border-radius:10px;padding-top:var(--wp--preset--spacing--20);padding-right:var(--wp--preset--spacing--20);padding-bottom:var(--wp--preset--spacing--20);padding-left:var(--wp--preset--spacing--20)\">Der Christenberg ist Ausgangspunkt dreier ausgeschilderter Nordic-Walking-Strecken unterschiedlicher Schwierigkeitsgrade. Ein beschilderter Meditationsweg \u201ePerlen des Glaubens\u201c f\u00fchrt von der Kirche im Ort M\u00fcnchhausen bis zur Martinskirche auf den Christenberg.<\/p>\n\n\n\n<p class=\"has-accent-2-background-color has-background has-link-color wp-elements-a6e5d8abc2d1df1e8f47a75de564dca7\" style=\"border-radius:10px;padding-top:var(--wp--preset--spacing--20);padding-right:var(--wp--preset--spacing--20);padding-bottom:var(--wp--preset--spacing--20);padding-left:var(--wp--preset--spacing--20)\">Vom <a href=\"http:\/\/www.waldgasthaus-christenberg.de\" target=\"_blank\" rel=\"noreferrer noopener\">Waldgasthaus Christenberg<\/a>, ausgezeichnet als Wanderbarer Qualit\u00e4tsbetrieb, k\u00f6nnen Sie vom Wintergarten und Terrasse bei sch\u00f6nem Wetter einen weiten Blick \u00fcber das Sieger- und Ederbergland bis zum Sauerland genie\u00dfen. Im nahen M\u00fcnchhausen gibt es mehrere Gastronomie- und \u00dcbernachtungsm\u00f6glichkeiten.<\/p>\n<\/div>\n<\/div>\n\n\n\n<div class=\"wp-block-group has-base-background-color has-background has-global-padding is-layout-constrained wp-container-core-group-is-layout-c06d165c wp-block-group-is-layout-constrained\" style=\"border-radius:10px;padding-top:0;padding-right:0;padding-bottom:0;padding-left:0;box-shadow:var(--wp--preset--shadow--natural)\">\n<figure class=\"wp-block-table is-style-regular has-medium-font-size\" style=\"margin-top:var(--wp--preset--spacing--30);margin-right:0;margin-bottom:var(--wp--preset--spacing--30);margin-left:0;padding-top:var(--wp--preset--spacing--20);padding-right:var(--wp--preset--spacing--20);padding-bottom:var(--wp--preset--spacing--20);padding-left:var(--wp--preset--spacing--20)\"><table class=\"has-accent-2-color has-contrast-background-color has-text-color has-background has-link-color has-fixed-layout\" style=\"border-width:4px\"><tbody><tr><td class=\"has-text-align-center\" data-align=\"center\"><a href=\"https:\/\/www.foerderkreis-christenberg.de\/index.php\/wege-zum-christenberg\/hugenotten-und-waldenserpfad\/\" data-type=\"page\" data-id=\"70\">Hugenotten und Waldenser<\/a><\/td><td class=\"has-text-align-center\" data-align=\"center\"><a href=\"https:\/\/www.foerderkreis-christenberg.de\/index.php\/wege-zum-christenberg\/martinskulturweg\/\" data-type=\"page\" data-id=\"68\">Martins-Kulturweg<\/a><\/td><\/tr><tr><td class=\"has-text-align-center\" data-align=\"center\"><a href=\"https:\/\/www.foerderkreis-christenberg.de\/index.php\/wege-zum-christenberg\/meditationsweg-perlen-des-glaubens\/\" data-type=\"page\" data-id=\"465\">Meditationsweg<\/a><\/td><td class=\"has-text-align-center\" data-align=\"center\"><a href=\"https:\/\/www.foerderkreis-christenberg.de\/index.php\/aktivitaeten\/\" data-type=\"page\" data-id=\"39\">Aktiv unterwegs<\/a><\/td><\/tr><tr><td class=\"has-text-align-center\" data-align=\"center\"><a href=\"https:\/\/www.foerderkreis-christenberg.de\/index.php\/aktivitaeten\/radfahren-und-rasten\/\" data-type=\"page\" data-id=\"35\">Radfahren und Rasten<\/a><\/td><td class=\"has-text-align-center\" data-align=\"center\"><a href=\"https:\/\/www.foerderkreis-christenberg.de\/index.php\/wir-ueber-uns\/\" data-type=\"page\" data-id=\"3\">Wir \u00fcber uns<\/a><\/td><\/tr><\/tbody><\/table><\/figure>\n<\/div>\n\n\n\n<p><\/p>\n","protected":false},"excerpt":{"rendered":"<p>Der Christenberg, am westlichen Rand des Burgwaldes gelegen, ist ein Kreuzungspunkt wichtiger \u00fcberregionaler und regionaler Wanderwege. Der von Westen nach Osten verlaufende&nbsp;Wartburgpfad X9, der von S\u00fcden nach Norden verlaufende internationale&nbsp;Hugenotten- und Waldenserpfad (blauer Punkt auf wei\u00dfem Grund) sowie die zertifizierte&nbsp;Traumroute Burgwaldpfad&nbsp;(rotes&nbsp;B&nbsp;auf wei\u00dfem Grund) treffen sich auf diesem H\u00f6henplateau. Die&nbsp;Extratour Christenberg&nbsp;(rotes&nbsp;C&nbsp;auf wei\u00dfem Grund) ist ein zertifizierter [&hellip;]<\/p>\n","protected":false},"author":2,"featured_media":0,"parent":39,"menu_order":61,"comment_status":"closed","ping_status":"closed","template":"","meta":{"footnotes":""},"class_list":["post-33","page","type-page","status-publish","hentry"],"jetpack_sharing_enabled":true,"_links":{"self":[{"href":"https:\/\/www.foerderkreis-christenberg.de\/index.php\/wp-json\/wp\/v2\/pages\/33","targetHints":{"allow":["GET"]}}],"collection":[{"href":"https:\/\/www.foerderkreis-christenberg.de\/index.php\/wp-json\/wp\/v2\/pages"}],"about":[{"href":"https:\/\/www.foerderkreis-christenberg.de\/index.php\/wp-json\/wp\/v2\/types\/page"}],"author":[{"embeddable":true,"href":"https:\/\/www.foerderkreis-christenberg.de\/index.php\/wp-json\/wp\/v2\/users\/2"}],"replies":[{"embeddable":true,"href":"https:\/\/www.foerderkreis-christenberg.de\/index.php\/wp-json\/wp\/v2\/comments?post=33"}],"version-history":[{"count":31,"href":"https:\/\/www.foerderkreis-christenberg.de\/index.php\/wp-json\/wp\/v2\/pages\/33\/revisions"}],"predecessor-version":[{"id":2257,"href":"https:\/\/www.foerderkreis-christenberg.de\/index.php\/wp-json\/wp\/v2\/pages\/33\/revisions\/2257"}],"up":[{"embeddable":true,"href":"https:\/\/www.foerderkreis-christenberg.de\/index.php\/wp-json\/wp\/v2\/pages\/39"}],"wp:attachment":[{"href":"https:\/\/www.foerderkreis-christenberg.de\/index.php\/wp-json\/wp\/v2\/media?parent=33"}],"curies":[{"name":"wp","href":"https:\/\/api.w.org\/{rel}","templated":true}]}}