{"id":31,"date":"2011-07-04T14:15:40","date_gmt":"2011-07-04T12:15:40","guid":{"rendered":"http:\/\/www.foerderkreis-christenberg.de\/index.php\/wege-zum-christenberg\/"},"modified":"2026-02-16T22:31:28","modified_gmt":"2026-02-16T21:31:28","slug":"wege-zum-christenberg","status":"publish","type":"page","link":"https:\/\/www.foerderkreis-christenberg.de\/index.php\/wege-zum-christenberg\/","title":{"rendered":"Wege zum Christenberg"},"content":{"rendered":"\n<figure class=\"wp-block-image size-large has-custom-border\"><img loading=\"lazy\" decoding=\"async\" width=\"1024\" height=\"768\" src=\"https:\/\/www.foerderkreis-christenberg.de\/wp-content\/uploads\/2025\/07\/P5300174-1024x768.jpg\" alt=\"\" class=\"wp-image-854\" style=\"border-radius:20px;box-shadow:var(--wp--preset--shadow--natural)\" srcset=\"https:\/\/www.foerderkreis-christenberg.de\/wp-content\/uploads\/2025\/07\/P5300174-1024x768.jpg 1024w, https:\/\/www.foerderkreis-christenberg.de\/wp-content\/uploads\/2025\/07\/P5300174-300x225.jpg 300w, https:\/\/www.foerderkreis-christenberg.de\/wp-content\/uploads\/2025\/07\/P5300174-768x576.jpg 768w, https:\/\/www.foerderkreis-christenberg.de\/wp-content\/uploads\/2025\/07\/P5300174-1536x1152.jpg 1536w, https:\/\/www.foerderkreis-christenberg.de\/wp-content\/uploads\/2025\/07\/P5300174-2048x1536.jpg 2048w\" sizes=\"auto, (max-width: 1024px) 100vw, 1024px\" \/><\/figure>\n\n\n\n<div class=\"wp-block-group has-base-background-color has-background has-global-padding is-layout-constrained wp-container-core-group-is-layout-9e9be3cb wp-block-group-is-layout-constrained\" style=\"border-radius:10px;padding-top:var(--wp--preset--spacing--20);padding-right:var(--wp--preset--spacing--20);padding-bottom:var(--wp--preset--spacing--20);padding-left:var(--wp--preset--spacing--20);box-shadow:var(--wp--preset--shadow--natural)\">\n<div class=\"wp-block-group has-accent-2-background-color has-background has-global-padding is-layout-constrained wp-container-core-group-is-layout-9e9be3cb wp-block-group-is-layout-constrained\" style=\"border-radius:10px;padding-top:var(--wp--preset--spacing--20);padding-right:var(--wp--preset--spacing--20);padding-bottom:var(--wp--preset--spacing--20);padding-left:var(--wp--preset--spacing--20);box-shadow:var(--wp--preset--shadow--natural)\">\n<h2 class=\"wp-block-heading\">Auto und Motorrad<\/h2>\n\n\n\n<p>Der Christenberg bei M\u00fcnchhausen ist von der Bundesstra\u00dfe 252 gut zu erreichen. Im Ort M\u00fcnchhausen zweigt von der (ehemaligen) Bundesstra\u00dfe an einer Fu\u00dfg\u00e4ngerampel ein ausgeschilderter 3 km langer Fahrweg ab. Parkpl\u00e4tze sind auf dem Christenberg reichlich vorhanden. Die Adresse f\u00fcr das Navigationsger\u00e4t lautet:&nbsp;<strong>Christenberg 3, 35117 M\u00fcnchhausen<\/strong><\/p>\n<\/div>\n\n\n\n<figure class=\"wp-block-gallery has-nested-images columns-default is-cropped has-accent-2-background-color has-background wp-block-gallery-1 is-layout-flex wp-block-gallery-is-layout-flex\" style=\"border-width:1px;border-radius:10px;padding-top:var(--wp--preset--spacing--20);padding-right:var(--wp--preset--spacing--20);padding-bottom:var(--wp--preset--spacing--20);padding-left:var(--wp--preset--spacing--20)\">\n<figure class=\"wp-block-image size-large\"><a href=\"https:\/\/www.foerderkreis-christenberg.de\/wp-content\/uploads\/2025\/07\/P5300174-scaled.jpg\" target=\"_blank\" rel=\" noreferrer noopener\"><img loading=\"lazy\" decoding=\"async\" width=\"1024\" height=\"768\" data-id=\"854\" src=\"https:\/\/www.foerderkreis-christenberg.de\/wp-content\/uploads\/2025\/07\/P5300174-1024x768.jpg\" alt=\"\" class=\"wp-image-854\" srcset=\"https:\/\/www.foerderkreis-christenberg.de\/wp-content\/uploads\/2025\/07\/P5300174-1024x768.jpg 1024w, https:\/\/www.foerderkreis-christenberg.de\/wp-content\/uploads\/2025\/07\/P5300174-300x225.jpg 300w, https:\/\/www.foerderkreis-christenberg.de\/wp-content\/uploads\/2025\/07\/P5300174-768x576.jpg 768w, https:\/\/www.foerderkreis-christenberg.de\/wp-content\/uploads\/2025\/07\/P5300174-1536x1152.jpg 1536w, https:\/\/www.foerderkreis-christenberg.de\/wp-content\/uploads\/2025\/07\/P5300174-2048x1536.jpg 2048w\" sizes=\"auto, (max-width: 1024px) 100vw, 1024px\" \/><\/a><figcaption class=\"wp-element-caption\">Burgwaldbahn 2009<\/figcaption><\/figure>\n\n\n\n<figure class=\"wp-block-image size-large\"><a href=\"https:\/\/www.foerderkreis-christenberg.de\/wp-content\/uploads\/2025\/07\/SpiegelteichWandern.png\" target=\"_blank\" rel=\" noreferrer noopener\"><img loading=\"lazy\" decoding=\"async\" width=\"769\" height=\"1024\" data-id=\"867\" src=\"https:\/\/www.foerderkreis-christenberg.de\/wp-content\/uploads\/2025\/07\/SpiegelteichWandern-769x1024.png\" alt=\"\" class=\"wp-image-867\" srcset=\"https:\/\/www.foerderkreis-christenberg.de\/wp-content\/uploads\/2025\/07\/SpiegelteichWandern-769x1024.png 769w, https:\/\/www.foerderkreis-christenberg.de\/wp-content\/uploads\/2025\/07\/SpiegelteichWandern-225x300.png 225w, https:\/\/www.foerderkreis-christenberg.de\/wp-content\/uploads\/2025\/07\/SpiegelteichWandern-768x1022.png 768w, https:\/\/www.foerderkreis-christenberg.de\/wp-content\/uploads\/2025\/07\/SpiegelteichWandern.png 942w\" sizes=\"auto, (max-width: 769px) 100vw, 769px\" \/><\/a><figcaption class=\"wp-element-caption\">Am Spiegelteich<\/figcaption><\/figure>\n<\/figure>\n\n\n\n<div class=\"wp-block-group has-accent-2-background-color has-background has-global-padding is-layout-constrained wp-container-core-group-is-layout-9e9be3cb wp-block-group-is-layout-constrained\" style=\"border-radius:10px;padding-top:var(--wp--preset--spacing--20);padding-right:var(--wp--preset--spacing--20);padding-bottom:var(--wp--preset--spacing--20);padding-left:var(--wp--preset--spacing--20);box-shadow:var(--wp--preset--shadow--natural)\">\n<h2 class=\"wp-block-heading\">Burgwaldbahn<\/h2>\n\n\n\n<p>Die <a href=\"http:\/\/www.bahn.de\/kurhessenbahn\/view\/mdb\/kurhessenbahn\/fahrplan\/pdf\/MDB85135-frankenberg_marburg_101220.pdf\" target=\"_blank\" rel=\"noopener\"><span style=\"color: #008000;\">Burgwaldbahn<\/span><\/a> verbindet den Bahnhof M\u00fcnchhausen mit den St\u00e4dten Marburg und Frankenberg, Korbach und Brilon. Vom Bahnhof M\u00fcnchhausen f\u00fchrt ein markierter Zubringerwanderweg (rotes <span style=\"color: #ff0000;\"><strong>B7<\/strong><\/span> auf wei\u00dfem Grund) zum <a href=\"https:\/\/www.wildganz.com\/fernwanderweg\/burgwaldpfad\" target=\"_blank\" rel=\"noopener\"><span style=\"color: #008000;\">Burgwaldpfad<\/span><\/a> (rotes <span style=\"color: #ff0000;\"><strong>B<\/strong><\/span> auf wei\u00dfem Grund) beim Sportplatz M\u00fcnchhausen. Der eine Teil des Burgwaldpfades f\u00fchrt dann direkt am Sportplatz entlang (nicht dem Burgwaldpfadteil in das Neubaugebiet folgen!) in den Wald hinein und, am Spiegelteich vorbei, hinauf zum Christenberg.<\/p>\n<\/div>\n\n\n\n<div class=\"wp-block-group has-accent-2-background-color has-background has-global-padding is-layout-constrained wp-container-core-group-is-layout-9e9be3cb wp-block-group-is-layout-constrained\" style=\"border-radius:10px;padding-top:var(--wp--preset--spacing--20);padding-right:var(--wp--preset--spacing--20);padding-bottom:var(--wp--preset--spacing--20);padding-left:var(--wp--preset--spacing--20);box-shadow:var(--wp--preset--shadow--natural)\">\n<h2 class=\"wp-block-heading\">Wandern<\/h2>\n\n\n\n<p>Von <a href=\"https:\/\/www.marburg-tourismus.de\/sehenswuerdigkeiten\/pois\/RPT\/3c796348-1842-4250-8e99-0949f0c069b6\/christenberg\" target=\"_blank\" rel=\"noopener\"><span style=\"color: #008000;\">Marburg<\/span><\/a> (ca. 30 km, Start Elisabethkirche) und <span style=\"color: #008000;\"><a style=\"color: #008000;\" href=\"http:\/\/www.frankenberg.de\/\" target=\"_blank\" rel=\"noopener\">Frankenberg<\/a><\/span> (ca. 20 km, Start Bahnhof, Zuweg rotes <span style=\"color: #ff0000;\"><strong>B11<\/strong><\/span> auf wei\u00dfem Grund) aus k\u00f6nnen Sie \u00fcber den <a href=\"https:\/\/www.wildganz.com\/fernwanderweg\/burgwaldpfad\" target=\"_blank\" rel=\"noopener\"><span style=\"color: #008000;\">Burgwaldpfad<\/span><\/a> (rotes <span style=\"color: #ff0000;\"><strong>B<\/strong><\/span> auf wei\u00dfem Grund) den Christenberg erreichen. Der Burgwaldpfad ist zudem von jeder Haltestelle der Burgwaldbahn mit einem markierten Zubringer (rotes <span style=\"color: #ff0000;\"><strong>B <\/strong><\/span>u. Zahl auf wei\u00dfem Grund) verkn\u00fcpft, wodurch die Wanderstrecke individuell variiert werden kann.<\/p>\n\n\n\n<p>Am Sportplatz M\u00fcnchhausen in der Thalh\u00e4user Stra\u00dfe steht ein Wanderportal der <a href=\"https:\/\/www.grimmheimat.de\/media\/touren\/christenbergtour#\/article\/e0102d58-6eca-4ef9-8867-a9f617c70113\" target=\"_blank\" rel=\"noopener\"><span style=\"color: #008000;\">Christenbergtour<\/span><\/a> (rotes <span style=\"color: #ff0000;\"><strong>C<\/strong><\/span> auf wei\u00dfem Grund). Von dort aus sind es rund 4 km bis zum Christenberg. Auf dem Weg vorbei am Spiegelteich sieht man den Christenberg und die aufragende Martinskirche bereits als Spiegelung im Wasser.<\/p>\n\n\n\n<p>Von den Hugenottenorten Hertingshausen und Schwabendorf ist der Christenberg auf durchgehend markierten Wegen (blauer Punkt auf wei\u00dfem Grund) quer durch den Burgwald erreichbar. Auch die Fernwanderroute <span style=\"color: #008000;\"><a style=\"color: #008000;\" title=\"hugenotten und waldenser\" href=\"http:\/\/www.hugenotten-waldenserpfad.eu\/\" target=\"_blank\" rel=\"noopener\">Hugenotten und Waldenserpfad<\/a><\/span> f\u00fchrt \u00fcber den Christenberg.<\/p>\n<\/div>\n\n\n\n<div class=\"wp-block-group has-global-padding is-layout-constrained wp-container-core-group-is-layout-c06d165c wp-block-group-is-layout-constrained\" style=\"padding-top:0;padding-right:0;padding-bottom:0;padding-left:0\">\n<div class=\"wp-block-group has-accent-2-background-color has-background has-global-padding is-layout-constrained wp-container-core-group-is-layout-9e9be3cb wp-block-group-is-layout-constrained\" style=\"border-radius:10px;padding-top:var(--wp--preset--spacing--20);padding-right:var(--wp--preset--spacing--20);padding-bottom:var(--wp--preset--spacing--20);padding-left:var(--wp--preset--spacing--20);box-shadow:var(--wp--preset--shadow--natural)\">\n<h2 class=\"wp-block-heading\">Fahrrad<\/h2>\n\n\n\n<p>Zwei nach ADFC-Kriterien ausgeschilderte&nbsp;<a href=\"http:\/\/www.burgwald-touristservice.de\/0565e89bd008f1e07\/0565e89bd008fad1c\/index.html\" target=\"_blank\" rel=\"noreferrer noopener\">Radrundwege<\/a>&nbsp;(Burgwald-Radweg mit 40 km und Otto-Ubbelohde-Radweg mit 51 km) f\u00fchren \u00fcber den Christenberg \u2013 aus Richtung Westen vom Wetschaftstal und M\u00fcnchhausen sowie von Osten von den Franzosenwiesen kommend.<\/p>\n<\/div>\n<\/div>\n<\/div>\n\n\n\n<div class=\"wp-block-group has-base-background-color has-background has-global-padding is-layout-constrained wp-container-core-group-is-layout-c06d165c wp-block-group-is-layout-constrained\" style=\"border-radius:10px;padding-top:0;padding-right:0;padding-bottom:0;padding-left:0;box-shadow:var(--wp--preset--shadow--natural)\">\n<figure class=\"wp-block-table is-style-regular has-medium-font-size\" style=\"margin-top:var(--wp--preset--spacing--30);margin-right:0;margin-bottom:var(--wp--preset--spacing--30);margin-left:0;padding-top:var(--wp--preset--spacing--20);padding-right:var(--wp--preset--spacing--20);padding-bottom:var(--wp--preset--spacing--20);padding-left:var(--wp--preset--spacing--20)\"><table class=\"has-accent-2-color has-contrast-background-color has-text-color has-background has-link-color has-fixed-layout\" style=\"border-width:4px\"><tbody><tr><td class=\"has-text-align-center\" data-align=\"center\"><a href=\"https:\/\/www.foerderkreis-christenberg.de\/index.php\/wege-zum-christenberg\/hugenotten-und-waldenserpfad\/\" data-type=\"page\" data-id=\"70\">Hugenotten und Waldenser<\/a><\/td><td class=\"has-text-align-center\" data-align=\"center\"><a href=\"https:\/\/www.foerderkreis-christenberg.de\/index.php\/wege-zum-christenberg\/martinskulturweg\/\" data-type=\"page\" data-id=\"68\">Martins-Kulturweg<\/a><\/td><\/tr><tr><td class=\"has-text-align-center\" data-align=\"center\"><a href=\"https:\/\/www.foerderkreis-christenberg.de\/index.php\/wege-zum-christenberg\/meditationsweg-perlen-des-glaubens\/\" data-type=\"page\" data-id=\"465\">Meditationsweg<\/a><\/td><td class=\"has-text-align-center\" data-align=\"center\"><a href=\"https:\/\/www.foerderkreis-christenberg.de\/index.php\/aktivitaeten\/\" data-type=\"page\" data-id=\"39\">Aktiv unterwegs<\/a><\/td><\/tr><tr><td class=\"has-text-align-center\" data-align=\"center\"><a href=\"https:\/\/www.foerderkreis-christenberg.de\/index.php\/aktivitaeten\/radfahren-und-rasten\/\" data-type=\"page\" data-id=\"35\">Radfahren und Rasten<\/a><\/td><td class=\"has-text-align-center\" data-align=\"center\"><a href=\"https:\/\/www.foerderkreis-christenberg.de\/index.php\/aktivitaeten\/wandern-und-rasten\/\" data-type=\"page\" data-id=\"33\">Wandern und Rasten<\/a><\/td><\/tr><\/tbody><\/table><\/figure>\n<\/div>\n","protected":false},"excerpt":{"rendered":"<p>Auto und Motorrad Der Christenberg bei M\u00fcnchhausen ist von der Bundesstra\u00dfe 252 gut zu erreichen. Im Ort M\u00fcnchhausen zweigt von der (ehemaligen) Bundesstra\u00dfe an einer Fu\u00dfg\u00e4ngerampel ein ausgeschilderter 3 km langer Fahrweg ab. Parkpl\u00e4tze sind auf dem Christenberg reichlich vorhanden. Die Adresse f\u00fcr das Navigationsger\u00e4t lautet:&nbsp;Christenberg 3, 35117 M\u00fcnchhausen Burgwaldbahn Die Burgwaldbahn verbindet den Bahnhof [&hellip;]<\/p>\n","protected":false},"author":2,"featured_media":0,"parent":0,"menu_order":10,"comment_status":"closed","ping_status":"closed","template":"","meta":{"footnotes":""},"class_list":["post-31","page","type-page","status-publish","hentry"],"jetpack_sharing_enabled":true,"_links":{"self":[{"href":"https:\/\/www.foerderkreis-christenberg.de\/index.php\/wp-json\/wp\/v2\/pages\/31","targetHints":{"allow":["GET"]}}],"collection":[{"href":"https:\/\/www.foerderkreis-christenberg.de\/index.php\/wp-json\/wp\/v2\/pages"}],"about":[{"href":"https:\/\/www.foerderkreis-christenberg.de\/index.php\/wp-json\/wp\/v2\/types\/page"}],"author":[{"embeddable":true,"href":"https:\/\/www.foerderkreis-christenberg.de\/index.php\/wp-json\/wp\/v2\/users\/2"}],"replies":[{"embeddable":true,"href":"https:\/\/www.foerderkreis-christenberg.de\/index.php\/wp-json\/wp\/v2\/comments?post=31"}],"version-history":[{"count":32,"href":"https:\/\/www.foerderkreis-christenberg.de\/index.php\/wp-json\/wp\/v2\/pages\/31\/revisions"}],"predecessor-version":[{"id":2235,"href":"https:\/\/www.foerderkreis-christenberg.de\/index.php\/wp-json\/wp\/v2\/pages\/31\/revisions\/2235"}],"wp:attachment":[{"href":"https:\/\/www.foerderkreis-christenberg.de\/index.php\/wp-json\/wp\/v2\/media?parent=31"}],"curies":[{"name":"wp","href":"https:\/\/api.w.org\/{rel}","templated":true}]}}