{"id":3,"date":"2006-10-11T00:42:31","date_gmt":"2006-10-10T22:42:31","guid":{"rendered":"http:\/\/www.foerderkreis-christenberg.de\/index.php\/wir-ueber-uns\/"},"modified":"2026-02-16T22:31:04","modified_gmt":"2026-02-16T21:31:04","slug":"wir-ueber-uns","status":"publish","type":"page","link":"https:\/\/www.foerderkreis-christenberg.de\/index.php\/wir-ueber-uns\/","title":{"rendered":"Wir \u00fcber uns"},"content":{"rendered":"\n<figure class=\"wp-block-image size-large has-custom-border\"><img loading=\"lazy\" decoding=\"async\" width=\"1024\" height=\"673\" src=\"https:\/\/www.foerderkreis-christenberg.de\/wp-content\/uploads\/2026\/02\/Luftbild-neu-1024x673.png\" alt=\"\" class=\"wp-image-2260\" style=\"border-radius:20px;box-shadow:var(--wp--preset--shadow--natural)\" srcset=\"https:\/\/www.foerderkreis-christenberg.de\/wp-content\/uploads\/2026\/02\/Luftbild-neu-1024x673.png 1024w, https:\/\/www.foerderkreis-christenberg.de\/wp-content\/uploads\/2026\/02\/Luftbild-neu-300x197.png 300w, https:\/\/www.foerderkreis-christenberg.de\/wp-content\/uploads\/2026\/02\/Luftbild-neu-768x505.png 768w, https:\/\/www.foerderkreis-christenberg.de\/wp-content\/uploads\/2026\/02\/Luftbild-neu.png 1509w\" sizes=\"auto, (max-width: 1024px) 100vw, 1024px\" \/><\/figure>\n\n\n\n<div class=\"wp-block-group has-base-background-color has-background has-global-padding is-layout-constrained wp-container-core-group-is-layout-9e9be3cb wp-block-group-is-layout-constrained\" style=\"border-radius:10px;padding-top:var(--wp--preset--spacing--20);padding-right:var(--wp--preset--spacing--20);padding-bottom:var(--wp--preset--spacing--20);padding-left:var(--wp--preset--spacing--20);box-shadow:var(--wp--preset--shadow--natural)\">\n<h2 class=\"wp-block-heading\">Ein kurzes Vorwort &#8230;<\/h2>\n\n\n\n<div class=\"wp-block-group has-accent-2-background-color has-background has-global-padding is-layout-constrained wp-container-core-group-is-layout-9e9be3cb wp-block-group-is-layout-constrained\" style=\"border-radius:10px;padding-top:var(--wp--preset--spacing--20);padding-right:var(--wp--preset--spacing--20);padding-bottom:var(--wp--preset--spacing--20);padding-left:var(--wp--preset--spacing--20);box-shadow:var(--wp--preset--shadow--natural)\">\n<p>Der Verein <strong>F\u00f6rderkreis Christenberg e.V.<\/strong> hat sich zum Ziel gesetzt, den Christenberg in M\u00fcnchhausen als <strong>wertvolles Kulturerbe<\/strong> und <strong>touristischen Anziehungspunkt<\/strong> in unserer Region zu erhalten, den Menschen n\u00e4her zu bringen und mit Leben zu f\u00fcllen.<\/p>\n\n\n\n<p>Dazu geh\u00f6ren die historischen St\u00e4tten aus der vorgeschichtlichen (<strong>keltischen<\/strong>) und fr\u00fchmittelalterlichen (<strong>fr\u00e4nkischen<\/strong>) Zeit ebenso wie auch die heute mehr denn je genutzte <strong>Martinskirche<\/strong> auf dem Plateau des Christenberges.<\/p>\n\n\n\n<details class=\"wp-block-details has-accent-2-background-color has-background is-layout-flow wp-block-details-is-layout-flow\" style=\"border-width:1px;padding-top:var(--wp--preset--spacing--20);padding-right:var(--wp--preset--spacing--20);padding-bottom:var(--wp--preset--spacing--20);padding-left:var(--wp--preset--spacing--20)\"><summary>Das Team vom F\u00f6rderkreis<\/summary>\n<div class=\"wp-block-media-text is-stacked-on-mobile\"><figure class=\"wp-block-media-text__media\"><img loading=\"lazy\" decoding=\"async\" width=\"410\" height=\"336\" src=\"https:\/\/www.foerderkreis-christenberg.de\/wp-content\/uploads\/2011\/05\/kuesterhaus3.jpg\" alt=\"Museum &quot;Altes K\u00fcsterhaus&quot;\" class=\"wp-image-9 size-full\" srcset=\"https:\/\/www.foerderkreis-christenberg.de\/wp-content\/uploads\/2011\/05\/kuesterhaus3.jpg 410w, https:\/\/www.foerderkreis-christenberg.de\/wp-content\/uploads\/2011\/05\/kuesterhaus3-300x246.jpg 300w\" sizes=\"auto, (max-width: 410px) 100vw, 410px\" \/><\/figure><div class=\"wp-block-media-text__content\">\n<p>Harald Kornmann, Vorsitzender<\/p>\n\n\n\n<p>Kim Eric Heiner, stellv. Vorsitzender<\/p>\n\n\n\n<p>Karl Schneider, Schriftf\u00fchrer<\/p>\n\n\n\n<p>Wolfgang Vajen, Kassierer<\/p>\n\n\n\n<p>Florian von Thaden, Beisitzer<\/p>\n\n\n\n<p>Pfarrer Andr\u00e9 Barth<\/p>\n<\/div><\/div>\n\n\n\n<p class=\"has-link-color wp-elements-41a0143dc97a323923d82c053ef736bd\">Dieses Team leitet aktuell die Geschicke des F\u00f6rderkreises.  Alle sind gleichberechtigte Ansprechpartner bei Fragen, Anregungen oder auch Kritik. Das Vorstandsteam trifft sich regelm\u00e4\u00dfig zur Diskussion anstehender Arbeiten und Aufgaben im Rahmen einer <strong><a href=\"https:\/\/www.foerderkreis-christenberg.de\/index.php\/neuigkeiten\/info-mitmachen\/\" data-type=\"page\" data-id=\"1057\" target=\"_blank\" rel=\"noreferrer noopener\">\u00f6ffentlichen Sitzung<\/a><\/strong>.<\/p>\n<\/details>\n<\/div>\n\n\n\n<figure class=\"wp-block-image aligncenter size-full has-custom-border\"><img loading=\"lazy\" decoding=\"async\" width=\"512\" height=\"512\" src=\"https:\/\/www.foerderkreis-christenberg.de\/wp-content\/uploads\/2011\/06\/cropped-kuesterhaus2.jpg\" alt=\"\" class=\"wp-image-202\" style=\"border-radius:10px;box-shadow:var(--wp--preset--shadow--natural)\" srcset=\"https:\/\/www.foerderkreis-christenberg.de\/wp-content\/uploads\/2011\/06\/cropped-kuesterhaus2.jpg 512w, https:\/\/www.foerderkreis-christenberg.de\/wp-content\/uploads\/2011\/06\/cropped-kuesterhaus2-150x150.jpg 150w, https:\/\/www.foerderkreis-christenberg.de\/wp-content\/uploads\/2011\/06\/cropped-kuesterhaus2-300x300.jpg 300w, https:\/\/www.foerderkreis-christenberg.de\/wp-content\/uploads\/2011\/06\/cropped-kuesterhaus2-100x100.jpg 100w, https:\/\/www.foerderkreis-christenberg.de\/wp-content\/uploads\/2011\/06\/cropped-kuesterhaus2-270x270.jpg 270w, https:\/\/www.foerderkreis-christenberg.de\/wp-content\/uploads\/2011\/06\/cropped-kuesterhaus2-192x192.jpg 192w, https:\/\/www.foerderkreis-christenberg.de\/wp-content\/uploads\/2011\/06\/cropped-kuesterhaus2-180x180.jpg 180w, https:\/\/www.foerderkreis-christenberg.de\/wp-content\/uploads\/2011\/06\/cropped-kuesterhaus2-32x32.jpg 32w\" sizes=\"auto, (max-width: 512px) 100vw, 512px\" \/><\/figure>\n\n\n\n<div class=\"wp-block-group has-accent-2-background-color has-background has-global-padding is-layout-constrained wp-container-core-group-is-layout-9e9be3cb wp-block-group-is-layout-constrained\" style=\"border-style:none;border-width:0px;border-radius:10px;padding-top:var(--wp--preset--spacing--20);padding-right:var(--wp--preset--spacing--20);padding-bottom:var(--wp--preset--spacing--20);padding-left:var(--wp--preset--spacing--20);box-shadow:var(--wp--preset--shadow--natural)\">\n<p>Treffpunkt f\u00fcr F\u00fchrungen ist das Museum Altes K\u00fcsterhaus.<\/p>\n\n\n\n<p>Die F\u00fchrungen des Vereins &#8211; wir bitten um Anmeldung unter <a href=\"mailto:info@foerderkreis-christenberg.de\">info@foerderkreis-christenberg.de<\/a> &#8211; geben einen kompetenten und lebendigen Einblick in das Leben und Wirken unserer Vorfahren.<\/p>\n<\/div>\n\n\n\n<div class=\"wp-block-group has-accent-2-background-color has-background has-global-padding is-layout-constrained wp-container-core-group-is-layout-9e9be3cb wp-block-group-is-layout-constrained\" style=\"border-style:none;border-width:0px;border-radius:10px;padding-top:var(--wp--preset--spacing--20);padding-right:var(--wp--preset--spacing--20);padding-bottom:var(--wp--preset--spacing--20);padding-left:var(--wp--preset--spacing--20);box-shadow:var(--wp--preset--shadow--natural)\">\n<p>Museum im K\u00fcsterhaus<\/p>\n\n\n\n<p>Das Museum <strong>Altes K\u00fcsterhaus<\/strong> zeigt Exponate zur historischen Besiedlung des Christenberges und dem Leben der K\u00fcsterfamilien vor etwa hundert Jahren. Die Ausstellung und Brosch\u00fcren zu den kulturhistorischen H\u00f6hepunkten des Christenberges sollen die Bedeutung des Ortes f\u00fcr den Besucher erlebbar machen.<\/p>\n<\/div>\n\n\n\n<div class=\"wp-block-group has-accent-2-background-color has-background has-global-padding is-layout-constrained wp-container-core-group-is-layout-9e9be3cb wp-block-group-is-layout-constrained\" style=\"border-style:none;border-width:0px;border-radius:10px;padding-top:var(--wp--preset--spacing--20);padding-right:var(--wp--preset--spacing--20);padding-bottom:var(--wp--preset--spacing--20);padding-left:var(--wp--preset--spacing--20);box-shadow:var(--wp--preset--shadow--natural)\">\n<p>Die Martinskirche<\/p>\n\n\n\n<p>Die n\u00fcchterne Atmosph\u00e4re des romanischen Kirchenschiffes der Martinskirche l\u00e4dt ein zum Innehalten, Ausruhen und kurzen Abschalten &#8211; lassen Sie sich darauf ein!<\/p>\n\n\n\n<p>Die besondere Akustik und das spezielle Ambiente der Martinskirche nutzt der Verein zur Veranstaltung von Konzerten, Lesungen und historischen Vortr\u00e4gen.<\/p>\n<\/div>\n\n\n\n<h2 class=\"wp-block-heading has-contrast-color has-text-color has-link-color wp-elements-61c73ae20823dd370c37f15facaad6d9\">Herzlich willkommen auf dem Christenberg!<\/h2>\n<\/div>\n\n\n\n<div class=\"wp-block-group has-base-background-color has-background has-global-padding is-layout-constrained wp-container-core-group-is-layout-c06d165c wp-block-group-is-layout-constrained\" style=\"border-radius:10px;padding-top:0;padding-right:0;padding-bottom:0;padding-left:0;box-shadow:var(--wp--preset--shadow--natural)\">\n<figure class=\"wp-block-table is-style-regular has-medium-font-size\" style=\"margin-top:var(--wp--preset--spacing--30);margin-right:0;margin-bottom:var(--wp--preset--spacing--30);margin-left:0;padding-top:var(--wp--preset--spacing--20);padding-right:var(--wp--preset--spacing--20);padding-bottom:var(--wp--preset--spacing--20);padding-left:var(--wp--preset--spacing--20)\"><table class=\"has-accent-2-color has-contrast-background-color has-text-color has-background has-link-color has-fixed-layout\" style=\"border-width:4px\"><tbody><tr><td class=\"has-text-align-center\" data-align=\"center\"><a href=\"https:\/\/www.foerderkreis-christenberg.de\/index.php\/fuehrungen\/\" data-type=\"page\" data-id=\"66\">F\u00fchrungen<\/a><\/td><td class=\"has-text-align-center\" data-align=\"center\"><a href=\"https:\/\/www.foerderkreis-christenberg.de\/index.php\/kontakt\/\" data-type=\"page\" data-id=\"141\">Kontakt &#8211; Anfahrt<\/a><\/td><\/tr><tr><td class=\"has-text-align-center\" data-align=\"center\"><a href=\"https:\/\/www.foerderkreis-christenberg.de\/index.php\/publikationen\/\" data-type=\"page\" data-id=\"59\">Publikationen<\/a><\/td><td class=\"has-text-align-center\" data-align=\"center\"><a href=\"https:\/\/www.foerderkreis-christenberg.de\/index.php\/beitrittundspenden\/\" data-type=\"page\" data-id=\"71\">Beitritt &#8211; Spenden<\/a><\/td><\/tr><tr><td class=\"has-text-align-center\" data-align=\"center\"><a href=\"https:\/\/www.foerderkreis-christenberg.de\/\" data-type=\"page\" data-id=\"8\">Startseite<\/a><\/td><td class=\"has-text-align-center\" data-align=\"center\"><a href=\"https:\/\/www.foerderkreis-christenberg.de\/index.php\/kurzinfo\/\" data-type=\"page\" data-id=\"1051\">Kurz und b\u00fcndig<\/a><\/td><\/tr><\/tbody><\/table><\/figure>\n<\/div>\n\n\n\n<p><\/p>\n","protected":false},"excerpt":{"rendered":"<p>Ein kurzes Vorwort &#8230; Der Verein F\u00f6rderkreis Christenberg e.V. hat sich zum Ziel gesetzt, den Christenberg in M\u00fcnchhausen als wertvolles Kulturerbe und touristischen Anziehungspunkt in unserer Region zu erhalten, den Menschen n\u00e4her zu bringen und mit Leben zu f\u00fcllen. Dazu geh\u00f6ren die historischen St\u00e4tten aus der vorgeschichtlichen (keltischen) und fr\u00fchmittelalterlichen (fr\u00e4nkischen) Zeit ebenso wie auch [&hellip;]<\/p>\n","protected":false},"author":2,"featured_media":0,"parent":0,"menu_order":6,"comment_status":"closed","ping_status":"closed","template":"","meta":{"footnotes":""},"class_list":["post-3","page","type-page","status-publish","hentry"],"jetpack_sharing_enabled":true,"_links":{"self":[{"href":"https:\/\/www.foerderkreis-christenberg.de\/index.php\/wp-json\/wp\/v2\/pages\/3","targetHints":{"allow":["GET"]}}],"collection":[{"href":"https:\/\/www.foerderkreis-christenberg.de\/index.php\/wp-json\/wp\/v2\/pages"}],"about":[{"href":"https:\/\/www.foerderkreis-christenberg.de\/index.php\/wp-json\/wp\/v2\/types\/page"}],"author":[{"embeddable":true,"href":"https:\/\/www.foerderkreis-christenberg.de\/index.php\/wp-json\/wp\/v2\/users\/2"}],"replies":[{"embeddable":true,"href":"https:\/\/www.foerderkreis-christenberg.de\/index.php\/wp-json\/wp\/v2\/comments?post=3"}],"version-history":[{"count":26,"href":"https:\/\/www.foerderkreis-christenberg.de\/index.php\/wp-json\/wp\/v2\/pages\/3\/revisions"}],"predecessor-version":[{"id":2261,"href":"https:\/\/www.foerderkreis-christenberg.de\/index.php\/wp-json\/wp\/v2\/pages\/3\/revisions\/2261"}],"wp:attachment":[{"href":"https:\/\/www.foerderkreis-christenberg.de\/index.php\/wp-json\/wp\/v2\/media?parent=3"}],"curies":[{"name":"wp","href":"https:\/\/api.w.org\/{rel}","templated":true}]}}