{"id":28,"date":"2011-07-04T11:08:10","date_gmt":"2011-07-04T09:08:10","guid":{"rendered":"http:\/\/www.foerderkreis-christenberg.de\/index.php\/christenberg\/"},"modified":"2026-02-16T23:20:10","modified_gmt":"2026-02-16T22:20:10","slug":"christenberg","status":"publish","type":"page","link":"https:\/\/www.foerderkreis-christenberg.de\/index.php\/christenberg\/","title":{"rendered":"Christenberg"},"content":{"rendered":"\n<div class=\"wp-block-group has-base-background-color has-background has-global-padding is-layout-constrained wp-container-core-group-is-layout-9e9be3cb wp-block-group-is-layout-constrained\" style=\"border-radius:10px;padding-top:var(--wp--preset--spacing--20);padding-right:var(--wp--preset--spacing--20);padding-bottom:var(--wp--preset--spacing--20);padding-left:var(--wp--preset--spacing--20);box-shadow:var(--wp--preset--shadow--natural)\">\n<div class=\"wp-block-group has-global-padding is-layout-constrained wp-container-core-group-is-layout-9e9be3cb wp-block-group-is-layout-constrained\" style=\"border-radius:10px;padding-top:var(--wp--preset--spacing--20);padding-right:var(--wp--preset--spacing--20);padding-bottom:var(--wp--preset--spacing--20);padding-left:var(--wp--preset--spacing--20);box-shadow:var(--wp--preset--shadow--natural)\">\n<p style=\"padding-top:0;padding-right:0;padding-bottom:0;padding-left:0\">Der Christenberg &#8211; beliebtes Ausflugsziel f\u00fcr Wanderer, Radfahrer, Reiter und Motorisierte.<\/p>\n\n\n\n<div class=\"wp-block-group has-accent-2-background-color has-background has-global-padding is-layout-constrained wp-container-core-group-is-layout-9e9be3cb wp-block-group-is-layout-constrained\" style=\"border-radius:10px;padding-top:var(--wp--preset--spacing--20);padding-right:var(--wp--preset--spacing--20);padding-bottom:var(--wp--preset--spacing--20);padding-left:var(--wp--preset--spacing--20)\">\n<p style=\"padding-top:0;padding-right:0;padding-bottom:0;padding-left:0\">Der Aufstieg auf den 387 m hohen Bergsporn am westlichen Rande des Burgwaldes lohnt sich auf jeden Fall. Beim Blick auf den Horizont in Richtung Rothaargebirge und Sauerland kann man die Seele baumeln lassen. <\/p>\n\n\n\n<p style=\"padding-top:var(--wp--preset--spacing--20);padding-right:var(--wp--preset--spacing--20);padding-bottom:var(--wp--preset--spacing--20);padding-left:var(--wp--preset--spacing--20)\">Am Fu\u00dfe des Berges liegt der idyllische Spiegelteich. Auf seiner Wasseroberfl\u00e4che spiegelt sich der Christenberg mit der Martinskirche.<\/p>\n<\/div>\n<\/div>\n\n\n\n<figure class=\"wp-block-image size-large has-custom-border is-resized\"><a href=\"https:\/\/www.foerderkreis-christenberg.de\/wp-content\/uploads\/2018\/06\/CIMG8821.jpg\" target=\"_blank\" rel=\" noreferrer noopener\"><img loading=\"lazy\" decoding=\"async\" width=\"768\" height=\"1024\" src=\"https:\/\/www.foerderkreis-christenberg.de\/wp-content\/uploads\/2018\/06\/CIMG8821-768x1024.jpg\" alt=\"Spiegelteich unterhalb des Christenberges\" class=\"wp-image-282\" style=\"border-radius:10px;box-shadow:var(--wp--preset--shadow--natural)\" srcset=\"https:\/\/www.foerderkreis-christenberg.de\/wp-content\/uploads\/2018\/06\/CIMG8821-768x1024.jpg 768w, https:\/\/www.foerderkreis-christenberg.de\/wp-content\/uploads\/2018\/06\/CIMG8821-225x300.jpg 225w, https:\/\/www.foerderkreis-christenberg.de\/wp-content\/uploads\/2018\/06\/CIMG8821.jpg 1200w\" sizes=\"auto, (max-width: 768px) 100vw, 768px\" \/><\/a><figcaption class=\"wp-element-caption\"><strong>Spiegelteich unterhalb des Christenberges<\/strong><\/figcaption><\/figure>\n\n\n\n<div class=\"wp-block-group has-accent-2-background-color has-background has-global-padding is-layout-constrained wp-container-core-group-is-layout-9e9be3cb wp-block-group-is-layout-constrained\" style=\"border-radius:10px;padding-top:var(--wp--preset--spacing--20);padding-right:var(--wp--preset--spacing--20);padding-bottom:var(--wp--preset--spacing--20);padding-left:var(--wp--preset--spacing--20);box-shadow:var(--wp--preset--shadow--natural)\">\n<p>Eine Perle im Burgwald<\/p>\n\n\n\n<p style=\"padding-top:0;padding-right:0;padding-bottom:0;padding-left:0\">Der Christenberg liegt ca. vier Kilometer \u00f6stlich von M\u00fcnchhausen im Burgwald, in einem der gr\u00f6\u00dften geschlossenen Waldgebiete Deutschlands. Von hier bietet sich ein herrlicher Rundblick \u00fcber das Rothaargebirge und seine Ausl\u00e4ufer.<\/p>\n<\/div>\n\n\n\n<figure class=\"wp-block-image size-large has-custom-border is-resized\"><a href=\"https:\/\/www.foerderkreis-christenberg.de\/wp-content\/uploads\/2018\/06\/Christenberg-004.jpg\" target=\"_blank\" rel=\" noreferrer noopener\"><img loading=\"lazy\" decoding=\"async\" width=\"1024\" height=\"768\" src=\"https:\/\/www.foerderkreis-christenberg.de\/wp-content\/uploads\/2018\/06\/Christenberg-004-1024x768.jpg\" alt=\"Christenberg Aussicht nach Westen\" class=\"wp-image-280\" style=\"border-radius:10px;box-shadow:var(--wp--preset--shadow--natural)\" srcset=\"https:\/\/www.foerderkreis-christenberg.de\/wp-content\/uploads\/2018\/06\/Christenberg-004-1024x768.jpg 1024w, https:\/\/www.foerderkreis-christenberg.de\/wp-content\/uploads\/2018\/06\/Christenberg-004-300x225.jpg 300w, https:\/\/www.foerderkreis-christenberg.de\/wp-content\/uploads\/2018\/06\/Christenberg-004-768x576.jpg 768w, https:\/\/www.foerderkreis-christenberg.de\/wp-content\/uploads\/2018\/06\/Christenberg-004-1200x900.jpg 1200w, https:\/\/www.foerderkreis-christenberg.de\/wp-content\/uploads\/2018\/06\/Christenberg-004.jpg 1600w\" sizes=\"auto, (max-width: 1024px) 100vw, 1024px\" \/><\/a><figcaption class=\"wp-element-caption\"><strong>Christenberg Aussicht nach Westen<\/strong><\/figcaption><\/figure>\n\n\n\n<figure class=\"wp-block-image size-large has-custom-border is-resized\"><a href=\"https:\/\/www.foerderkreis-christenberg.de\/wp-content\/uploads\/2020\/02\/CIMG2013.jpg\" target=\"_blank\" rel=\" noreferrer noopener\"><img loading=\"lazy\" decoding=\"async\" width=\"1024\" height=\"768\" src=\"https:\/\/www.foerderkreis-christenberg.de\/wp-content\/uploads\/2020\/02\/CIMG2013-1024x768.jpg\" alt=\"Abendstimmung auf dem Christenberg\" class=\"wp-image-428\" style=\"border-radius:10px;box-shadow:var(--wp--preset--shadow--natural)\" srcset=\"https:\/\/www.foerderkreis-christenberg.de\/wp-content\/uploads\/2020\/02\/CIMG2013-1024x768.jpg 1024w, https:\/\/www.foerderkreis-christenberg.de\/wp-content\/uploads\/2020\/02\/CIMG2013-300x225.jpg 300w, https:\/\/www.foerderkreis-christenberg.de\/wp-content\/uploads\/2020\/02\/CIMG2013-768x576.jpg 768w, https:\/\/www.foerderkreis-christenberg.de\/wp-content\/uploads\/2020\/02\/CIMG2013-1536x1152.jpg 1536w, https:\/\/www.foerderkreis-christenberg.de\/wp-content\/uploads\/2020\/02\/CIMG2013-2048x1536.jpg 2048w\" sizes=\"auto, (max-width: 1024px) 100vw, 1024px\" \/><\/a><figcaption class=\"wp-element-caption\"><strong>Abendstimmung auf dem Christenberg<\/strong><\/figcaption><\/figure>\n\n\n\n<div class=\"wp-block-group has-accent-2-background-color has-background has-global-padding is-layout-constrained wp-container-core-group-is-layout-9e9be3cb wp-block-group-is-layout-constrained\" style=\"border-radius:10px;padding-top:var(--wp--preset--spacing--20);padding-right:var(--wp--preset--spacing--20);padding-bottom:var(--wp--preset--spacing--20);padding-left:var(--wp--preset--spacing--20);box-shadow:var(--wp--preset--shadow--natural)\">\n<p style=\"margin-top:0;margin-right:0;margin-bottom:0;margin-left:0;padding-top:0;padding-right:0;padding-bottom:0;padding-left:0\">1227 wurde der Berg als \u201eKesterburg\u201c erstmals urkundlich erw\u00e4hnt. Aus dem Namen \u201eKesterburg\u201c, der sich in seinem ersten Teil von Castrum (Kastell \u2013 \u201eHeer-Lager\u201c) ableitet, entstand durch sprachliche Ver\u00e4nderung der Name \u201eChristenberg\u201c. Der urspr\u00fcnglich zweite Namensteil \u2026\u201cburg\u201c hat dem Waldgebiet zwischen Marburg und Frankenberg seinen Namen gegeben (Burgwald).<\/p>\n\n\n\n<p style=\"margin-top:0;margin-right:0;margin-bottom:0;margin-left:0;padding-top:0;padding-right:0;padding-bottom:0;padding-left:0\">Der Christenberg war in seiner Geschichte zwei Mal relativ dicht besiedelt, und zwar in der <strong>fr\u00fchkeltischen<\/strong> Zeit von der zweiten H\u00e4lfte des 5. bis zum Ende des 3. Jahrhunderts vor Christus und in der <strong>fr\u00e4nkischen<\/strong> Zeit vom 7. bis zum 9. Jahrhundert. In der <strong>Keltenzeit<\/strong> befand sich auf dem Berg eine stadtartige Besiedlung. In <strong>fr\u00e4nkischer<\/strong> Zeit diente die starke Festungsanlage der fr\u00e4nkischen Reichsgewalt als Grenzbollwerk gegen die feindlichen Sachsen.<\/p>\n<\/div>\n\n\n\n<figure class=\"wp-block-image size-large has-custom-border is-resized\"><a href=\"https:\/\/www.foerderkreis-christenberg.de\/wp-content\/uploads\/2020\/02\/CIMG2903.jpg\" target=\"_blank\" rel=\" noreferrer noopener\"><img loading=\"lazy\" decoding=\"async\" width=\"1024\" height=\"768\" src=\"https:\/\/www.foerderkreis-christenberg.de\/wp-content\/uploads\/2020\/02\/CIMG2903-1024x768.jpg\" alt=\"Martinskirche auf dem Christenberg\" class=\"wp-image-422\" style=\"border-radius:10px;box-shadow:var(--wp--preset--shadow--natural)\" srcset=\"https:\/\/www.foerderkreis-christenberg.de\/wp-content\/uploads\/2020\/02\/CIMG2903-1024x768.jpg 1024w, https:\/\/www.foerderkreis-christenberg.de\/wp-content\/uploads\/2020\/02\/CIMG2903-300x225.jpg 300w, https:\/\/www.foerderkreis-christenberg.de\/wp-content\/uploads\/2020\/02\/CIMG2903-768x576.jpg 768w, https:\/\/www.foerderkreis-christenberg.de\/wp-content\/uploads\/2020\/02\/CIMG2903-1536x1152.jpg 1536w, https:\/\/www.foerderkreis-christenberg.de\/wp-content\/uploads\/2020\/02\/CIMG2903-2048x1536.jpg 2048w\" sizes=\"auto, (max-width: 1024px) 100vw, 1024px\" \/><\/a><figcaption class=\"wp-element-caption\"><strong>Martinskirche auf dem Christenberg<\/strong><\/figcaption><\/figure>\n\n\n\n<div class=\"wp-block-group has-accent-2-background-color has-background has-global-padding is-layout-constrained wp-container-core-group-is-layout-9e9be3cb wp-block-group-is-layout-constrained\" style=\"border-radius:10px;padding-top:var(--wp--preset--spacing--20);padding-right:var(--wp--preset--spacing--20);padding-bottom:var(--wp--preset--spacing--20);padding-left:var(--wp--preset--spacing--20);box-shadow:var(--wp--preset--shadow--natural)\">\n<p style=\"padding-top:0;padding-right:0;padding-bottom:0;padding-left:0\"><strong>Kirchenstandort seit mehr als tausend Jahren<\/strong><\/p>\n\n\n\n<p style=\"padding-top:0;padding-right:0;padding-bottom:0;padding-left:0\">Ausgrabungen aus den Jahren 1953\/54 brachten Reste von zwei Vorg\u00e4ngerbauten der Kirche aus <strong>ottonischer<\/strong> (um 1000) und vielleicht sogar <strong>karolingischer<\/strong> Zeit (um 800) zutage. An ihrer Stelle wurde im 11. Jahrhundert das jetzige schmalere und k\u00fcrzere Kirchenschiff errichtet.<\/p>\n<\/div>\n<\/div>\n\n\n\n<div class=\"wp-block-group has-base-background-color has-background has-global-padding is-layout-constrained wp-container-core-group-is-layout-c06d165c wp-block-group-is-layout-constrained\" style=\"border-radius:10px;padding-top:0;padding-right:0;padding-bottom:0;padding-left:0;box-shadow:var(--wp--preset--shadow--natural)\">\n<figure class=\"wp-block-table is-style-regular has-medium-font-size\" style=\"margin-top:var(--wp--preset--spacing--30);margin-right:0;margin-bottom:var(--wp--preset--spacing--30);margin-left:0;padding-top:var(--wp--preset--spacing--20);padding-right:var(--wp--preset--spacing--20);padding-bottom:var(--wp--preset--spacing--20);padding-left:var(--wp--preset--spacing--20)\"><table class=\"has-accent-2-color has-contrast-background-color has-text-color has-background has-link-color has-fixed-layout\" style=\"border-width:4px\"><tbody><tr><td class=\"has-text-align-center\" data-align=\"center\"><a href=\"https:\/\/www.foerderkreis-christenberg.de\/index.php\/martinskirche\/\" data-type=\"page\" data-id=\"53\">Martinskirche<\/a><\/td><td class=\"has-text-align-center\" data-align=\"center\"><a href=\"https:\/\/www.foerderkreis-christenberg.de\/index.php\/altes-kuesterhaus\/\" data-type=\"page\" data-id=\"16\">Altes K\u00fcsterhaus<\/a><\/td><\/tr><tr><td class=\"has-text-align-center\" data-align=\"center\"><a href=\"https:\/\/www.foerderkreis-christenberg.de\/index.php\/backhaus\/\" data-type=\"page\" data-id=\"482\">Das alte Backhaus<\/a><\/td><td class=\"has-text-align-center\" data-align=\"center\"><a href=\"https:\/\/www.foerderkreis-christenberg.de\/index.php\/besondere-termine\/\" data-type=\"page\" data-id=\"14\">Besondere Termine<\/a><\/td><\/tr><tr><td class=\"has-text-align-center\" data-align=\"center\"><a href=\"https:\/\/www.foerderkreis-christenberg.de\/index.php\/impressionen\/\" data-type=\"page\" data-id=\"148\">Impressionen und QR<\/a><\/td><td class=\"has-text-align-center\" data-align=\"center\"><a href=\"https:\/\/www.foerderkreis-christenberg.de\/index.php\/wege-zum-christenberg\/\" data-type=\"page\" data-id=\"31\">Wege zum Christenberg<\/a><\/td><\/tr><\/tbody><\/table><\/figure>\n<\/div>\n\n\n\n<p><\/p>\n","protected":false},"excerpt":{"rendered":"<p>Der Christenberg &#8211; beliebtes Ausflugsziel f\u00fcr Wanderer, Radfahrer, Reiter und Motorisierte. Der Aufstieg auf den 387 m hohen Bergsporn am westlichen Rande des Burgwaldes lohnt sich auf jeden Fall. Beim Blick auf den Horizont in Richtung Rothaargebirge und Sauerland kann man die Seele baumeln lassen. Am Fu\u00dfe des Berges liegt der idyllische Spiegelteich. Auf seiner [&hellip;]<\/p>\n","protected":false},"author":2,"featured_media":0,"parent":0,"menu_order":3,"comment_status":"closed","ping_status":"closed","template":"","meta":{"footnotes":""},"class_list":["post-28","page","type-page","status-publish","hentry"],"jetpack_sharing_enabled":true,"_links":{"self":[{"href":"https:\/\/www.foerderkreis-christenberg.de\/index.php\/wp-json\/wp\/v2\/pages\/28","targetHints":{"allow":["GET"]}}],"collection":[{"href":"https:\/\/www.foerderkreis-christenberg.de\/index.php\/wp-json\/wp\/v2\/pages"}],"about":[{"href":"https:\/\/www.foerderkreis-christenberg.de\/index.php\/wp-json\/wp\/v2\/types\/page"}],"author":[{"embeddable":true,"href":"https:\/\/www.foerderkreis-christenberg.de\/index.php\/wp-json\/wp\/v2\/users\/2"}],"replies":[{"embeddable":true,"href":"https:\/\/www.foerderkreis-christenberg.de\/index.php\/wp-json\/wp\/v2\/comments?post=28"}],"version-history":[{"count":26,"href":"https:\/\/www.foerderkreis-christenberg.de\/index.php\/wp-json\/wp\/v2\/pages\/28\/revisions"}],"predecessor-version":[{"id":2281,"href":"https:\/\/www.foerderkreis-christenberg.de\/index.php\/wp-json\/wp\/v2\/pages\/28\/revisions\/2281"}],"wp:attachment":[{"href":"https:\/\/www.foerderkreis-christenberg.de\/index.php\/wp-json\/wp\/v2\/media?parent=28"}],"curies":[{"name":"wp","href":"https:\/\/api.w.org\/{rel}","templated":true}]}}