{"id":2519,"date":"2026-04-11T16:37:03","date_gmt":"2026-04-11T14:37:03","guid":{"rendered":"https:\/\/www.foerderkreis-christenberg.de\/?page_id=2519"},"modified":"2026-04-11T17:09:24","modified_gmt":"2026-04-11T15:09:24","slug":"putztag-2026","status":"publish","type":"page","link":"https:\/\/www.foerderkreis-christenberg.de\/index.php\/putztag-2026\/","title":{"rendered":"Putztag 2026"},"content":{"rendered":"\n<p>Unsere diesj\u00e4hrige Freischneide-Aktion war am 11. April. Rund drei Stunden lang haben flei\u00dfige Helfer B\u00fcsche geschnitten und Wildkraut entfernt. Wuchernde Dornenstr\u00e4ucher haben manche Schramme hinterlassen.<\/p>\n\n\n\n<p>Schwerpunkte der Aktion waren auch diesmal das Freischneiden und Aufr\u00e4umen &#8211;<\/p>\n\n\n\n<ul class=\"wp-block-list\">\n<li>des Buschwerks zwischen K\u00fcsterhaus und Kirche<\/li>\n\n\n\n<li>des Bewuchses an und auf der Kirchenmauer<\/li>\n\n\n\n<li>von Wildwuchs an Geb\u00e4uden und den historischen Mauerungen, z. B. am S\u00fcdtor<\/li>\n\n\n\n<li>am alten Brunnen\n<ul class=\"wp-block-list\">\n<li>das war heuer eine Herausforderung<\/li>\n<\/ul>\n<\/li>\n\n\n\n<li>rund um die Bonifatius-Trappe<\/li>\n\n\n\n<li>sowie das Entfernen von Moos auf dem alten Backhaus<\/li>\n<\/ul>\n\n\n\n<figure class=\"wp-block-image size-large has-custom-border\"><img loading=\"lazy\" decoding=\"async\" width=\"1024\" height=\"939\" src=\"https:\/\/www.foerderkreis-christenberg.de\/wp-content\/uploads\/2026\/04\/Putztag-2026-01a-1024x939.jpg\" alt=\"\" class=\"wp-image-2522\" style=\"border-top-left-radius:20px;border-top-right-radius:20px;border-bottom-left-radius:20px;border-bottom-right-radius:20px\" srcset=\"https:\/\/www.foerderkreis-christenberg.de\/wp-content\/uploads\/2026\/04\/Putztag-2026-01a-1024x939.jpg 1024w, https:\/\/www.foerderkreis-christenberg.de\/wp-content\/uploads\/2026\/04\/Putztag-2026-01a-300x275.jpg 300w, https:\/\/www.foerderkreis-christenberg.de\/wp-content\/uploads\/2026\/04\/Putztag-2026-01a-768x704.jpg 768w, https:\/\/www.foerderkreis-christenberg.de\/wp-content\/uploads\/2026\/04\/Putztag-2026-01a.jpg 1099w\" sizes=\"auto, (max-width: 1024px) 100vw, 1024px\" \/><figcaption class=\"wp-element-caption\"><strong>Etliche Karren an Schnittgut wurden entsorgt<\/strong><\/figcaption><\/figure>\n\n\n\n<figure class=\"wp-block-image size-large has-custom-border\"><img loading=\"lazy\" decoding=\"async\" width=\"1018\" height=\"1024\" src=\"https:\/\/www.foerderkreis-christenberg.de\/wp-content\/uploads\/2026\/04\/Putztag-2026-02a-1018x1024.jpg\" alt=\"\" class=\"wp-image-2523\" style=\"border-top-left-radius:20px;border-top-right-radius:20px;border-bottom-left-radius:20px;border-bottom-right-radius:20px\" srcset=\"https:\/\/www.foerderkreis-christenberg.de\/wp-content\/uploads\/2026\/04\/Putztag-2026-02a-1018x1024.jpg 1018w, https:\/\/www.foerderkreis-christenberg.de\/wp-content\/uploads\/2026\/04\/Putztag-2026-02a-298x300.jpg 298w, https:\/\/www.foerderkreis-christenberg.de\/wp-content\/uploads\/2026\/04\/Putztag-2026-02a-150x150.jpg 150w, https:\/\/www.foerderkreis-christenberg.de\/wp-content\/uploads\/2026\/04\/Putztag-2026-02a-768x772.jpg 768w, https:\/\/www.foerderkreis-christenberg.de\/wp-content\/uploads\/2026\/04\/Putztag-2026-02a-1528x1536.jpg 1528w, https:\/\/www.foerderkreis-christenberg.de\/wp-content\/uploads\/2026\/04\/Putztag-2026-02a-2037x2048.jpg 2037w\" sizes=\"auto, (max-width: 1018px) 100vw, 1018px\" \/><figcaption class=\"wp-element-caption\"><strong>Das Dach vom Backhaus war voller Moos<\/strong><\/figcaption><\/figure>\n\n\n\n<figure class=\"wp-block-image size-large has-custom-border\"><img loading=\"lazy\" decoding=\"async\" width=\"1024\" height=\"376\" src=\"https:\/\/www.foerderkreis-christenberg.de\/wp-content\/uploads\/2026\/04\/Putztag-2026-02b-1024x376.jpg\" alt=\"\" class=\"wp-image-2524\" style=\"border-top-left-radius:20px;border-top-right-radius:20px;border-bottom-left-radius:20px;border-bottom-right-radius:20px\" srcset=\"https:\/\/www.foerderkreis-christenberg.de\/wp-content\/uploads\/2026\/04\/Putztag-2026-02b-1024x376.jpg 1024w, https:\/\/www.foerderkreis-christenberg.de\/wp-content\/uploads\/2026\/04\/Putztag-2026-02b-300x110.jpg 300w, https:\/\/www.foerderkreis-christenberg.de\/wp-content\/uploads\/2026\/04\/Putztag-2026-02b-768x282.jpg 768w, https:\/\/www.foerderkreis-christenberg.de\/wp-content\/uploads\/2026\/04\/Putztag-2026-02b-1536x564.jpg 1536w, https:\/\/www.foerderkreis-christenberg.de\/wp-content\/uploads\/2026\/04\/Putztag-2026-02b-2048x752.jpg 2048w\" sizes=\"auto, (max-width: 1024px) 100vw, 1024px\" \/><figcaption class=\"wp-element-caption\"><strong>Vorher &#8211; nachher<\/strong><\/figcaption><\/figure>\n\n\n\n<figure class=\"wp-block-image size-large has-custom-border\"><img loading=\"lazy\" decoding=\"async\" width=\"1024\" height=\"723\" src=\"https:\/\/www.foerderkreis-christenberg.de\/wp-content\/uploads\/2026\/04\/Putztag-2026-04a-1024x723.jpg\" alt=\"\" class=\"wp-image-2530\" style=\"border-top-left-radius:20px;border-top-right-radius:20px;border-bottom-left-radius:20px;border-bottom-right-radius:20px\" srcset=\"https:\/\/www.foerderkreis-christenberg.de\/wp-content\/uploads\/2026\/04\/Putztag-2026-04a-1024x723.jpg 1024w, https:\/\/www.foerderkreis-christenberg.de\/wp-content\/uploads\/2026\/04\/Putztag-2026-04a-300x212.jpg 300w, https:\/\/www.foerderkreis-christenberg.de\/wp-content\/uploads\/2026\/04\/Putztag-2026-04a-768x542.jpg 768w, https:\/\/www.foerderkreis-christenberg.de\/wp-content\/uploads\/2026\/04\/Putztag-2026-04a-1536x1085.jpg 1536w, https:\/\/www.foerderkreis-christenberg.de\/wp-content\/uploads\/2026\/04\/Putztag-2026-04a.jpg 1746w\" sizes=\"auto, (max-width: 1024px) 100vw, 1024px\" \/><figcaption class=\"wp-element-caption\"><strong>Im Geb\u00fcsch versteckt sich mancher Wildwuchs &#8230;<\/strong><\/figcaption><\/figure>\n\n\n\n<figure class=\"wp-block-image size-large has-custom-border\"><img loading=\"lazy\" decoding=\"async\" width=\"1024\" height=\"711\" src=\"https:\/\/www.foerderkreis-christenberg.de\/wp-content\/uploads\/2026\/04\/Putztag-2026-06a-1024x711.jpg\" alt=\"\" class=\"wp-image-2532\" style=\"border-top-left-radius:20px;border-top-right-radius:20px;border-bottom-left-radius:20px;border-bottom-right-radius:20px\" srcset=\"https:\/\/www.foerderkreis-christenberg.de\/wp-content\/uploads\/2026\/04\/Putztag-2026-06a-1024x711.jpg 1024w, https:\/\/www.foerderkreis-christenberg.de\/wp-content\/uploads\/2026\/04\/Putztag-2026-06a-300x208.jpg 300w, https:\/\/www.foerderkreis-christenberg.de\/wp-content\/uploads\/2026\/04\/Putztag-2026-06a-768x533.jpg 768w, https:\/\/www.foerderkreis-christenberg.de\/wp-content\/uploads\/2026\/04\/Putztag-2026-06a-1536x1066.jpg 1536w, https:\/\/www.foerderkreis-christenberg.de\/wp-content\/uploads\/2026\/04\/Putztag-2026-06a.jpg 1617w\" sizes=\"auto, (max-width: 1024px) 100vw, 1024px\" \/><figcaption class=\"wp-element-caption\"><strong>&#8230; lieber nochmal genau nachsehen<\/strong><\/figcaption><\/figure>\n\n\n\n<figure class=\"wp-block-image size-large has-custom-border\"><img loading=\"lazy\" decoding=\"async\" width=\"1024\" height=\"863\" src=\"https:\/\/www.foerderkreis-christenberg.de\/wp-content\/uploads\/2026\/04\/Putztag-2026-05a-1024x863.jpg\" alt=\"\" class=\"wp-image-2531\" style=\"border-top-left-radius:20px;border-top-right-radius:20px;border-bottom-left-radius:20px;border-bottom-right-radius:20px\" srcset=\"https:\/\/www.foerderkreis-christenberg.de\/wp-content\/uploads\/2026\/04\/Putztag-2026-05a-1024x863.jpg 1024w, https:\/\/www.foerderkreis-christenberg.de\/wp-content\/uploads\/2026\/04\/Putztag-2026-05a-300x253.jpg 300w, https:\/\/www.foerderkreis-christenberg.de\/wp-content\/uploads\/2026\/04\/Putztag-2026-05a-768x647.jpg 768w, https:\/\/www.foerderkreis-christenberg.de\/wp-content\/uploads\/2026\/04\/Putztag-2026-05a-1536x1294.jpg 1536w, https:\/\/www.foerderkreis-christenberg.de\/wp-content\/uploads\/2026\/04\/Putztag-2026-05a-2048x1725.jpg 2048w\" sizes=\"auto, (max-width: 1024px) 100vw, 1024px\" \/><figcaption class=\"wp-element-caption\"><strong>Der alte Brunnen war eine Herausforderung<\/strong><\/figcaption><\/figure>\n\n\n\n<figure class=\"wp-block-image size-large has-custom-border\"><img loading=\"lazy\" decoding=\"async\" width=\"1024\" height=\"722\" src=\"https:\/\/www.foerderkreis-christenberg.de\/wp-content\/uploads\/2026\/04\/Putztag-2026-08a-1024x722.jpg\" alt=\"\" class=\"wp-image-2534\" style=\"border-top-left-radius:20px;border-top-right-radius:20px;border-bottom-left-radius:20px;border-bottom-right-radius:20px\" srcset=\"https:\/\/www.foerderkreis-christenberg.de\/wp-content\/uploads\/2026\/04\/Putztag-2026-08a-1024x722.jpg 1024w, https:\/\/www.foerderkreis-christenberg.de\/wp-content\/uploads\/2026\/04\/Putztag-2026-08a-300x212.jpg 300w, https:\/\/www.foerderkreis-christenberg.de\/wp-content\/uploads\/2026\/04\/Putztag-2026-08a-768x542.jpg 768w, https:\/\/www.foerderkreis-christenberg.de\/wp-content\/uploads\/2026\/04\/Putztag-2026-08a-1536x1083.jpg 1536w, https:\/\/www.foerderkreis-christenberg.de\/wp-content\/uploads\/2026\/04\/Putztag-2026-08a-2048x1444.jpg 2048w\" sizes=\"auto, (max-width: 1024px) 100vw, 1024px\" \/><figcaption class=\"wp-element-caption\"><strong>&#8230; geschafft und Feierabend<\/strong><\/figcaption><\/figure>\n\n\n\n<p>Zur Belohnung gab&#8217;s anschlie\u00dfend eine St\u00e4rkung und Erfrischung im Gasthaus. Wer n\u00e4chstes Jahr wieder mitmachen m\u00f6chte &#8211; es wird wohl wieder ein Samstag im April sein.<\/p>\n","protected":false},"excerpt":{"rendered":"<p>Unsere diesj\u00e4hrige Freischneide-Aktion war am 11. April. Rund drei Stunden lang haben flei\u00dfige Helfer B\u00fcsche geschnitten und Wildkraut entfernt. Wuchernde Dornenstr\u00e4ucher haben manche Schramme hinterlassen. Schwerpunkte der Aktion waren auch diesmal das Freischneiden und Aufr\u00e4umen &#8211; Zur Belohnung gab&#8217;s anschlie\u00dfend eine St\u00e4rkung und Erfrischung im Gasthaus. Wer n\u00e4chstes Jahr wieder mitmachen m\u00f6chte &#8211; es wird [&hellip;]<\/p>\n","protected":false},"author":2,"featured_media":2521,"parent":0,"menu_order":0,"comment_status":"closed","ping_status":"closed","template":"","meta":{"footnotes":""},"class_list":["post-2519","page","type-page","status-publish","has-post-thumbnail","hentry"],"jetpack_sharing_enabled":true,"_links":{"self":[{"href":"https:\/\/www.foerderkreis-christenberg.de\/index.php\/wp-json\/wp\/v2\/pages\/2519","targetHints":{"allow":["GET"]}}],"collection":[{"href":"https:\/\/www.foerderkreis-christenberg.de\/index.php\/wp-json\/wp\/v2\/pages"}],"about":[{"href":"https:\/\/www.foerderkreis-christenberg.de\/index.php\/wp-json\/wp\/v2\/types\/page"}],"author":[{"embeddable":true,"href":"https:\/\/www.foerderkreis-christenberg.de\/index.php\/wp-json\/wp\/v2\/users\/2"}],"replies":[{"embeddable":true,"href":"https:\/\/www.foerderkreis-christenberg.de\/index.php\/wp-json\/wp\/v2\/comments?post=2519"}],"version-history":[{"count":7,"href":"https:\/\/www.foerderkreis-christenberg.de\/index.php\/wp-json\/wp\/v2\/pages\/2519\/revisions"}],"predecessor-version":[{"id":2539,"href":"https:\/\/www.foerderkreis-christenberg.de\/index.php\/wp-json\/wp\/v2\/pages\/2519\/revisions\/2539"}],"wp:featuredmedia":[{"embeddable":true,"href":"https:\/\/www.foerderkreis-christenberg.de\/index.php\/wp-json\/wp\/v2\/media\/2521"}],"wp:attachment":[{"href":"https:\/\/www.foerderkreis-christenberg.de\/index.php\/wp-json\/wp\/v2\/media?parent=2519"}],"curies":[{"name":"wp","href":"https:\/\/api.w.org\/{rel}","templated":true}]}}