{"id":19,"date":"2011-06-23T16:49:14","date_gmt":"2011-06-23T14:49:14","guid":{"rendered":"http:\/\/www.foerderkreis-christenberg.de\/index.php\/dauerausstellung\/"},"modified":"2026-02-16T22:33:24","modified_gmt":"2026-02-16T21:33:24","slug":"dauerausstellung","status":"publish","type":"page","link":"https:\/\/www.foerderkreis-christenberg.de\/index.php\/altes-kuesterhaus\/dauerausstellung\/","title":{"rendered":"Dauerausstellung Kelten und Franken auf dem Christenberg"},"content":{"rendered":"\n<div class=\"wp-block-group has-base-background-color has-background has-global-padding is-layout-constrained wp-container-core-group-is-layout-9e9be3cb wp-block-group-is-layout-constrained\" style=\"border-radius:10px;padding-top:var(--wp--preset--spacing--20);padding-right:var(--wp--preset--spacing--20);padding-bottom:var(--wp--preset--spacing--20);padding-left:var(--wp--preset--spacing--20);box-shadow:var(--wp--preset--shadow--natural)\">\n<div class=\"wp-block-group has-global-padding is-layout-constrained wp-block-group-is-layout-constrained\" style=\"border-radius:10px;box-shadow:var(--wp--preset--shadow--natural)\">\n<h2 class=\"wp-block-heading\">Die Kelten<\/h2>\n\n\n\n<p><strong>Vorgeschichtliche Spuren auf dem Christenberg &#8211; V\u00f6lker der Eisenzeit von 750 vor Chr. bis um Chr. Geburt<\/strong><\/p>\n<\/div>\n\n\n\n<figure class=\"wp-block-image size-full has-custom-border\"><img loading=\"lazy\" decoding=\"async\" width=\"908\" height=\"798\" src=\"https:\/\/www.foerderkreis-christenberg.de\/wp-content\/uploads\/2018\/06\/Buchbeschlag.jpg\" alt=\"Karolingischer Buchbeschlag, gefunden auf dem Christenberg\" class=\"wp-image-275\" style=\"border-radius:20px;box-shadow:var(--wp--preset--shadow--natural)\" srcset=\"https:\/\/www.foerderkreis-christenberg.de\/wp-content\/uploads\/2018\/06\/Buchbeschlag.jpg 908w, https:\/\/www.foerderkreis-christenberg.de\/wp-content\/uploads\/2018\/06\/Buchbeschlag-300x264.jpg 300w, https:\/\/www.foerderkreis-christenberg.de\/wp-content\/uploads\/2018\/06\/Buchbeschlag-768x675.jpg 768w\" sizes=\"auto, (max-width: 908px) 100vw, 908px\" \/><figcaption class=\"wp-element-caption\">Buchbeschlag<\/figcaption><\/figure>\n\n\n\n<div class=\"wp-block-group has-accent-2-background-color has-background has-global-padding is-layout-constrained wp-container-core-group-is-layout-9e9be3cb wp-block-group-is-layout-constrained\" style=\"border-radius:10px;padding-top:var(--wp--preset--spacing--20);padding-right:var(--wp--preset--spacing--20);padding-bottom:var(--wp--preset--spacing--20);padding-left:var(--wp--preset--spacing--20);box-shadow:var(--wp--preset--shadow--natural)\">\n<div class=\"wp-block-group has-global-padding is-layout-constrained wp-container-core-group-is-layout-9e9be3cb wp-block-group-is-layout-constrained\" style=\"border-width:1px;border-radius:10px;padding-top:var(--wp--preset--spacing--20);padding-right:var(--wp--preset--spacing--20);padding-bottom:var(--wp--preset--spacing--20);padding-left:var(--wp--preset--spacing--20);box-shadow:var(--wp--preset--shadow--natural)\">\n<p>Die vorgeschichtliche Besiedlung<\/p>\n\n\n\n<details class=\"wp-block-details has-base-background-color has-background is-layout-flow wp-block-details-is-layout-flow\" style=\"border-width:1px;padding-top:var(--wp--preset--spacing--20);padding-right:var(--wp--preset--spacing--20);padding-bottom:var(--wp--preset--spacing--20);padding-left:var(--wp--preset--spacing--20)\"><summary>Hintergrund<\/summary>\n<p>\u201e<em>Die&nbsp;<strong>fr\u00fche Phase der Eisenzeit<\/strong>&nbsp;wird in Mitteleuropa nach einem ber\u00fchmten Fundort im \u00f6sterreichischen Salzkammergut&nbsp;<strong>Hallstattkultur<\/strong>&nbsp;genannt. Hallstatt war im 8. Jahrhundert v. Chr. ein zentraler Ort f\u00fcr den Salzbergbau.&nbsp;<\/em><\/p>\n\n\n\n<p><em>Weitreichende Handelsbeziehungen und eine florierende Wirtschaft verhalfen der Bev\u00f6lkerung zu einigem Wohlstand \u2026 Jedenfalls kristallisieren sich w\u00e4hrend der Hallstattzeit neue Machtverh\u00e4ltnisse heraus, innerhalb derer sich eine F\u00fchrungsschicht in kleinr\u00e4umigen Herrschaftsgebieten sichtbar durch befestigte sogenannte F\u00fcrstensitze und F\u00fcrstengr\u00e4ber pr\u00e4sentiert \u2026 Kerngebiete der fr\u00fchen Eisenzeit sind S\u00fcdwestdeutschland und Ostfrankreich. Importgegenst\u00e4nde aus westmediterranen und italienischen wie griechischen Kolonien \u2026 belegen die Kontakte zum Mittelmeerraum und die Nachahmung dortigen Lebensstils.<\/em><\/p>\n\n\n\n<p><em>Die&nbsp;<strong>sp\u00e4te Eisenzeit<\/strong>, die&nbsp;<strong>Lat\u00e8nezeit<\/strong>, benannt nach einem bedeutenden Fundplatz am Neuenburger See in der Schweiz, wo \u2026 eine F\u00fclle von Waffen und Ger\u00e4ten zutage kamen, ist in Mitteleuropa die Zeit der Kelten.&nbsp;<\/em><\/p>\n\n\n\n<p><em>Durch die Berichte griechischer und r\u00f6mischer Geschichtsschreiber sind f\u00fcr diese Zeit erstmals V\u00f6lkerschaften namentlich fa\u00dfbar \u2026 Die Machtzentren verschieben sich von S\u00fcddeutschland nach Nordwesten \u2026 zwischen Mittelrhein, Mosel und Saar. Hier entsteht unter dem Eindruck des intensiven Kontakts mit den mittelmeerischen L\u00e4ndern ein neuer Kunststil, der sich \u2026in einer Reihe reich ausgestatteter \u201eF\u00fcrstengr\u00e4ber\u201c widerspiegelt<\/em>.\u201c<\/p>\n\n\n\n<p><em>Quelle: Kirsten Gebhard, Die vorgeschichtliche Besiedlung, S. 54ff<\/em>.<\/p>\n<\/details>\n<\/div>\n\n\n\n<p>Auf dem Christenberg bestand von 420 \u2013 um 200 vor Christus eine erste stark befestigte und eng bebaute Siedlung, die als fr\u00fchkeltischer F\u00fcrstensitz zu bezeichnen ist. <\/p>\n\n\n\n<p>Nach dem Verschwinden der Kelten war der Christenberg \u00fcber achthundert Jahre lang unbefestigt und unbesiedelt.<\/p>\n<\/div>\n\n\n\n<figure class=\"wp-block-gallery has-nested-images columns-default is-cropped has-accent-2-background-color has-background wp-block-gallery-1 is-layout-flex wp-block-gallery-is-layout-flex\" style=\"border-width:1px;border-radius:10px;padding-top:var(--wp--preset--spacing--20);padding-right:var(--wp--preset--spacing--20);padding-bottom:var(--wp--preset--spacing--20);padding-left:var(--wp--preset--spacing--20)\">\n<figure class=\"wp-block-image size-large\"><img loading=\"lazy\" decoding=\"async\" width=\"1024\" height=\"469\" data-id=\"322\" src=\"https:\/\/www.foerderkreis-christenberg.de\/wp-content\/uploads\/2018\/11\/Christenberg-Keltische-Funde_Spinnwirtel-1024x469.jpg\" alt=\"\" class=\"wp-image-322\" srcset=\"https:\/\/www.foerderkreis-christenberg.de\/wp-content\/uploads\/2018\/11\/Christenberg-Keltische-Funde_Spinnwirtel-1024x469.jpg 1024w, https:\/\/www.foerderkreis-christenberg.de\/wp-content\/uploads\/2018\/11\/Christenberg-Keltische-Funde_Spinnwirtel-300x137.jpg 300w, https:\/\/www.foerderkreis-christenberg.de\/wp-content\/uploads\/2018\/11\/Christenberg-Keltische-Funde_Spinnwirtel-768x352.jpg 768w, https:\/\/www.foerderkreis-christenberg.de\/wp-content\/uploads\/2018\/11\/Christenberg-Keltische-Funde_Spinnwirtel.jpg 1364w\" sizes=\"auto, (max-width: 1024px) 100vw, 1024px\" \/><\/figure>\n\n\n\n<figure class=\"wp-block-image size-large\"><img loading=\"lazy\" decoding=\"async\" width=\"1024\" height=\"612\" data-id=\"424\" src=\"https:\/\/www.foerderkreis-christenberg.de\/wp-content\/uploads\/2020\/02\/CIMG2893-1024x612.jpg\" alt=\"\" class=\"wp-image-424\" srcset=\"https:\/\/www.foerderkreis-christenberg.de\/wp-content\/uploads\/2020\/02\/CIMG2893-1024x612.jpg 1024w, https:\/\/www.foerderkreis-christenberg.de\/wp-content\/uploads\/2020\/02\/CIMG2893-300x179.jpg 300w, https:\/\/www.foerderkreis-christenberg.de\/wp-content\/uploads\/2020\/02\/CIMG2893-768x459.jpg 768w, https:\/\/www.foerderkreis-christenberg.de\/wp-content\/uploads\/2020\/02\/CIMG2893-1536x917.jpg 1536w, https:\/\/www.foerderkreis-christenberg.de\/wp-content\/uploads\/2020\/02\/CIMG2893-2048x1223.jpg 2048w\" sizes=\"auto, (max-width: 1024px) 100vw, 1024px\" \/><\/figure>\n\n\n\n<figure class=\"wp-block-image size-large\"><a href=\"https:\/\/www.foerderkreis-christenberg.de\/wp-content\/uploads\/2020\/02\/CIMG2892.jpg\" target=\"_blank\" rel=\" noreferrer noopener\"><img loading=\"lazy\" decoding=\"async\" width=\"768\" height=\"1024\" data-id=\"425\" src=\"https:\/\/www.foerderkreis-christenberg.de\/wp-content\/uploads\/2020\/02\/CIMG2892-768x1024.jpg\" alt=\"\" class=\"wp-image-425\" srcset=\"https:\/\/www.foerderkreis-christenberg.de\/wp-content\/uploads\/2020\/02\/CIMG2892-768x1024.jpg 768w, https:\/\/www.foerderkreis-christenberg.de\/wp-content\/uploads\/2020\/02\/CIMG2892-225x300.jpg 225w, https:\/\/www.foerderkreis-christenberg.de\/wp-content\/uploads\/2020\/02\/CIMG2892-1152x1536.jpg 1152w, https:\/\/www.foerderkreis-christenberg.de\/wp-content\/uploads\/2020\/02\/CIMG2892-1536x2048.jpg 1536w, https:\/\/www.foerderkreis-christenberg.de\/wp-content\/uploads\/2020\/02\/CIMG2892.jpg 1728w\" sizes=\"auto, (max-width: 768px) 100vw, 768px\" \/><\/a><\/figure>\n<\/figure>\n\n\n\n<div style=\"height:20px\" aria-hidden=\"true\" class=\"wp-block-spacer\"><\/div>\n\n\n\n<div class=\"wp-block-group has-global-padding is-layout-constrained wp-block-group-is-layout-constrained\" style=\"border-radius:10px;box-shadow:var(--wp--preset--shadow--natural)\">\n<h2 class=\"wp-block-heading\">Die Franken<\/h2>\n\n\n\n<p>\u00dcber die fr\u00fchere Bedeutung der Kesterburg auf dem Christenberg liegen keinerlei Schriftquellen vor. Sie war von der zweiten H\u00e4lfte des 7. Jahrhunderts an bis weit ins 9. Jahrhundert eine der fr\u00e4nkischen Reichsgewalt zuzuordnende Befestigung.<\/p>\n<\/div>\n\n\n\n<div class=\"wp-block-group has-accent-2-background-color has-background has-global-padding is-layout-constrained wp-container-core-group-is-layout-9e9be3cb wp-block-group-is-layout-constrained\" style=\"border-radius:10px;padding-top:var(--wp--preset--spacing--20);padding-right:var(--wp--preset--spacing--20);padding-bottom:var(--wp--preset--spacing--20);padding-left:var(--wp--preset--spacing--20);box-shadow:var(--wp--preset--shadow--natural)\">\n<p>Der mittel- und nordhessische Raum zwischen den Stammes-Gebieten von Franken, Sachsen und Th\u00fcringern gewinnt an Bedeutung, als die fr\u00e4nkische Reichsgewalt in dieses Gebiet ausgreift und es im 7. Jahrhundert einzugliedern beginnt. Das f\u00fchrte schlie\u00dflich nach vielen historisch weniger gut \u00fcberlieferten Kriegen zu der drei\u00dfig Jahre w\u00e4hrenden Auseinandersetzung am Ende des 8. Jahrhunderts und zur Unterwerfung Sachsens.<\/p>\n\n\n\n<p>Bei der f\u00fcr das Jahr 778 bezeugten gro\u00dfen Schlacht von Laisa zwischen Franken und Sachsen war die Kesterburg wahrscheinlich die Operationsbasis des siegreichen fr\u00e4nkischen Heeres.<\/p>\n\n\n\n<p>In diesen historischen Rahmen geh\u00f6rt die erneute Befestigung des Christenberges an der gro\u00dfen Nord-S\u00fcd verlaufenden Weinstra\u00dfe (Wagenstra\u00dfe), die aus dem Raum Frankfurt \u00fcber die Eresburg (Obermarsberg) nach Paderborn und ins Sachsenland f\u00fchrte.<\/p>\n<\/div>\n<\/div>\n\n\n\n<div class=\"wp-block-group has-base-background-color has-background has-global-padding is-layout-constrained wp-container-core-group-is-layout-c06d165c wp-block-group-is-layout-constrained\" style=\"border-radius:10px;padding-top:0;padding-right:0;padding-bottom:0;padding-left:0;box-shadow:var(--wp--preset--shadow--natural)\">\n<figure class=\"wp-block-table is-style-regular has-medium-font-size\" style=\"margin-top:var(--wp--preset--spacing--30);margin-right:0;margin-bottom:var(--wp--preset--spacing--30);margin-left:0;padding-top:var(--wp--preset--spacing--20);padding-right:var(--wp--preset--spacing--20);padding-bottom:var(--wp--preset--spacing--20);padding-left:var(--wp--preset--spacing--20)\"><table class=\"has-accent-2-color has-contrast-background-color has-text-color has-background has-link-color has-fixed-layout\" style=\"border-width:4px\"><tbody><tr><td class=\"has-text-align-center\" data-align=\"center\"><a href=\"https:\/\/www.foerderkreis-christenberg.de\/index.php\/altes-kuesterhaus\/der-kuester-damals\/\" data-type=\"page\" data-id=\"773\">Der K\u00fcster damals<\/a><\/td><td class=\"has-text-align-center\" data-align=\"center\"><a href=\"https:\/\/www.foerderkreis-christenberg.de\/index.php\/altes-kuesterhaus\/wechselausstellungen\/\" data-type=\"page\" data-id=\"20\">Sonder-Ausstellung<\/a><\/td><\/tr><tr><td class=\"has-text-align-center\" data-align=\"center\"><a href=\"https:\/\/www.foerderkreis-christenberg.de\/index.php\/altes-kuesterhaus\/\" data-type=\"page\" data-id=\"16\">Altes K\u00fcsterhaus<\/a><\/td><td class=\"has-text-align-center\" data-align=\"center\"><a href=\"https:\/\/www.foerderkreis-christenberg.de\/index.php\/backhaus\/\" data-type=\"page\" data-id=\"482\">Das alte Backhaus<\/a><\/td><\/tr><\/tbody><\/table><\/figure>\n<\/div>\n\n\n\n<p><\/p>\n","protected":false},"excerpt":{"rendered":"<p>Die Kelten Vorgeschichtliche Spuren auf dem Christenberg &#8211; V\u00f6lker der Eisenzeit von 750 vor Chr. bis um Chr. Geburt Die vorgeschichtliche Besiedlung Auf dem Christenberg bestand von 420 \u2013 um 200 vor Christus eine erste stark befestigte und eng bebaute Siedlung, die als fr\u00fchkeltischer F\u00fcrstensitz zu bezeichnen ist. Nach dem Verschwinden der Kelten war der [&hellip;]<\/p>\n","protected":false},"author":2,"featured_media":0,"parent":16,"menu_order":41,"comment_status":"closed","ping_status":"closed","template":"","meta":{"footnotes":""},"class_list":["post-19","page","type-page","status-publish","hentry"],"jetpack_sharing_enabled":true,"_links":{"self":[{"href":"https:\/\/www.foerderkreis-christenberg.de\/index.php\/wp-json\/wp\/v2\/pages\/19","targetHints":{"allow":["GET"]}}],"collection":[{"href":"https:\/\/www.foerderkreis-christenberg.de\/index.php\/wp-json\/wp\/v2\/pages"}],"about":[{"href":"https:\/\/www.foerderkreis-christenberg.de\/index.php\/wp-json\/wp\/v2\/types\/page"}],"author":[{"embeddable":true,"href":"https:\/\/www.foerderkreis-christenberg.de\/index.php\/wp-json\/wp\/v2\/users\/2"}],"replies":[{"embeddable":true,"href":"https:\/\/www.foerderkreis-christenberg.de\/index.php\/wp-json\/wp\/v2\/comments?post=19"}],"version-history":[{"count":29,"href":"https:\/\/www.foerderkreis-christenberg.de\/index.php\/wp-json\/wp\/v2\/pages\/19\/revisions"}],"predecessor-version":[{"id":2209,"href":"https:\/\/www.foerderkreis-christenberg.de\/index.php\/wp-json\/wp\/v2\/pages\/19\/revisions\/2209"}],"up":[{"embeddable":true,"href":"https:\/\/www.foerderkreis-christenberg.de\/index.php\/wp-json\/wp\/v2\/pages\/16"}],"wp:attachment":[{"href":"https:\/\/www.foerderkreis-christenberg.de\/index.php\/wp-json\/wp\/v2\/media?parent=19"}],"curies":[{"name":"wp","href":"https:\/\/api.w.org\/{rel}","templated":true}]}}