{"id":1747,"date":"2026-01-30T15:39:08","date_gmt":"2026-01-30T14:39:08","guid":{"rendered":"https:\/\/www.foerderkreis-christenberg.de\/?page_id=1747"},"modified":"2026-04-20T18:02:09","modified_gmt":"2026-04-20T16:02:09","slug":"drehleier-konzert","status":"publish","type":"page","link":"https:\/\/www.foerderkreis-christenberg.de\/index.php\/besondere-termine\/drehleier-konzert\/","title":{"rendered":"Drehleier-Konzert"},"content":{"rendered":"\n<div class=\"wp-block-group has-global-padding is-layout-constrained wp-container-core-group-is-layout-9e9be3cb wp-block-group-is-layout-constrained\" style=\"border-radius:10px;padding-top:var(--wp--preset--spacing--20);padding-right:var(--wp--preset--spacing--20);padding-bottom:var(--wp--preset--spacing--20);padding-left:var(--wp--preset--spacing--20);box-shadow:var(--wp--preset--shadow--natural)\">\n<div class=\"wp-block-group has-accent-2-color has-accent-3-background-color has-text-color has-background has-link-color wp-elements-8da1f2ed81d9df0c5de03e1db62d6a08 has-global-padding is-layout-constrained wp-container-core-group-is-layout-9e9be3cb wp-block-group-is-layout-constrained\" style=\"border-width:1px;border-radius:10px;padding-top:var(--wp--preset--spacing--20);padding-right:var(--wp--preset--spacing--20);padding-bottom:var(--wp--preset--spacing--20);padding-left:var(--wp--preset--spacing--20);box-shadow:var(--wp--preset--shadow--natural);background-image:url(&apos;https:\/\/www.foerderkreis-christenberg.de\/wp-content\/uploads\/2012\/02\/martinsfuss.JPG&apos;);background-position:100% 50%;background-repeat:no-repeat;background-size:contain;background-attachment:scroll;\">\n<h2 class=\"wp-block-heading\"><\/h2>\n\n\n\n<p>Sonntag, 19. April 2026 ab 16:30 Uhr<\/p>\n\n\n\n<p>Martinskirche auf dem Christenberg<\/p>\n<\/div>\n\n\n\n<div style=\"height:10px\" aria-hidden=\"true\" class=\"wp-block-spacer\"><\/div>\n\n\n\n<div data-wp-context=\"{ &quot;autoclose&quot;: false, &quot;accordionItems&quot;: [] }\" data-wp-interactive=\"core\/accordion\" role=\"group\" class=\"wp-block-accordion is-layout-flow wp-block-accordion-is-layout-flow\">\n<div data-wp-class--is-open=\"state.isOpen\" data-wp-context=\"{ &quot;id&quot;: &quot;accordion-item-1&quot;, &quot;openByDefault&quot;: false }\" data-wp-init=\"callbacks.initAccordionItems\" data-wp-on-window--hashchange=\"callbacks.hashChange\" class=\"wp-block-accordion-item is-layout-flow wp-block-accordion-item-is-layout-flow\" style=\"border-style:none;border-width:0px;border-top-left-radius:10px;border-top-right-radius:10px;border-bottom-left-radius:10px;border-bottom-right-radius:10px;box-shadow:var(--wp--preset--shadow--natural)\">\n<h3 class=\"wp-block-accordion-heading has-accent-2-color has-contrast-background-color has-text-color has-background has-link-color has-x-large-font-size wp-elements-9be91c4a816641def0eafc481a5302ad\" style=\"border-top-left-radius:10px;border-top-right-radius:10px;border-bottom-left-radius:10px;border-bottom-right-radius:10px;box-shadow:none\"><button aria-expanded=\"false\" aria-controls=\"accordion-item-1-panel\" data-wp-bind--aria-expanded=\"state.isOpen\" data-wp-on--click=\"actions.toggle\" data-wp-on--keydown=\"actions.handleKeyDown\" id=\"accordion-item-1\" type=\"button\" class=\"wp-block-accordion-heading__toggle\" style=\"padding-right:var(--wp--preset--spacing--20);padding-left:var(--wp--preset--spacing--20)\"><span class=\"wp-block-accordion-heading__toggle-title\">Konzert Programm<\/span><span class=\"wp-block-accordion-heading__toggle-icon\" aria-hidden=\"true\">+<\/span><\/button><\/h3>\n\n\n\n<div inert aria-labelledby=\"accordion-item-1\" data-wp-bind--inert=\"!state.isOpen\" id=\"accordion-item-1-panel\" role=\"region\" class=\"wp-block-accordion-panel is-layout-flow wp-block-accordion-panel-is-layout-flow\">\n<div class=\"wp-block-group has-base-background-color has-background has-global-padding is-layout-constrained wp-container-core-group-is-layout-9e9be3cb wp-block-group-is-layout-constrained\" style=\"border-top-left-radius:10px;border-top-right-radius:10px;border-bottom-left-radius:10px;border-bottom-right-radius:10px;padding-top:var(--wp--preset--spacing--20);padding-right:var(--wp--preset--spacing--20);padding-bottom:var(--wp--preset--spacing--20);padding-left:var(--wp--preset--spacing--20)\">\n<ul class=\"wp-block-list\">\n<li>Nos autem gloriari oportet Gregorianische Antiphon aus dem Graduale Romanum mit Organistrum, dem geistlichen Vorl\u00e4ufer der Drehleier<\/li>\n<\/ul>\n\n\n\n<ul class=\"wp-block-list\">\n<li>Victimae paschali laudes Wipo von Burgund (vor 1000 &#8211; nach 1047), mit Organistrum<\/li>\n<\/ul>\n\n\n\n<ul class=\"wp-block-list\">\n<li>Laus trinitati Hymnus von Hildegard von Bingen (1098-1179), begleitet mit Shrutibox<\/li>\n<\/ul>\n\n\n\n<ul class=\"wp-block-list\">\n<li>Ductia Mittelalterlicher Tanz f\u00fcr gr. Sinfonia (weltlicher Vorl\u00e4ufer der Drehleier) und verschiedene Blockfl\u00f6ten<\/li>\n<\/ul>\n\n\n\n<ul class=\"wp-block-list\">\n<li>Ce fu en mai Moniot d\u2019Arras (1190-1239), mit gr. Sinfonia und Blockfl\u00f6te, fr\u00fche Mehrstimmigkeit (Ars antiqua)<\/li>\n<\/ul>\n\n\n\n<ul class=\"wp-block-list\">\n<li>Tant con je vivrais Adam de la Halle (ca.1230-1287), 3-stimmig (Ars Nova) mit Organistrum<\/li>\n<\/ul>\n\n\n\n<ul class=\"wp-block-list\">\n<li>Alle, psallite &#8211; Alleluya anonym, 3-stimmig, Fr\u00fche Mehrstimmigkeit (Ars Nova) mit Organistrum<\/li>\n<\/ul>\n\n\n\n<ul class=\"wp-block-list\">\n<li>Der oben swebt Oswald von Wolkenstein (1377-1445) mit Organistrum<\/li>\n<\/ul>\n\n\n\n<ul class=\"wp-block-list\">\n<li>Wer das elent bawen wel Deutsches Jakobspilgerlied mit Organistrum<\/li>\n<\/ul>\n\n\n\n<ul class=\"wp-block-list\">\n<li>Quand nous partimes Franz\u00f6sisches Jakobspilgerlied mit Organistrum<\/li>\n<\/ul>\n\n\n\n<ul class=\"wp-block-list\">\n<li>Hymnus de S. Jacobus aus dem Codex Calixtinus, 12. Jh. mit Organistrum<\/li>\n<\/ul>\n\n\n\n<ul class=\"wp-block-list\">\n<li>Verbum bonum et suave aus dem Codex Las Huelgas, 13. Jh. mit Organistrum<\/li>\n<\/ul>\n\n\n\n<ul class=\"wp-block-list\">\n<li>Mittelalterlicher Tanz f\u00fcr kleine Sinfonia, weltlicher Vorl\u00e4ufer der Drehleier, Kirchentonarten einstellbar<\/li>\n<\/ul>\n\n\n\n<ul class=\"wp-block-list\">\n<li>Basse danse La Mourisque aus der Sammlung Tilman Susato f\u00fcr gr. Sinfonia und Blockfl\u00f6ten, 16. Jh.<\/li>\n<\/ul>\n\n\n\n<ul class=\"wp-block-list\">\n<li>Aufzug der Spielleute aus der Sammlung Tilman Susato f\u00fcr zwei Drehleiern<\/li>\n<\/ul>\n\n\n\n<ul class=\"wp-block-list\">\n<li>Bourree du plaise Mic Baudimant, f\u00fcr kleine Sinfonia (auf alle Kichentonarten einstellbar)<\/li>\n<\/ul>\n\n\n\n<ul class=\"wp-block-list\">\n<li>Heiteres Licht nach dem Hymnus \u201ePhos hilarion\u201c in der Fassung der evangelischen Michaelsbruderschaft nach m\u00fcndlicher \u00dcberlieferung mit Organistrum<\/li>\n<\/ul>\n\n\n\n<ul class=\"wp-block-list\">\n<li>Spielst\u00fcck des tschechischen \u201eLucec\u201c-Ensembles f\u00fcr zwei Drehleiern und Oberstimme<\/li>\n<\/ul>\n<\/div>\n<\/div>\n<\/div>\n<\/div>\n\n\n\n<div data-wp-context=\"{ &quot;autoclose&quot;: false, &quot;accordionItems&quot;: [] }\" data-wp-interactive=\"core\/accordion\" role=\"group\" class=\"wp-block-accordion is-layout-flow wp-block-accordion-is-layout-flow\">\n<div data-wp-class--is-open=\"state.isOpen\" data-wp-context=\"{ &quot;id&quot;: &quot;accordion-item-2&quot;, &quot;openByDefault&quot;: false }\" data-wp-init=\"callbacks.initAccordionItems\" data-wp-on-window--hashchange=\"callbacks.hashChange\" class=\"wp-block-accordion-item is-layout-flow wp-block-accordion-item-is-layout-flow\" style=\"border-style:none;border-width:0px;border-top-left-radius:10px;border-top-right-radius:10px;border-bottom-left-radius:10px;border-bottom-right-radius:10px;box-shadow:var(--wp--preset--shadow--natural)\">\n<h3 class=\"wp-block-accordion-heading has-accent-2-color has-contrast-background-color has-text-color has-background has-link-color has-x-large-font-size wp-elements-762cbafc89e3d773feced1460d4bf18f\" style=\"border-top-left-radius:10px;border-top-right-radius:10px;border-bottom-left-radius:10px;border-bottom-right-radius:10px;box-shadow:none\"><button aria-expanded=\"false\" aria-controls=\"accordion-item-2-panel\" data-wp-bind--aria-expanded=\"state.isOpen\" data-wp-on--click=\"actions.toggle\" data-wp-on--keydown=\"actions.handleKeyDown\" id=\"accordion-item-2\" type=\"button\" class=\"wp-block-accordion-heading__toggle\" style=\"padding-right:var(--wp--preset--spacing--20);padding-left:var(--wp--preset--spacing--20)\"><span class=\"wp-block-accordion-heading__toggle-title\">Konzert Bericht<\/span><span class=\"wp-block-accordion-heading__toggle-icon\" aria-hidden=\"true\">+<\/span><\/button><\/h3>\n\n\n\n<div inert aria-labelledby=\"accordion-item-2\" data-wp-bind--inert=\"!state.isOpen\" id=\"accordion-item-2-panel\" role=\"region\" class=\"wp-block-accordion-panel is-layout-flow wp-block-accordion-panel-is-layout-flow\">\n<div class=\"wp-block-group has-base-background-color has-background has-global-padding is-layout-constrained wp-container-core-group-is-layout-9e9be3cb wp-block-group-is-layout-constrained\" style=\"border-top-left-radius:10px;border-top-right-radius:10px;border-bottom-left-radius:10px;border-bottom-right-radius:10px;padding-top:var(--wp--preset--spacing--20);padding-right:var(--wp--preset--spacing--20);padding-bottom:var(--wp--preset--spacing--20);padding-left:var(--wp--preset--spacing--20)\">\n<p><strong>Bonifatius-Ensemble des Musikinstrumenten-Museums Li\u00dfberg<\/strong><\/p>\n\n\n\n<p class=\"has-x-large-font-size\"><strong>Drehleiermusik aus verschiedenen Jahrhunderten<\/strong><\/p>\n\n\n\n<p><strong>am 19. April 2026 um 16.30 Uhr in M\u00fcnchhausen, Martinskirche auf dem Christenberg<\/strong>.<\/p>\n\n\n\n<div class=\"wp-block-group has-accent-2-color has-contrast-background-color has-text-color has-background has-link-color wp-elements-74ab8fea57fa60120d243337bed165b9 has-global-padding is-layout-constrained wp-container-core-group-is-layout-c9115f92 wp-block-group-is-layout-constrained\" style=\"border-top-left-radius:10px;border-top-right-radius:10px;border-bottom-left-radius:10px;border-bottom-right-radius:10px;padding-right:var(--wp--preset--spacing--20);padding-left:var(--wp--preset--spacing--20);box-shadow:var(--wp--preset--shadow--natural)\">\n<p>Es spielte das <strong>Bonifatius-Ensemble Li\u00dfberg <\/strong>in folgender Besetzung:<\/p>\n\n\n\n<p>Dr. Martina Spies-Gehrig, Gesang, Drehleier, Organistrum<\/p>\n\n\n\n<p>Gabriele Torp-Biladama, Gesang, Blockfl\u00f6ten, Organistrum<\/p>\n\n\n\n<p>Kurt Racky, Gesang, Sinfonia, Organistrum, Drehleier, Leitung<\/p>\n<\/div>\n\n\n\n<p>Das war fast schon eine Soir\u00e9e an diesem fortgeschrittenen Nachmittag auf dem Christenberg. Ein spielfreudiges Trio pr\u00e4sentierte Musik, zumeist geistliche, aus sieben Jahrhunderten. Wipo von Burgund, Hildegard von Bingen, Oswald von Wolkenstein &#8211; das sind keine Namen, die in irgendwelchen Hitlisten auftauchen.<\/p>\n\n\n\n<p>Und auch die eingesetzten Musikinstrumente, sieht man von den Fl\u00f6ten einmal ab, waren au\u00dfergew\u00f6hnlich. Organistrum, Strutibox, Sinfonia und Drehleier d\u00fcrften nur bei wenigen Menschen Bilder hervorrufen.<\/p>\n\n\n\n<p>Der Klang der Instrumente wurde begleitet von ein- bis dreistimmigem Gesang. Der romanische Kirchenraum der Martinskirche war wie geschaffen f\u00fcr diese Musik. Und das alles unplugged, denn zu der Zeit, als diese Melodien entstanden, gab es noch keine Verst\u00e4rker.<\/p>\n\n\n\n<p>Zwischen den St\u00fccken erkl\u00e4rte Kurt Racky die historischen Instrumente und erz\u00e4hlte Interessantes \u00fcber die Lieder und ihre Verfasser. So war das Konzert eine Mischung aus Musikvortrag und historischer Vorlesung, also eine echte Musikstunde.<\/p>\n\n\n\n<p>Das Publikum honorierte es mit lang anhaltendem Applaus, das Ensemble dankte mit einer dreistimmigen A-Capella Zugabe.<\/p>\n\n\n\n<p>Nach dem Konzert war Gelegenheit, die Instrumente in Augenschein zu nehmen. Wer wollte, durfte selbst einmal versuchen, eine Melodie zu spielen.<\/p>\n<\/div>\n<\/div>\n<\/div>\n<\/div>\n\n\n\n<div data-wp-context=\"{ &quot;autoclose&quot;: false, &quot;accordionItems&quot;: [] }\" data-wp-interactive=\"core\/accordion\" role=\"group\" class=\"wp-block-accordion is-layout-flow wp-block-accordion-is-layout-flow\">\n<div data-wp-class--is-open=\"state.isOpen\" data-wp-context=\"{ &quot;id&quot;: &quot;accordion-item-3&quot;, &quot;openByDefault&quot;: false }\" data-wp-init=\"callbacks.initAccordionItems\" data-wp-on-window--hashchange=\"callbacks.hashChange\" class=\"wp-block-accordion-item is-layout-flow wp-block-accordion-item-is-layout-flow\">\n<h3 class=\"wp-block-accordion-heading\"><button aria-expanded=\"false\" aria-controls=\"accordion-item-3-panel\" data-wp-bind--aria-expanded=\"state.isOpen\" data-wp-on--click=\"actions.toggle\" data-wp-on--keydown=\"actions.handleKeyDown\" id=\"accordion-item-3\" type=\"button\" class=\"wp-block-accordion-heading__toggle\"><span class=\"wp-block-accordion-heading__toggle-title\"><\/span><span class=\"wp-block-accordion-heading__toggle-icon\" aria-hidden=\"true\">+<\/span><\/button><\/h3>\n\n\n\n<div inert aria-labelledby=\"accordion-item-3\" data-wp-bind--inert=\"!state.isOpen\" id=\"accordion-item-3-panel\" role=\"region\" class=\"wp-block-accordion-panel is-layout-flow wp-block-accordion-panel-is-layout-flow\">\n<p><\/p>\n<\/div>\n<\/div>\n<\/div>\n\n\n\n<div style=\"height:10px\" aria-hidden=\"true\" class=\"wp-block-spacer\"><\/div>\n\n\n\n<details class=\"wp-block-details has-base-background-color has-background is-layout-flow wp-block-details-is-layout-flow\" style=\"border-width:1px;margin-top:var(--wp--preset--spacing--20);margin-right:var(--wp--preset--spacing--20);margin-bottom:var(--wp--preset--spacing--20);margin-left:var(--wp--preset--spacing--20);padding-top:var(--wp--preset--spacing--20);padding-right:var(--wp--preset--spacing--20);padding-bottom:var(--wp--preset--spacing--20);padding-left:var(--wp--preset--spacing--20)\"><summary>Infos zur Drehleier:<\/summary>\n<p>Was ist \u00fcberhaupt eine Drehleier?<\/p>\n\n\n\n<p>Im Prinzip ein Saiteninstrument, jedoch werden die Saiten von einem Rad angestrichen, welches mittels einer Kurbel gedreht wird. Die Melodie wird mit Tasten erzeugt, die Musizierenden haben also &#8222;beide H\u00e4nde voll&#8220; zu tun. Charakteristisch f\u00fcr die Drehleier ist der Grundton, der durch das permanente Anstreichen einer oder mehrerer sogenannter Bordunsaiten erzeugt wird.<\/p>\n\n\n\n<p>Bordun = Halteton zur Begleitung einer Melodie.<\/p>\n\n\n\n<p>Drehleiern gibt es in unterschiedlichen Ausf\u00fchrungen. Als eine der \u00e4ltesten gilt das Organistrum, dessen Ursprung bis ins zehnte Jahrhundert zur\u00fcckreicht.<\/p>\n<\/details>\n\n\n\n<div class=\"wp-block-media-text is-stacked-on-mobile has-base-background-color has-background\" style=\"border-width:1px;border-radius:10px;padding-top:var(--wp--preset--spacing--20);padding-right:var(--wp--preset--spacing--20);padding-bottom:var(--wp--preset--spacing--20);padding-left:var(--wp--preset--spacing--20)\"><figure class=\"wp-block-media-text__media\"><a href=\"https:\/\/www.foerderkreis-christenberg.de\/wp-content\/uploads\/2026\/01\/Drehleier-001.png\" target=\"_blank\" rel=\" noreferrer noopener\"><img loading=\"lazy\" decoding=\"async\" width=\"1024\" height=\"689\" src=\"https:\/\/www.foerderkreis-christenberg.de\/wp-content\/uploads\/2026\/01\/Drehleier-001-1024x689.png\" alt=\"\" class=\"wp-image-1751 size-full\" srcset=\"https:\/\/www.foerderkreis-christenberg.de\/wp-content\/uploads\/2026\/01\/Drehleier-001-1024x689.png 1024w, https:\/\/www.foerderkreis-christenberg.de\/wp-content\/uploads\/2026\/01\/Drehleier-001-300x202.png 300w, https:\/\/www.foerderkreis-christenberg.de\/wp-content\/uploads\/2026\/01\/Drehleier-001-768x517.png 768w, https:\/\/www.foerderkreis-christenberg.de\/wp-content\/uploads\/2026\/01\/Drehleier-001-1536x1034.png 1536w, https:\/\/www.foerderkreis-christenberg.de\/wp-content\/uploads\/2026\/01\/Drehleier-001-2048x1378.png 2048w\" sizes=\"auto, (max-width: 1024px) 100vw, 1024px\" \/><\/a><\/figure><div class=\"wp-block-media-text__content\">\n<p>Drehleier mit 10 Saiten. Links die Kurbel, das Anstreichrad liegt unter einer Abdeckung. Rechts davon die Tasten zum Spielen der Melodien.<\/p>\n<\/div><\/div>\n\n\n\n<details class=\"wp-block-details has-base-background-color has-background is-layout-flow wp-block-details-is-layout-flow\" style=\"border-width:1px;margin-top:var(--wp--preset--spacing--20);margin-right:var(--wp--preset--spacing--20);margin-bottom:var(--wp--preset--spacing--20);margin-left:var(--wp--preset--spacing--20);padding-top:var(--wp--preset--spacing--20);padding-right:var(--wp--preset--spacing--20);padding-bottom:var(--wp--preset--spacing--20);padding-left:var(--wp--preset--spacing--20)\"><summary>Musikinstrumenten-Museum in Li\u00dfberg:<\/summary>\n<p>Das Musikinstrumenten-Museum zeigt die gr\u00f6\u00dfte Drehleier- und Dudelsack-Sammlung der Welt, au\u00dferdem noch zahlreiche andere seltene und teils skurrile Instrumente.<\/p>\n\n\n\n<p>&#8222;Der Name der Rose&#8220; &#8211; dieser Filmtitel d\u00fcrfte den meisten von uns ein Begriff sein. Was aber nur Eingeweihte wissen: der Frankfurter Musikinstrumenten-Bauer und -sammler Kurt Reichmann (1940-2025) stellte f\u00fcr den Film einen Nachbau des &#8222;N\u00fcrnbergisch Geigenwerkes&#8220; her. N\u00e4heres dazu und Infos zu diesem speziellen Instrument gibt es im Audio-Guide des Museums auf Station 13.<\/p>\n\n\n\n<div class=\"wp-block-media-text has-media-on-the-right is-stacked-on-mobile has-accent-2-background-color has-background\" style=\"border-width:1px;border-radius:10px;padding-top:var(--wp--preset--spacing--20);padding-right:var(--wp--preset--spacing--20);padding-bottom:var(--wp--preset--spacing--20);padding-left:var(--wp--preset--spacing--20)\"><div class=\"wp-block-media-text__content\">\n<p>Nach dem Vorbild der Bremer Stadtmusikanten sind einige der historischen Instrumente vor dem Museum aufget\u00fcrmt.<\/p>\n<\/div><figure class=\"wp-block-media-text__media\"><a href=\"https:\/\/www.foerderkreis-christenberg.de\/wp-content\/uploads\/2026\/01\/Drehleier-Turm2.jpg\" target=\"_blank\" rel=\" noreferrer noopener\"><img loading=\"lazy\" decoding=\"async\" width=\"1024\" height=\"968\" src=\"https:\/\/www.foerderkreis-christenberg.de\/wp-content\/uploads\/2026\/01\/Drehleier-Turm2-1024x968.jpg\" alt=\"\" class=\"wp-image-1770 size-full\" srcset=\"https:\/\/www.foerderkreis-christenberg.de\/wp-content\/uploads\/2026\/01\/Drehleier-Turm2-1024x968.jpg 1024w, https:\/\/www.foerderkreis-christenberg.de\/wp-content\/uploads\/2026\/01\/Drehleier-Turm2-300x284.jpg 300w, https:\/\/www.foerderkreis-christenberg.de\/wp-content\/uploads\/2026\/01\/Drehleier-Turm2-768x726.jpg 768w, https:\/\/www.foerderkreis-christenberg.de\/wp-content\/uploads\/2026\/01\/Drehleier-Turm2.jpg 1142w\" sizes=\"auto, (max-width: 1024px) 100vw, 1024px\" \/><\/a><\/figure><\/div>\n\n\n\n<p>Das Museum hat auf seiner Website einen ausf\u00fchrlichen Audio-Guide. Auf mehr als zwanzig Stationen gibt es alles Wissenswerte zum Museum und zu den Exponaten &#8211; zu Lesen und zu H\u00f6ren!<\/p>\n\n\n\n<p><a href=\"https:\/\/www.museum-lissberg.de\/audio-fuehrer\" target=\"_blank\" rel=\"noreferrer noopener\">https:\/\/www.museum-lissberg.de\/audio-fuehrer<\/a><\/p>\n<\/details>\n\n\n\n<details class=\"wp-block-details has-base-background-color has-background is-layout-flow wp-block-details-is-layout-flow\" style=\"border-width:1px;margin-top:var(--wp--preset--spacing--20);margin-right:var(--wp--preset--spacing--20);margin-bottom:var(--wp--preset--spacing--20);margin-left:var(--wp--preset--spacing--20);padding-top:var(--wp--preset--spacing--20);padding-right:var(--wp--preset--spacing--20);padding-bottom:var(--wp--preset--spacing--20);padding-left:var(--wp--preset--spacing--20)\"><summary>Kurt Racky und das Bonifatius-Ensemble<\/summary>\n<p><strong>Kurt Racky<\/strong> nutzt als Musiker die M\u00f6glichkeiten des Museums f\u00fcr Auff\u00fchrungen von Chor- und Instrumentalmusik &#8211; von der fr\u00fchen Mehrstimmigkeit bis hin zur Gegenwart. <\/p>\n\n\n\n<div class=\"wp-block-media-text has-media-on-the-right is-stacked-on-mobile has-accent-2-background-color has-background has-large-font-size\" style=\"border-width:1px;border-radius:10px;padding-top:var(--wp--preset--spacing--20);padding-right:var(--wp--preset--spacing--20);padding-bottom:var(--wp--preset--spacing--20);padding-left:var(--wp--preset--spacing--20)\"><div class=\"wp-block-media-text__content\">\n<p>Kurt Racky war 30 Jahre lang der Ortspfarrer von Li\u00dfberg. Seit der Er\u00f6ffnung des Musik-Instrumenten-Museums in Li\u00dfberg im Jahr 1990 ist er Leiter des Museums. <\/p>\n<\/div><figure class=\"wp-block-media-text__media\"><img loading=\"lazy\" decoding=\"async\" width=\"560\" height=\"488\" src=\"https:\/\/www.foerderkreis-christenberg.de\/wp-content\/uploads\/2026\/01\/Kurt-Racky.png\" alt=\"\" class=\"wp-image-1804 size-full\" srcset=\"https:\/\/www.foerderkreis-christenberg.de\/wp-content\/uploads\/2026\/01\/Kurt-Racky.png 560w, https:\/\/www.foerderkreis-christenberg.de\/wp-content\/uploads\/2026\/01\/Kurt-Racky-300x261.png 300w\" sizes=\"auto, (max-width: 560px) 100vw, 560px\" \/><\/figure><\/div>\n\n\n\n<p>So werden seit 2004 auch Konzerte dieser als Bonifatius-Ensemble auftretenden Musizierenden entlang der Bonifatius-Route gegeben. Rund die H\u00e4lfte der Chormitglieder tritt auch solistisch auf.<\/p>\n\n\n\n<div class=\"wp-block-media-text is-stacked-on-mobile has-accent-2-background-color has-background\" style=\"border-width:1px;border-radius:10px;padding-top:var(--wp--preset--spacing--20);padding-right:var(--wp--preset--spacing--20);padding-bottom:var(--wp--preset--spacing--20);padding-left:var(--wp--preset--spacing--20)\"><figure class=\"wp-block-media-text__media\"><a href=\"https:\/\/www.foerderkreis-christenberg.de\/wp-content\/uploads\/2026\/01\/Bonifatius-Ensemble2-scaled.jpg\" target=\"_blank\" rel=\" noreferrer noopener\"><img loading=\"lazy\" decoding=\"async\" width=\"1024\" height=\"651\" src=\"https:\/\/www.foerderkreis-christenberg.de\/wp-content\/uploads\/2026\/01\/Bonifatius-Ensemble2-1024x651.jpg\" alt=\"\" class=\"wp-image-1769 size-full\" srcset=\"https:\/\/www.foerderkreis-christenberg.de\/wp-content\/uploads\/2026\/01\/Bonifatius-Ensemble2-1024x651.jpg 1024w, https:\/\/www.foerderkreis-christenberg.de\/wp-content\/uploads\/2026\/01\/Bonifatius-Ensemble2-300x191.jpg 300w, https:\/\/www.foerderkreis-christenberg.de\/wp-content\/uploads\/2026\/01\/Bonifatius-Ensemble2-768x488.jpg 768w, https:\/\/www.foerderkreis-christenberg.de\/wp-content\/uploads\/2026\/01\/Bonifatius-Ensemble2-1536x976.jpg 1536w, https:\/\/www.foerderkreis-christenberg.de\/wp-content\/uploads\/2026\/01\/Bonifatius-Ensemble2-2048x1301.jpg 2048w\" sizes=\"auto, (max-width: 1024px) 100vw, 1024px\" \/><\/a><\/figure><div class=\"wp-block-media-text__content\">\n<p>Das Ensemble pr\u00e4sentiert vor dem Museum einige seltene Modelle der Drehleier.<\/p>\n<\/div><\/div>\n\n\n\n<p>Ziel des Chores ist es, in kleiner Besetzung gr\u00f6\u00dfere und oftmals vielstimmige Chorkompositionen aus allen Stilepochen neu zu entdecken. In Kombination mit seltenen bis welteinmaligen Instrumenten aus dem Musikinstrumenten-Museum &#8211; wie die geistlichen und weltlichen Vorl\u00e4ufer der Drehleier &#8211; werden so auch mittelalterliche Ges\u00e4nge der Vergessenheit entrissen.<\/p>\n<\/details>\n<\/div>\n\n\n\n<p><\/p>\n","protected":false},"excerpt":{"rendered":"<p>Sonntag, 19. April 2026 ab 16:30 Uhr Martinskirche auf dem Christenberg Drehleier mit 10 Saiten. Links die Kurbel, das Anstreichrad liegt unter einer Abdeckung. Rechts davon die Tasten zum Spielen der Melodien.<\/p>\n","protected":false},"author":2,"featured_media":0,"parent":14,"menu_order":23,"comment_status":"closed","ping_status":"closed","template":"","meta":{"footnotes":""},"class_list":["post-1747","page","type-page","status-publish","hentry"],"jetpack_sharing_enabled":true,"_links":{"self":[{"href":"https:\/\/www.foerderkreis-christenberg.de\/index.php\/wp-json\/wp\/v2\/pages\/1747","targetHints":{"allow":["GET"]}}],"collection":[{"href":"https:\/\/www.foerderkreis-christenberg.de\/index.php\/wp-json\/wp\/v2\/pages"}],"about":[{"href":"https:\/\/www.foerderkreis-christenberg.de\/index.php\/wp-json\/wp\/v2\/types\/page"}],"author":[{"embeddable":true,"href":"https:\/\/www.foerderkreis-christenberg.de\/index.php\/wp-json\/wp\/v2\/users\/2"}],"replies":[{"embeddable":true,"href":"https:\/\/www.foerderkreis-christenberg.de\/index.php\/wp-json\/wp\/v2\/comments?post=1747"}],"version-history":[{"count":49,"href":"https:\/\/www.foerderkreis-christenberg.de\/index.php\/wp-json\/wp\/v2\/pages\/1747\/revisions"}],"predecessor-version":[{"id":2582,"href":"https:\/\/www.foerderkreis-christenberg.de\/index.php\/wp-json\/wp\/v2\/pages\/1747\/revisions\/2582"}],"up":[{"embeddable":true,"href":"https:\/\/www.foerderkreis-christenberg.de\/index.php\/wp-json\/wp\/v2\/pages\/14"}],"wp:attachment":[{"href":"https:\/\/www.foerderkreis-christenberg.de\/index.php\/wp-json\/wp\/v2\/media?parent=1747"}],"curies":[{"name":"wp","href":"https:\/\/api.w.org\/{rel}","templated":true}]}}