{"id":1565,"date":"2025-12-24T11:58:51","date_gmt":"2025-12-24T10:58:51","guid":{"rendered":"https:\/\/www.foerderkreis-christenberg.de\/?page_id=1565"},"modified":"2026-02-16T22:27:53","modified_gmt":"2026-02-16T21:27:53","slug":"hallo-in-bildern","status":"publish","type":"page","link":"https:\/\/www.foerderkreis-christenberg.de\/index.php\/hallo-in-bildern\/","title":{"rendered":"Eine kurze Vorstellung"},"content":{"rendered":"\n<div class=\"wp-block-group has-base-background-color has-background has-global-padding is-layout-constrained wp-container-core-group-is-layout-9e9be3cb wp-block-group-is-layout-constrained\" style=\"border-radius:10px;padding-top:var(--wp--preset--spacing--20);padding-right:var(--wp--preset--spacing--20);padding-bottom:var(--wp--preset--spacing--20);padding-left:var(--wp--preset--spacing--20)\">\n<p>Wir sagen von Herzen DANKE allen Freunden und F\u00f6rderern, allen lieben Menschen, die den Christenberg sch\u00e4tzen und besuchen.<\/p>\n\n\n\n<p>Wir sagen auch herzlich DANKE f\u00fcr die Unterst\u00fctzung jedweder Art, die wir bei der Pflege und Unterhaltung oder bei anderen Ma\u00dfnahmen rund um den Christenberg stets aufs Neue erfahren d\u00fcrfen.<\/p>\n<\/div>\n\n\n\n<div class=\"wp-block-group has-base-background-color has-background has-global-padding is-layout-constrained wp-container-core-group-is-layout-9e9be3cb wp-block-group-is-layout-constrained\" style=\"border-style:none;border-width:0px;border-radius:10px;padding-top:var(--wp--preset--spacing--20);padding-right:var(--wp--preset--spacing--20);padding-bottom:var(--wp--preset--spacing--20);padding-left:var(--wp--preset--spacing--20)\">\n<p>Der Christenberg stellt sich vor:<\/p>\n\n\n\n<figure class=\"wp-block-video\"><video height=\"540\" style=\"aspect-ratio: 960 \/ 540;\" width=\"960\" controls poster=\"https:\/\/www.foerderkreis-christenberg.de\/wp-content\/uploads\/2020\/02\/Christenberg-014.jpg\" src=\"https:\/\/www.foerderkreis-christenberg.de\/wp-content\/uploads\/2026\/01\/FCB-Trailer-2026.mp4\"><\/video><\/figure>\n\n\n\n<p class=\"has-medium-font-size\">Die Musik zum Clip: ein Kinder- und Jugenchor singt Salvator Mundi<\/p>\n<\/div>\n\n\n\n<div class=\"wp-block-buttons is-layout-flex wp-block-buttons-is-layout-flex\">\n<div class=\"wp-block-button is-style-outline is-style-outline--1\"><a class=\"wp-block-button__link wp-element-button\" href=\"https:\/\/www.foerderkreis-christenberg.de\/\">Zur\u00fcck<\/a><\/div>\n<\/div>\n","protected":false},"excerpt":{"rendered":"<p>Wir sagen von Herzen DANKE allen Freunden und F\u00f6rderern, allen lieben Menschen, die den Christenberg sch\u00e4tzen und besuchen. Wir sagen auch herzlich DANKE f\u00fcr die Unterst\u00fctzung jedweder Art, die wir bei der Pflege und Unterhaltung oder bei anderen Ma\u00dfnahmen rund um den Christenberg stets aufs Neue erfahren d\u00fcrfen. Der Christenberg stellt sich vor: Die Musik [&hellip;]<\/p>\n","protected":false},"author":2,"featured_media":0,"parent":0,"menu_order":0,"comment_status":"closed","ping_status":"closed","template":"","meta":{"footnotes":""},"class_list":["post-1565","page","type-page","status-publish","hentry"],"jetpack_sharing_enabled":true,"_links":{"self":[{"href":"https:\/\/www.foerderkreis-christenberg.de\/index.php\/wp-json\/wp\/v2\/pages\/1565","targetHints":{"allow":["GET"]}}],"collection":[{"href":"https:\/\/www.foerderkreis-christenberg.de\/index.php\/wp-json\/wp\/v2\/pages"}],"about":[{"href":"https:\/\/www.foerderkreis-christenberg.de\/index.php\/wp-json\/wp\/v2\/types\/page"}],"author":[{"embeddable":true,"href":"https:\/\/www.foerderkreis-christenberg.de\/index.php\/wp-json\/wp\/v2\/users\/2"}],"replies":[{"embeddable":true,"href":"https:\/\/www.foerderkreis-christenberg.de\/index.php\/wp-json\/wp\/v2\/comments?post=1565"}],"version-history":[{"count":15,"href":"https:\/\/www.foerderkreis-christenberg.de\/index.php\/wp-json\/wp\/v2\/pages\/1565\/revisions"}],"predecessor-version":[{"id":1834,"href":"https:\/\/www.foerderkreis-christenberg.de\/index.php\/wp-json\/wp\/v2\/pages\/1565\/revisions\/1834"}],"wp:attachment":[{"href":"https:\/\/www.foerderkreis-christenberg.de\/index.php\/wp-json\/wp\/v2\/media?parent=1565"}],"curies":[{"name":"wp","href":"https:\/\/api.w.org\/{rel}","templated":true}]}}