{"id":1454,"date":"2025-11-09T21:21:51","date_gmt":"2025-11-09T20:21:51","guid":{"rendered":"https:\/\/www.foerderkreis-christenberg.de\/?page_id=1454"},"modified":"2026-02-19T15:56:14","modified_gmt":"2026-02-19T14:56:14","slug":"die-vogt-orgel","status":"publish","type":"page","link":"https:\/\/www.foerderkreis-christenberg.de\/index.php\/kurzinfo\/die-vogt-orgel\/","title":{"rendered":"Die Vogt-Orgel von 1882"},"content":{"rendered":"\n<figure data-wp-context=\"{&quot;imageId&quot;:&quot;69ecb72e9301c&quot;}\" data-wp-interactive=\"core\/image\" data-wp-key=\"69ecb72e9301c\" class=\"wp-block-image size-large has-custom-border wp-lightbox-container\"><img loading=\"lazy\" decoding=\"async\" width=\"1024\" height=\"666\" data-wp-class--hide=\"state.isContentHidden\" data-wp-class--show=\"state.isContentVisible\" data-wp-init=\"callbacks.setButtonStyles\" data-wp-on--click=\"actions.showLightbox\" data-wp-on--load=\"callbacks.setButtonStyles\" data-wp-on-window--resize=\"callbacks.setButtonStyles\" src=\"https:\/\/www.foerderkreis-christenberg.de\/wp-content\/uploads\/2026\/02\/Vogt-Orgel-Pfarrkirche-1024x666.png\" alt=\"\" class=\"wp-image-2267\" style=\"border-radius:20px;box-shadow:var(--wp--preset--shadow--natural)\" srcset=\"https:\/\/www.foerderkreis-christenberg.de\/wp-content\/uploads\/2026\/02\/Vogt-Orgel-Pfarrkirche-1024x666.png 1024w, https:\/\/www.foerderkreis-christenberg.de\/wp-content\/uploads\/2026\/02\/Vogt-Orgel-Pfarrkirche-300x195.png 300w, https:\/\/www.foerderkreis-christenberg.de\/wp-content\/uploads\/2026\/02\/Vogt-Orgel-Pfarrkirche-768x499.png 768w, https:\/\/www.foerderkreis-christenberg.de\/wp-content\/uploads\/2026\/02\/Vogt-Orgel-Pfarrkirche-1536x998.png 1536w, https:\/\/www.foerderkreis-christenberg.de\/wp-content\/uploads\/2026\/02\/Vogt-Orgel-Pfarrkirche-2048x1331.png 2048w\" sizes=\"auto, (max-width: 1024px) 100vw, 1024px\" \/><button\n\t\t\tclass=\"lightbox-trigger\"\n\t\t\ttype=\"button\"\n\t\t\taria-haspopup=\"dialog\"\n\t\t\taria-label=\"Vergr\u00f6\u00dfern\"\n\t\t\tdata-wp-init=\"callbacks.initTriggerButton\"\n\t\t\tdata-wp-on--click=\"actions.showLightbox\"\n\t\t\tdata-wp-style--right=\"state.imageButtonRight\"\n\t\t\tdata-wp-style--top=\"state.imageButtonTop\"\n\t\t>\n\t\t\t<svg xmlns=\"http:\/\/www.w3.org\/2000\/svg\" width=\"12\" height=\"12\" fill=\"none\" viewBox=\"0 0 12 12\">\n\t\t\t\t<path fill=\"#fff\" d=\"M2 0a2 2 0 0 0-2 2v2h1.5V2a.5.5 0 0 1 .5-.5h2V0H2Zm2 10.5H2a.5.5 0 0 1-.5-.5V8H0v2a2 2 0 0 0 2 2h2v-1.5ZM8 12v-1.5h2a.5.5 0 0 0 .5-.5V8H12v2a2 2 0 0 1-2 2H8Zm2-12a2 2 0 0 1 2 2v2h-1.5V2a.5.5 0 0 0-.5-.5H8V0h2Z\" \/>\n\t\t\t<\/svg>\n\t\t<\/button><figcaption class=\"wp-element-caption\">Noch in der Kirche im Dorf<\/figcaption><\/figure>\n\n\n\n<div class=\"wp-block-group has-base-background-color has-background has-global-padding is-layout-constrained wp-container-core-group-is-layout-9e9be3cb wp-block-group-is-layout-constrained\" style=\"border-radius:10px;padding-top:var(--wp--preset--spacing--20);padding-right:var(--wp--preset--spacing--20);padding-bottom:var(--wp--preset--spacing--20);padding-left:var(--wp--preset--spacing--20);box-shadow:var(--wp--preset--shadow--natural)\">\n<div class=\"wp-block-group has-global-padding is-layout-constrained wp-container-core-group-is-layout-9e9be3cb wp-block-group-is-layout-constrained\" style=\"border-radius:10px;padding-top:var(--wp--preset--spacing--20);padding-right:var(--wp--preset--spacing--20);padding-bottom:var(--wp--preset--spacing--20);padding-left:var(--wp--preset--spacing--20);box-shadow:var(--wp--preset--shadow--natural)\">\n<h2 class=\"wp-block-heading\">Eine Kirchenorgel mit spannender Geschichte<\/h2>\n\n\n\n<details class=\"wp-block-details has-base-background-color has-background is-layout-flow wp-container-core-details-is-layout-c18ba342 wp-block-details-is-layout-flow\" style=\"border-width:10px;padding-top:var(--wp--preset--spacing--20);padding-right:var(--wp--preset--spacing--20);padding-bottom:var(--wp--preset--spacing--20);padding-left:var(--wp--preset--spacing--20)\"><summary>Ein tabellarischer Lebenslauf<\/summary>\n<ul class=\"wp-block-list\">\n<li>Bau der Orgel durch den Korbacher Orgelbauer Eduard Vogt<\/li>\n\n\n\n<li>im Jahr 1882 Einweihung in der Pfarrkirche in M\u00fcnchhausen<\/li>\n\n\n\n<li>Abbau in 1973 wegen Abbruchs und Neubau der Pfarrkirche<\/li>\n\n\n\n<li>Einlagerung der Teile in einer privaten Scheune in M\u00fcnchhausen<\/li>\n\n\n\n<li>Brand nach Blitzeinschlag in die Scheune und Besch\u00e4digung einiger Orgel-Teile durch Feuer und L\u00f6schwasser<\/li>\n\n\n\n<li>Umzug der Teile und Aufbau\/Umbau der Orgel zur privaten Heimorgel<\/li>\n\n\n\n<li>erneuter Abbau und Einlagerung der Teile in einer Scheune in M\u00fcnchhausen<\/li>\n\n\n\n<li>2020 dann die Idee zur Restauration der Orgel, entstanden aus einer Idee einiger M\u00fcnchhausener Goldkonfirmanden<\/li>\n\n\n\n<li>eine Reihe guter F\u00fcgungen halfen ebenfalls bei der Umsetzung\n<ul class=\"wp-block-list\">\n<li>zum Gl\u00fcck waren die Teile, mehr oder weniger, vollst\u00e4ndig<\/li>\n\n\n\n<li>zum Gl\u00fcck existieren historische Baupl\u00e4ne des Originals<\/li>\n\n\n\n<li>erst dadurch war eine korrekte Wiederherstellung m\u00f6glich<\/li>\n\n\n\n<li>mit Orgelbaumeister Andreas Schmidt wurde ein optimaler und engagierter Partner gewonnen<\/li>\n<\/ul>\n<\/li>\n\n\n\n<li>Beharrlichkeit, Hartn\u00e4ckigkeit, Mut, \u00dcberzeugung und der Glaube an das Projekt f\u00fchrten zum Erfolg!<\/li>\n<\/ul>\n<\/details>\n<\/div>\n\n\n\n<div class=\"wp-block-group has-accent-2-background-color has-background has-global-padding is-layout-constrained wp-block-group-is-layout-constrained\" style=\"border-radius:10px;box-shadow:var(--wp--preset--shadow--natural)\">\n<h2 class=\"wp-block-heading\" style=\"padding-top:var(--wp--preset--spacing--20);padding-right:var(--wp--preset--spacing--20);padding-bottom:var(--wp--preset--spacing--20);padding-left:var(--wp--preset--spacing--20)\">Abnahme und Vorstellung im Herbst 2025<\/h2>\n\n\n\n<p style=\"padding-top:var(--wp--preset--spacing--20);padding-right:var(--wp--preset--spacing--20);padding-bottom:var(--wp--preset--spacing--20);padding-left:var(--wp--preset--spacing--20)\">Bereits am Tag der offiziellen Abnahme der Orgel, am 25. September 2025, konnten Interessierte das Instrument in Augen- und Ohrenschein nehmen. Und gleich an den beiden darauf folgenden Tagen hatte die Orgel ihre ersten offiziellen Eins\u00e4tze bei einer Trauerfeier und der letzten Wochenschlu\u00df-Andacht des Jahres. <\/p>\n\n\n\n<p style=\"padding-top:var(--wp--preset--spacing--20);padding-right:var(--wp--preset--spacing--20);padding-bottom:var(--wp--preset--spacing--20);padding-left:var(--wp--preset--spacing--20)\">Bei einem weiteren offiziellen Termin am 1. November 2025 wurde die Orgel, ebenfalls im Rahmen eines Festaktes, den Sponsoren und weiteren geladenen G\u00e4sten vorgestellt.<\/p>\n<\/div>\n\n\n\n<div style=\"height:20px\" aria-hidden=\"true\" class=\"wp-block-spacer\"><\/div>\n\n\n\n<figure class=\"wp-block-image size-large has-custom-border\" style=\"margin-top:0;margin-right:0;margin-bottom:0;margin-left:0\"><a href=\"https:\/\/www.foerderkreis-christenberg.de\/wp-content\/uploads\/2025\/11\/IMG_8204a-scaled.jpg\" target=\"_blank\" rel=\" noreferrer noopener\"><img loading=\"lazy\" decoding=\"async\" width=\"1024\" height=\"768\" src=\"https:\/\/www.foerderkreis-christenberg.de\/wp-content\/uploads\/2025\/11\/IMG_8204a-1024x768.jpg\" alt=\"\" class=\"wp-image-1456\" style=\"border-radius:10px;box-shadow:var(--wp--preset--shadow--natural)\" srcset=\"https:\/\/www.foerderkreis-christenberg.de\/wp-content\/uploads\/2025\/11\/IMG_8204a-1024x768.jpg 1024w, https:\/\/www.foerderkreis-christenberg.de\/wp-content\/uploads\/2025\/11\/IMG_8204a-300x225.jpg 300w, https:\/\/www.foerderkreis-christenberg.de\/wp-content\/uploads\/2025\/11\/IMG_8204a-768x576.jpg 768w, https:\/\/www.foerderkreis-christenberg.de\/wp-content\/uploads\/2025\/11\/IMG_8204a-1536x1152.jpg 1536w, https:\/\/www.foerderkreis-christenberg.de\/wp-content\/uploads\/2025\/11\/IMG_8204a-2048x1536.jpg 2048w\" sizes=\"auto, (max-width: 1024px) 100vw, 1024px\" \/><\/a><figcaption class=\"wp-element-caption\"><strong>Blick vom Chorraum zur Vogt Orgel vor der Wand zum Wehrturm<\/strong><\/figcaption><\/figure>\n\n\n\n<div class=\"wp-block-group has-accent-2-background-color has-background has-global-padding is-layout-constrained wp-container-core-group-is-layout-9e9be3cb wp-block-group-is-layout-constrained\" style=\"border-radius:10px;padding-top:var(--wp--preset--spacing--20);padding-right:var(--wp--preset--spacing--20);padding-bottom:var(--wp--preset--spacing--20);padding-left:var(--wp--preset--spacing--20);box-shadow:var(--wp--preset--shadow--natural)\">\n<h2 class=\"wp-block-heading\">\u00dcbergabe am 8. November 2025<\/h2>\n\n\n\n<p>Mit einem teils bewegten und emotionalen Festakt wurde am 8. November 2025 die restaurierte historische Vogt-Orgel vom Vorsitzenden des&nbsp;<strong><em>Heimat- und Geschichtsverein M\u00fcnchhausen am Christenberg e.V.<\/em><\/strong>,&nbsp;Wolfgang Vajen, an die Kirchengemeinde \u00fcbergeben.<\/p>\n\n\n\n<p>Wolfgang Vajen dankte dem Orgelteam, den Sponsoren, den privaten Unterst\u00fctzern und ehrenamtlichen Handwerkern f\u00fcr das Engagement zur Erhaltung der historischen Vogt-Orgel und die Durchf\u00fchrung dieses spannenden Projektes.<\/p>\n\n\n\n<p>Besonders aber hob er den Einsatz und die Arbeit der Orgelbauer rund um <strong>Orgelbaumeister Andreas Schmidt<\/strong> hervor, die aus einem Wust an Einzelteilen das historische Instrument in monatelanger Arbeit wiedererstehen lie\u00dfen.<\/p>\n\n\n\n<p>Auch die Laudatoren hoben die besonderen Umst\u00e4nde des wagemutigen Unternehmens und die Unerm\u00fcdlichkeit des&nbsp;<strong><em>Heimat- und Geschichtsverein M\u00fcnchhausen am Christenberg e.V.<\/em><\/strong>, aber auch den bemerkenswerten Einsatz der Orgelbauer hervor.<\/p>\n\n\n\n<p>Schlie\u00dflich konnte Wolfgang Vajen den symbolischen Schl\u00fcssel an Pfarrer Dr. Andr\u00e9 Barth \u00fcbergeben. Die gut hundert G\u00e4ste z\u00e4hlende Festgemeinde bedankte sich kr\u00e4ftig mit stehenden Ovationen.<\/p>\n\n\n\n<p>Einen w\u00fcrdigen Ausklang fand der Festakt w\u00e4hrend eines Empfangs in der Christenberg-Gastst\u00e4tte.<\/p>\n<\/div>\n\n\n\n<div class=\"wp-block-group has-accent-2-background-color has-background has-global-padding is-layout-constrained wp-container-core-group-is-layout-9e9be3cb wp-block-group-is-layout-constrained\" style=\"border-radius:10px;padding-top:var(--wp--preset--spacing--20);padding-right:var(--wp--preset--spacing--20);padding-bottom:var(--wp--preset--spacing--20);padding-left:var(--wp--preset--spacing--20);box-shadow:var(--wp--preset--shadow--natural)\">\n<div class=\"wp-block-group has-base-background-color has-background has-global-padding is-layout-constrained wp-container-core-group-is-layout-c385debf wp-block-group-is-layout-constrained\" style=\"border-radius:10px;padding-top:var(--wp--preset--spacing--20);padding-right:var(--wp--preset--spacing--20);padding-bottom:var(--wp--preset--spacing--20);padding-left:var(--wp--preset--spacing--20)\">\n<p>Und so h\u00f6rt sich die Orgel an  \ud83c\udfbc  Es spielt Jens Daniel Debus.<\/p>\n\n\n\n<figure class=\"wp-block-audio\"><audio controls src=\"https:\/\/www.foerderkreis-christenberg.de\/wp-content\/uploads\/2025\/11\/JensD-Debus-11Audio.mp3\"><\/audio><\/figure>\n<\/div>\n<\/div>\n\n\n\n<div class=\"wp-block-group has-base-background-color has-background has-global-padding is-layout-constrained wp-container-core-group-is-layout-9e9be3cb wp-block-group-is-layout-constrained\" style=\"border-radius:10px;padding-top:var(--wp--preset--spacing--20);padding-right:var(--wp--preset--spacing--20);padding-bottom:var(--wp--preset--spacing--20);padding-left:var(--wp--preset--spacing--20)\">\n<div class=\"wp-block-group has-accent-2-background-color has-background has-global-padding is-layout-constrained wp-container-core-group-is-layout-9e9be3cb wp-block-group-is-layout-constrained\" style=\"border-radius:10px;padding-top:var(--wp--preset--spacing--20);padding-right:var(--wp--preset--spacing--20);padding-bottom:var(--wp--preset--spacing--20);padding-left:var(--wp--preset--spacing--20);box-shadow:var(--wp--preset--shadow--natural)\">\n<p>Wie wertvoll Kirchenmusik ist und wie wichtig daher, alle Aktivit\u00e4ten zum Erhalt und zur F\u00f6rderung dieses Kulturgutes zu unterst\u00fctzen, zeigt auch dieser Bericht:<\/p>\n\n\n\n<p class=\"has-link-color wp-elements-2d2b773ef2f5cdf4666de37720b732ba\"><a href=\"https:\/\/www.evangelisch.de\/inhalte\/252091\/21-01-2026\/prekare-lage-der-kirchenmusik\" target=\"_blank\" rel=\"noreferrer noopener\"><strong>Prek\u00e4re Lage der Kirchenmusik<\/strong><\/a><\/p>\n<\/div>\n<\/div>\n<\/div>\n\n\n\n<div class=\"wp-block-buttons is-layout-flex wp-block-buttons-is-layout-flex\">\n<div class=\"wp-block-button is-style-outline is-style-outline--1\"><a class=\"wp-block-button__link wp-element-button\" href=\"https:\/\/www.foerderkreis-christenberg.de\/index.php\/kurzinfo\/\" style=\"border-style:none;border-width:0px;box-shadow:var(--wp--preset--shadow--natural)\">zur\u00fcck zu Kurz und b\u00fcndig<\/a><\/div>\n<\/div>\n\n\n\n<p><\/p>\n","protected":false},"excerpt":{"rendered":"<p>Eine Kirchenorgel mit spannender Geschichte Abnahme und Vorstellung im Herbst 2025 Bereits am Tag der offiziellen Abnahme der Orgel, am 25. September 2025, konnten Interessierte das Instrument in Augen- und Ohrenschein nehmen. Und gleich an den beiden darauf folgenden Tagen hatte die Orgel ihre ersten offiziellen Eins\u00e4tze bei einer Trauerfeier und der letzten Wochenschlu\u00df-Andacht des [&hellip;]<\/p>\n","protected":false},"author":2,"featured_media":0,"parent":1051,"menu_order":2,"comment_status":"closed","ping_status":"closed","template":"","meta":{"footnotes":""},"class_list":["post-1454","page","type-page","status-publish","hentry"],"jetpack_sharing_enabled":true,"_links":{"self":[{"href":"https:\/\/www.foerderkreis-christenberg.de\/index.php\/wp-json\/wp\/v2\/pages\/1454","targetHints":{"allow":["GET"]}}],"collection":[{"href":"https:\/\/www.foerderkreis-christenberg.de\/index.php\/wp-json\/wp\/v2\/pages"}],"about":[{"href":"https:\/\/www.foerderkreis-christenberg.de\/index.php\/wp-json\/wp\/v2\/types\/page"}],"author":[{"embeddable":true,"href":"https:\/\/www.foerderkreis-christenberg.de\/index.php\/wp-json\/wp\/v2\/users\/2"}],"replies":[{"embeddable":true,"href":"https:\/\/www.foerderkreis-christenberg.de\/index.php\/wp-json\/wp\/v2\/comments?post=1454"}],"version-history":[{"count":34,"href":"https:\/\/www.foerderkreis-christenberg.de\/index.php\/wp-json\/wp\/v2\/pages\/1454\/revisions"}],"predecessor-version":[{"id":2450,"href":"https:\/\/www.foerderkreis-christenberg.de\/index.php\/wp-json\/wp\/v2\/pages\/1454\/revisions\/2450"}],"up":[{"embeddable":true,"href":"https:\/\/www.foerderkreis-christenberg.de\/index.php\/wp-json\/wp\/v2\/pages\/1051"}],"wp:attachment":[{"href":"https:\/\/www.foerderkreis-christenberg.de\/index.php\/wp-json\/wp\/v2\/media?parent=1454"}],"curies":[{"name":"wp","href":"https:\/\/api.w.org\/{rel}","templated":true}]}}