{"id":14,"date":"2018-11-10T08:00:26","date_gmt":"2018-11-10T07:00:26","guid":{"rendered":"http:\/\/www.foerderkreis-christenberg.de\/index.php\/veranstaltungen\/"},"modified":"2026-02-16T23:17:03","modified_gmt":"2026-02-16T22:17:03","slug":"besondere-termine","status":"publish","type":"page","link":"https:\/\/www.foerderkreis-christenberg.de\/index.php\/besondere-termine\/","title":{"rendered":"Besondere Termine"},"content":{"rendered":"\n<div class=\"wp-block-group has-global-padding is-layout-constrained wp-container-core-group-is-layout-9e9be3cb wp-block-group-is-layout-constrained\" style=\"border-radius:20px;padding-top:var(--wp--preset--spacing--20);padding-right:var(--wp--preset--spacing--20);padding-bottom:var(--wp--preset--spacing--20);padding-left:var(--wp--preset--spacing--20);box-shadow:var(--wp--preset--shadow--natural)\">\n<p class=\"has-x-large-font-size\">Veranstaltungen in der Martinskirche<\/p>\n\n\n\n<div class=\"alignnormal\"><div id=\"metaslider-id-2212\" style=\"width: 100%;\" class=\"ml-slider-3-105-0 metaslider metaslider-flex metaslider-2212 ml-slider has-onhover-arrows has-dots-nav ms-theme-default-base\" role=\"region\" aria-label=\"Termine 2026\" data-height=\"700\" data-width=\"700\">\n    <div id=\"metaslider_container_2212\">\n        <div id=\"metaslider_2212\">\n            <ul aria-live='off' class='slides'>\n                <li style=\"display: block; width: 100%;\" class=\"slide-2214 ms-image \" aria-roledescription=\"slide\" data-date=\"2026-02-15 20:09:33\" data-filename=\"Konzert_2026Maerz22-700x700.jpg\" data-slide-type=\"image\"><img loading=\"lazy\" decoding=\"async\" src=\"https:\/\/www.foerderkreis-christenberg.de\/wp-content\/uploads\/2026\/02\/Konzert_2026Maerz22-700x700.jpg\" height=\"700\" width=\"700\" alt=\"\" class=\"slider-2212 slide-2214 msDefaultImage\" title=\"Konzert_2026Maerz22\" \/><div class=\"caption-wrap\"><div class=\"caption\"><div><a href=\"https:\/\/www.foerderkreis-christenberg.de\/index.php\/terminplan-2026\/\" target=\"_blank\" rel=\"noreferrer noopener\">Konzert mit Elisa und Ralph<\/a><\/div><\/div><\/div><\/li>\n                <li style=\"display: none; width: 100%;\" class=\"slide-2215 ms-image \" aria-roledescription=\"slide\" data-date=\"2026-02-15 20:09:33\" data-filename=\"Ostern-700x700.png\" data-slide-type=\"image\"><img loading=\"lazy\" decoding=\"async\" src=\"https:\/\/www.foerderkreis-christenberg.de\/wp-content\/uploads\/2026\/02\/Ostern-700x700.png\" height=\"700\" width=\"700\" alt=\"\" class=\"slider-2212 slide-2215 msDefaultImage\" title=\"Ostern\" \/><div class=\"caption-wrap\"><div class=\"caption\"><div><a href=\"https:\/\/www.foerderkreis-christenberg.de\/index.php\/terminplan-2026\/\" target=\"_blank\" rel=\"noreferrer noopener\">Gottesdienst am Ostersonntag<\/a><\/div><\/div><\/div><\/li>\n                <li style=\"display: none; width: 100%;\" class=\"slide-2216 ms-image \" aria-roledescription=\"slide\" data-date=\"2026-02-15 20:09:33\" data-filename=\"Drehleier-001-700x700.png\" data-slide-type=\"image\"><img loading=\"lazy\" decoding=\"async\" src=\"https:\/\/www.foerderkreis-christenberg.de\/wp-content\/uploads\/2026\/01\/Drehleier-001-700x700.png\" height=\"700\" width=\"700\" alt=\"\" class=\"slider-2212 slide-2216 msDefaultImage\" title=\"Drehleier-001\" \/><div class=\"caption-wrap\"><div class=\"caption\"><div><a href=\"https:\/\/www.foerderkreis-christenberg.de\/index.php\/veranstaltungen\/drehleier-konzert\/\" target=\"_blank\" rel=\"noreferrer noopener\">Konzert mit Drehleiern<\/a><\/div><\/div><\/div><\/li>\n                <li style=\"display: none; width: 100%;\" class=\"slide-2217 ms-image \" aria-roledescription=\"slide\" data-date=\"2026-02-15 20:09:33\" data-filename=\"Altarbild-2-700x700.png\" data-slide-type=\"image\"><img loading=\"lazy\" decoding=\"async\" src=\"https:\/\/www.foerderkreis-christenberg.de\/wp-content\/uploads\/2026\/02\/Altarbild-2-700x700.png\" height=\"700\" width=\"700\" alt=\"\" class=\"slider-2212 slide-2217 msDefaultImage\" title=\"Altarbild-2\" \/><div class=\"caption-wrap\"><div class=\"caption\"><div><a href=\"https:\/\/www.foerderkreis-christenberg.de\/index.php\/terminplan-2026\/\" target=\"_blank\" rel=\"noreferrer noopener\">Wochenschlu\u00df-Andacht im April<\/a><\/div><\/div><\/div><\/li>\n                <li style=\"display: none; width: 100%;\" class=\"slide-2218 ms-image \" aria-roledescription=\"slide\" data-date=\"2026-02-15 20:09:33\" data-filename=\"Blechblas-485x486.jpg\" data-slide-type=\"image\"><img loading=\"lazy\" decoding=\"async\" src=\"https:\/\/www.foerderkreis-christenberg.de\/wp-content\/uploads\/2026\/02\/Blechblas-485x486.jpg\" height=\"700\" width=\"700\" alt=\"\" class=\"slider-2212 slide-2218 msDefaultImage\" title=\"Blechblas\" \/><div class=\"caption-wrap\"><div class=\"caption\"><div><a href=\"https:\/\/www.foerderkreis-christenberg.de\/index.php\/terminplan-2026\/\" target=\"_blank\" rel=\"noreferrer noopener\">Konzert mit Posaunenchor Wetter-Todenhausen<\/a><\/div><\/div><\/div><\/li>\n                <li style=\"display: none; width: 100%;\" class=\"slide-2219 ms-image \" aria-roledescription=\"slide\" data-date=\"2026-02-15 20:09:33\" data-filename=\"Waldgottesdienst-700x700.png\" data-slide-type=\"image\"><img loading=\"lazy\" decoding=\"async\" src=\"https:\/\/www.foerderkreis-christenberg.de\/wp-content\/uploads\/2026\/02\/Waldgottesdienst-700x700.png\" height=\"700\" width=\"700\" alt=\"\" class=\"slider-2212 slide-2219 msDefaultImage\" title=\"Waldgottesdienst\" \/><div class=\"caption-wrap\"><div class=\"caption\"><div><a href=\"https:\/\/www.foerderkreis-christenberg.de\/index.php\/terminplan-2026\/\" target=\"_blank\" rel=\"noreferrer noopener\">Himmelfahrt Gottesdienst<\/a><\/div><\/div><\/div><\/li>\n                <li style=\"display: none; width: 100%;\" class=\"slide-2220 ms-image \" aria-roledescription=\"slide\" data-date=\"2026-02-15 20:09:33\" data-filename=\"Chorraum-700x700.png\" data-slide-type=\"image\"><img loading=\"lazy\" decoding=\"async\" src=\"https:\/\/www.foerderkreis-christenberg.de\/wp-content\/uploads\/2026\/02\/Chorraum-700x700.png\" height=\"700\" width=\"700\" alt=\"\" class=\"slider-2212 slide-2220 msDefaultImage\" title=\"Chorraum\" \/><div class=\"caption-wrap\"><div class=\"caption\"><div><a href=\"https:\/\/www.foerderkreis-christenberg.de\/index.php\/terminplan-2026\/\" target=\"_blank\" rel=\"noreferrer noopener\">Wochenschlu\u00df-Andacht im Mai<\/a><\/div><\/div><\/div><\/li>\n                <li style=\"display: none; width: 100%;\" class=\"slide-2221 ms-image \" aria-roledescription=\"slide\" data-date=\"2026-02-15 20:09:33\" data-filename=\"Einfach-Heiraten-348x348.png\" data-slide-type=\"image\"><img loading=\"lazy\" decoding=\"async\" src=\"https:\/\/www.foerderkreis-christenberg.de\/wp-content\/uploads\/2026\/02\/Einfach-Heiraten-348x348.png\" height=\"700\" width=\"700\" alt=\"\" class=\"slider-2212 slide-2221 msDefaultImage\" title=\"Einfach Heiraten\" \/><div class=\"caption-wrap\"><div class=\"caption\"><div><a href=\"https:\/\/einfachheiraten.info\/auf-dem-christenberg-munchhausen-am-christenberg\" target=\"_blank\" rel=\"noreferrer noopener\">Einfach Heiraten 26.-28.6.2026<\/a><\/div><\/div><\/div><\/li>\n                <li style=\"display: none; width: 100%;\" class=\"slide-2222 ms-image \" aria-roledescription=\"slide\" data-date=\"2026-02-15 20:09:33\" data-filename=\"Orgel-700x700.png\" data-slide-type=\"image\"><img loading=\"lazy\" decoding=\"async\" src=\"https:\/\/www.foerderkreis-christenberg.de\/wp-content\/uploads\/2026\/02\/Orgel-700x700.png\" height=\"700\" width=\"700\" alt=\"\" class=\"slider-2212 slide-2222 msDefaultImage\" title=\"Orgel\" \/><div class=\"caption-wrap\"><div class=\"caption\"><div><a href=\"https:\/\/www.foerderkreis-christenberg.de\/index.php\/terminplan-2026\/\" target=\"_blank\" rel=\"noreferrer noopener\">Matthias Naumann an der Orgel<\/a><\/div><\/div><\/div><\/li>\n                <li style=\"display: none; width: 100%;\" class=\"slide-2462 ms-image \" aria-roledescription=\"slide\" data-date=\"2026-02-24 12:02:53\" data-filename=\"Martinskirche-Sueden-336x336.jpg\" data-slide-type=\"image\"><img loading=\"lazy\" decoding=\"async\" src=\"https:\/\/www.foerderkreis-christenberg.de\/wp-content\/uploads\/2026\/02\/Martinskirche-Sueden-336x336.jpg\" height=\"700\" width=\"700\" alt=\"\" class=\"slider-2212 slide-2462 msDefaultImage\" title=\"Martinskirche-Sueden\" \/><div class=\"caption-wrap\"><div class=\"caption\"><div><a href=\"https:\/\/www.foerderkreis-christenberg.de\/index.php\/terminplan-2026\/\" target=\"_blank\" rel=\"noreferrer noopener\">Wochenschlu\u00df-Andacht im Juli<\/a><\/div><\/div><\/div><\/li>\n                <li style=\"display: none; width: 100%;\" class=\"slide-2463 ms-image \" aria-roledescription=\"slide\" data-date=\"2026-02-24 12:05:00\" data-filename=\"Gitarre.jpg\" data-slide-type=\"image\"><img loading=\"lazy\" decoding=\"async\" src=\"https:\/\/www.foerderkreis-christenberg.de\/wp-content\/uploads\/2026\/02\/Gitarre.jpg\" height=\"700\" width=\"700\" alt=\"\" class=\"slider-2212 slide-2463 msDefaultImage\" title=\"guitar Icon\" \/><div class=\"caption-wrap\"><div class=\"caption\"><div><a href=\"https:\/\/www.foerderkreis-christenberg.de\/index.php\/terminplan-2026\/\" target=\"_blank\" rel=\"noreferrer noopener\">Wochenschlu\u00df-Andacht im August<\/a><\/div><\/div><\/div><\/li>\n                <li style=\"display: none; width: 100%;\" class=\"slide-2464 ms-image \" aria-roledescription=\"slide\" data-date=\"2026-02-24 12:05:54\" data-filename=\"Waldgottesdienst-700x700.png\" data-slide-type=\"image\"><img loading=\"lazy\" decoding=\"async\" src=\"https:\/\/www.foerderkreis-christenberg.de\/wp-content\/uploads\/2026\/02\/Waldgottesdienst-700x700.png\" height=\"700\" width=\"700\" alt=\"\" class=\"slider-2212 slide-2464 msDefaultImage\" title=\"Waldgottesdienst\" \/><div class=\"caption-wrap\"><div class=\"caption\"><div><a href=\"https:\/\/www.foerderkreis-christenberg.de\/index.php\/terminplan-2026\/\" target=\"_blank\" rel=\"noreferrer noopener\">Waldgottesdienst im September<\/a><\/div><\/div><\/div><\/li>\n            <\/ul>\n        <\/div>\n        \n    <\/div>\n<\/div><\/div>\n<\/div>\n\n\n\n<div class=\"wp-block-group has-base-background-color has-background has-global-padding is-layout-constrained wp-container-core-group-is-layout-9e9be3cb wp-block-group-is-layout-constrained\" style=\"border-radius:10px;padding-top:var(--wp--preset--spacing--20);padding-right:var(--wp--preset--spacing--20);padding-bottom:var(--wp--preset--spacing--20);padding-left:var(--wp--preset--spacing--20);box-shadow:var(--wp--preset--shadow--natural)\">\n<p style=\"padding-top:0;padding-right:0;padding-bottom:0;padding-left:0\">In der Martinskirche finden von Zeit zu Zeit Gottesdienste mit besonderem musikalischem Ambiente, Konzerte oder Lesungen statt. Das kleine Museum im Alten K\u00fcsterhaus nimmt regelm\u00e4\u00dfig an den bekannten Museumstagen teil.<\/p>\n\n\n\n<div class=\"wp-block-group has-global-padding is-layout-constrained wp-container-core-group-is-layout-c06d165c wp-block-group-is-layout-constrained\" style=\"padding-top:0;padding-right:0;padding-bottom:0;padding-left:0\">\n<div class=\"wp-block-group has-accent-2-background-color has-background has-global-padding is-layout-constrained wp-container-core-group-is-layout-9e9be3cb wp-block-group-is-layout-constrained\" style=\"border-radius:10px;padding-top:var(--wp--preset--spacing--20);padding-right:var(--wp--preset--spacing--20);padding-bottom:var(--wp--preset--spacing--20);padding-left:var(--wp--preset--spacing--20);box-shadow:var(--wp--preset--shadow--natural)\">\n<h2 class=\"wp-block-heading\">Konzert am 19. April 2026<\/h2>\n\n\n\n<p style=\"padding-top:0;padding-right:0;padding-bottom:0;padding-left:0\">F\u00fcr den <strong>19. April 2026<\/strong> haben wir etwas Besonderes geplant: ein <strong>Konzert mit Drehleiern<\/strong>! Begleitet von kurzweiligen Erl\u00e4uterungen zu den verschiedenen Modellen werden einige dieser bereits im Mittelalter entwickelten Instrumente erklingen.<\/p>\n\n\n\n<p class=\"has-text-color has-link-color has-x-large-font-size wp-elements-a0999e1fb87bf01dfadc228483774c4c\" style=\"color:#276e0b\"><strong><a href=\"https:\/\/www.foerderkreis-christenberg.de\/index.php\/veranstaltungen\/drehleier-konzert\/\" data-type=\"page\" data-id=\"1747\" target=\"_blank\" rel=\"noreferrer noopener\">Drehleier-Konzert<\/a><\/strong><\/p>\n\n\n\n<p class=\"has-text-color has-link-color has-x-large-font-size wp-elements-18dd5b21104848de90d36009a5cfd1b8\" style=\"color:#276e0b\"><strong><a href=\"https:\/\/www.foerderkreis-christenberg.de\/index.php\/terminplan\/\" data-type=\"page\" data-id=\"1839\" target=\"_blank\" rel=\"noreferrer noopener\">Alle Veranstaltungen im Terminplan<\/a><\/strong><\/p>\n<\/div>\n<\/div>\n\n\n\n<div class=\"wp-block-group has-global-padding is-layout-constrained wp-container-core-group-is-layout-c06d165c wp-block-group-is-layout-constrained\" style=\"padding-top:0;padding-right:0;padding-bottom:0;padding-left:0\">\n<div class=\"wp-block-group has-global-padding is-layout-constrained wp-container-core-group-is-layout-9e9be3cb wp-block-group-is-layout-constrained\" style=\"border-radius:10px;padding-top:var(--wp--preset--spacing--20);padding-right:var(--wp--preset--spacing--20);padding-bottom:var(--wp--preset--spacing--20);padding-left:var(--wp--preset--spacing--20);box-shadow:var(--wp--preset--shadow--natural)\">\n<h2 class=\"wp-block-heading\" style=\"border-radius:10px\">Internationaler Museumstag<\/h2>\n\n\n\n<p style=\"border-radius:0px\">Termin ist Sonntag, der 17. Mai 2026. An diesem Tag soll jedes Jahr erneut die wichtige gesellschaftliche Rolle von Museen herausgestellt werden.<\/p>\n<\/div>\n<\/div>\n\n\n\n<div class=\"wp-block-group has-global-padding is-layout-constrained wp-container-core-group-is-layout-c06d165c wp-block-group-is-layout-constrained\" style=\"padding-top:0;padding-right:0;padding-bottom:0;padding-left:0\">\n<div class=\"wp-block-group has-global-padding is-layout-constrained wp-container-core-group-is-layout-9e9be3cb wp-block-group-is-layout-constrained\" style=\"border-radius:10px;padding-top:var(--wp--preset--spacing--20);padding-right:var(--wp--preset--spacing--20);padding-bottom:var(--wp--preset--spacing--20);padding-left:var(--wp--preset--spacing--20);box-shadow:var(--wp--preset--shadow--natural)\">\n<h2 class=\"wp-block-heading\" style=\"border-radius:10px\">Tag des offenen Denkmals<\/h2>\n\n\n\n<p style=\"border-radius:0px\">Der Tag des offenen Denkmals 2026 steht unter dem Motto <strong>NetzWERKE: Denkmale &amp; Infrastruktur<\/strong>. Termin ist Sonntag, der 13. September.<\/p>\n<\/div>\n<\/div>\n\n\n\n<div class=\"wp-block-group has-global-padding is-layout-constrained wp-container-core-group-is-layout-c06d165c wp-block-group-is-layout-constrained\" style=\"padding-top:0;padding-right:0;padding-bottom:0;padding-left:0\">\n<div class=\"wp-block-group has-global-padding is-layout-constrained wp-container-core-group-is-layout-9e9be3cb wp-block-group-is-layout-constrained\" style=\"border-radius:10px;padding-top:var(--wp--preset--spacing--20);padding-right:var(--wp--preset--spacing--20);padding-bottom:var(--wp--preset--spacing--20);padding-left:var(--wp--preset--spacing--20);box-shadow:var(--wp--preset--shadow--natural)\">\n<h2 class=\"wp-block-heading\">Museumssonntag Marburg Biedenkopf<\/h2>\n\n\n\n<p>Der Museumssonntag des Landkreises Marburg-Biedenkopf findet alle zwei Jahre statt, zuletzt am 29. Juni 2025. Er stand unter dem Motto <strong>Nach St(r)ich und Faden<\/strong>. \u00dcber den Termin und das Thema in 2027 werden wir an dieser Stelle berichten.<\/p>\n<\/div>\n<\/div>\n<\/div>\n\n\n\n<div class=\"wp-block-group has-base-background-color has-background has-global-padding is-layout-constrained wp-container-core-group-is-layout-c06d165c wp-block-group-is-layout-constrained\" style=\"border-radius:10px;padding-top:0;padding-right:0;padding-bottom:0;padding-left:0;box-shadow:var(--wp--preset--shadow--natural)\">\n<figure class=\"wp-block-table is-style-regular has-medium-font-size\" style=\"margin-top:var(--wp--preset--spacing--30);margin-right:0;margin-bottom:var(--wp--preset--spacing--30);margin-left:0;padding-top:var(--wp--preset--spacing--20);padding-right:var(--wp--preset--spacing--20);padding-bottom:var(--wp--preset--spacing--20);padding-left:var(--wp--preset--spacing--20)\"><table class=\"has-accent-2-color has-contrast-background-color has-text-color has-background has-link-color has-fixed-layout\" style=\"border-width:4px\"><tbody><tr><td class=\"has-text-align-center\" data-align=\"center\"><a href=\"https:\/\/www.foerderkreis-christenberg.de\/index.php\/veranstaltungen\/tag-des-offenen-denkmals\/\" data-type=\"page\" data-id=\"10\">Besondere Museumstage<\/a><\/td><td class=\"has-text-align-center\" data-align=\"center\"><a href=\"https:\/\/www.foerderkreis-christenberg.de\/index.php\/veranstaltungen\/veranstaltungsarchiv\/\" data-type=\"page\" data-id=\"64\">Archiv &#8211; R\u00fcckblick<\/a><\/td><\/tr><tr><td class=\"has-text-align-center\" data-align=\"center\"><a href=\"https:\/\/www.foerderkreis-christenberg.de\/index.php\/backhaus\/\" data-type=\"page\" data-id=\"482\">Das alte Backhaus<\/a><\/td><td class=\"has-text-align-center\" data-align=\"center\"><a href=\"https:\/\/www.foerderkreis-christenberg.de\/index.php\/impressionen\/\" data-type=\"page\" data-id=\"148\">Impressionen und QR<\/a><\/td><\/tr><tr><td class=\"has-text-align-center\" data-align=\"center\"><a href=\"https:\/\/www.foerderkreis-christenberg.de\/index.php\/christenberg\/\" data-type=\"page\" data-id=\"28\">Christenberg<\/a><\/td><td class=\"has-text-align-center\" data-align=\"center\"><a href=\"https:\/\/www.foerderkreis-christenberg.de\/index.php\/wege-zum-christenberg\/\" data-type=\"page\" data-id=\"31\">Wege zum Christenberg<\/a><\/td><\/tr><\/tbody><\/table><\/figure>\n<\/div>\n\n\n\n<p><\/p>\n","protected":false},"excerpt":{"rendered":"<p>Veranstaltungen in der Martinskirche In der Martinskirche finden von Zeit zu Zeit Gottesdienste mit besonderem musikalischem Ambiente, Konzerte oder Lesungen statt. Das kleine Museum im Alten K\u00fcsterhaus nimmt regelm\u00e4\u00dfig an den bekannten Museumstagen teil. Konzert am 19. April 2026 F\u00fcr den 19. April 2026 haben wir etwas Besonderes geplant: ein Konzert mit Drehleiern! Begleitet von [&hellip;]<\/p>\n","protected":false},"author":2,"featured_media":0,"parent":0,"menu_order":20,"comment_status":"closed","ping_status":"closed","template":"","meta":{"footnotes":""},"class_list":["post-14","page","type-page","status-publish","hentry"],"jetpack_sharing_enabled":true,"_links":{"self":[{"href":"https:\/\/www.foerderkreis-christenberg.de\/index.php\/wp-json\/wp\/v2\/pages\/14","targetHints":{"allow":["GET"]}}],"collection":[{"href":"https:\/\/www.foerderkreis-christenberg.de\/index.php\/wp-json\/wp\/v2\/pages"}],"about":[{"href":"https:\/\/www.foerderkreis-christenberg.de\/index.php\/wp-json\/wp\/v2\/types\/page"}],"author":[{"embeddable":true,"href":"https:\/\/www.foerderkreis-christenberg.de\/index.php\/wp-json\/wp\/v2\/users\/2"}],"replies":[{"embeddable":true,"href":"https:\/\/www.foerderkreis-christenberg.de\/index.php\/wp-json\/wp\/v2\/comments?post=14"}],"version-history":[{"count":46,"href":"https:\/\/www.foerderkreis-christenberg.de\/index.php\/wp-json\/wp\/v2\/pages\/14\/revisions"}],"predecessor-version":[{"id":2279,"href":"https:\/\/www.foerderkreis-christenberg.de\/index.php\/wp-json\/wp\/v2\/pages\/14\/revisions\/2279"}],"wp:attachment":[{"href":"https:\/\/www.foerderkreis-christenberg.de\/index.php\/wp-json\/wp\/v2\/media?parent=14"}],"curies":[{"name":"wp","href":"https:\/\/api.w.org\/{rel}","templated":true}]}}