{"id":1063,"date":"2025-10-11T22:03:16","date_gmt":"2025-10-11T20:03:16","guid":{"rendered":"https:\/\/www.foerderkreis-christenberg.de\/?page_id=1063"},"modified":"2026-02-19T16:01:36","modified_gmt":"2026-02-19T15:01:36","slug":"info-museumstage","status":"publish","type":"page","link":"https:\/\/www.foerderkreis-christenberg.de\/index.php\/kurzinfo\/info-museumstage\/","title":{"rendered":"Museumstage"},"content":{"rendered":"\n<div style=\"height:20px\" aria-hidden=\"true\" class=\"wp-block-spacer\"><\/div>\n\n\n\n<div class=\"wp-block-group has-global-padding is-layout-constrained wp-block-group-is-layout-constrained\">\n<div class=\"wp-block-group has-base-background-color has-background has-global-padding is-layout-constrained wp-container-core-group-is-layout-9e9be3cb wp-block-group-is-layout-constrained\" style=\"border-radius:10px;padding-top:var(--wp--preset--spacing--20);padding-right:var(--wp--preset--spacing--20);padding-bottom:var(--wp--preset--spacing--20);padding-left:var(--wp--preset--spacing--20);box-shadow:var(--wp--preset--shadow--natural)\">\n<div class=\"wp-block-group has-global-padding is-layout-constrained wp-container-core-group-is-layout-9e9be3cb wp-block-group-is-layout-constrained\" style=\"border-radius:10px;padding-top:var(--wp--preset--spacing--20);padding-right:var(--wp--preset--spacing--20);padding-bottom:var(--wp--preset--spacing--20);padding-left:var(--wp--preset--spacing--20);box-shadow:var(--wp--preset--shadow--natural)\">\n<h2 class=\"wp-block-heading\">Besondere Museumstage<\/h2>\n\n\n\n<div style=\"height:30px\" aria-hidden=\"true\" class=\"wp-block-spacer\"><\/div>\n\n\n\n<figure class=\"wp-block-image size-large\" style=\"margin-top:0;margin-right:0;margin-bottom:0;margin-left:0\"><img loading=\"lazy\" decoding=\"async\" width=\"1024\" height=\"683\" src=\"https:\/\/www.foerderkreis-christenberg.de\/wp-content\/uploads\/2021\/10\/P1030825a-1024x683.jpg\" alt=\"Museum Altes K\u00fcsterhaus auf dem Christenberg\" class=\"wp-image-511\" srcset=\"https:\/\/www.foerderkreis-christenberg.de\/wp-content\/uploads\/2021\/10\/P1030825a-1024x683.jpg 1024w, https:\/\/www.foerderkreis-christenberg.de\/wp-content\/uploads\/2021\/10\/P1030825a-300x200.jpg 300w, https:\/\/www.foerderkreis-christenberg.de\/wp-content\/uploads\/2021\/10\/P1030825a-768x512.jpg 768w, https:\/\/www.foerderkreis-christenberg.de\/wp-content\/uploads\/2021\/10\/P1030825a-1536x1024.jpg 1536w, https:\/\/www.foerderkreis-christenberg.de\/wp-content\/uploads\/2021\/10\/P1030825a.jpg 1773w\" sizes=\"auto, (max-width: 1024px) 100vw, 1024px\" \/><figcaption class=\"wp-element-caption\"><strong>Museum Altes K\u00fcsterhaus auf dem Christenberg<\/strong><\/figcaption><\/figure>\n<\/div>\n\n\n\n<div class=\"wp-block-group has-accent-2-background-color has-background has-global-padding is-layout-constrained wp-container-core-group-is-layout-9e9be3cb wp-block-group-is-layout-constrained\" style=\"border-radius:10px;padding-top:var(--wp--preset--spacing--20);padding-right:var(--wp--preset--spacing--20);padding-bottom:var(--wp--preset--spacing--20);padding-left:var(--wp--preset--spacing--20);box-shadow:var(--wp--preset--shadow--natural)\">\n<p class=\"has-link-color wp-elements-62909ca3070fbcbfd300759f2b75782c\">Besondere Museumstage finden j\u00e4hrlich, manche auch im mehrj\u00e4hrigen Turnus, statt, <\/p>\n\n\n\n<p class=\"has-link-color wp-elements-6a9dfdfe9912caf982bdb098e59f0dee\">Da ist zun\u00e4chst der <strong>Internationale Museumstag<\/strong> im Mai, im September gibt es den <strong>Tag des offenen Denkmals<\/strong> &#8211; der steht stets unter einem besonderen Motto. Der <strong>Museumstag des Landkreises Marburg-Biedenkopf<\/strong> hat ebenfalls ein eigenes Thema, findet aber nur alle zwei Jahre statt.<\/p>\n\n\n\n<p>An diesen besonderen Tagen ist der F\u00f6rderkreis vor Ort und bietet f\u00fcr einige Stunden ganz individuelle und pers\u00f6nliche Infos. Sonst kann der Schl\u00fcssel zum K\u00fcsterhaus zu den \u00d6ffnungszeiten des Waldgasthauses ebenda ausgeliehen werden.<\/p>\n<\/div>\n<\/div>\n<\/div>\n\n\n\n<div class=\"wp-block-buttons is-layout-flex wp-block-buttons-is-layout-flex\">\n<div class=\"wp-block-button is-style-outline is-style-outline--1\"><a class=\"wp-block-button__link wp-element-button\" href=\"https:\/\/www.foerderkreis-christenberg.de\/index.php\/kurzinfo\/\" style=\"border-style:none;border-width:0px;box-shadow:var(--wp--preset--shadow--natural)\">zur\u00fcck zu Kurz und b\u00fcndig<\/a><\/div>\n<\/div>\n\n\n\n<div style=\"height:10px\" aria-hidden=\"true\" class=\"wp-block-spacer\"><\/div>\n\n\n\n<p><\/p>\n","protected":false},"excerpt":{"rendered":"<p>Besondere Museumstage Besondere Museumstage finden j\u00e4hrlich, manche auch im mehrj\u00e4hrigen Turnus, statt, Da ist zun\u00e4chst der Internationale Museumstag im Mai, im September gibt es den Tag des offenen Denkmals &#8211; der steht stets unter einem besonderen Motto. Der Museumstag des Landkreises Marburg-Biedenkopf hat ebenfalls ein eigenes Thema, findet aber nur alle zwei Jahre statt. An [&hellip;]<\/p>\n","protected":false},"author":2,"featured_media":0,"parent":1051,"menu_order":4,"comment_status":"closed","ping_status":"closed","template":"","meta":{"footnotes":""},"class_list":["post-1063","page","type-page","status-publish","hentry"],"jetpack_sharing_enabled":true,"_links":{"self":[{"href":"https:\/\/www.foerderkreis-christenberg.de\/index.php\/wp-json\/wp\/v2\/pages\/1063","targetHints":{"allow":["GET"]}}],"collection":[{"href":"https:\/\/www.foerderkreis-christenberg.de\/index.php\/wp-json\/wp\/v2\/pages"}],"about":[{"href":"https:\/\/www.foerderkreis-christenberg.de\/index.php\/wp-json\/wp\/v2\/types\/page"}],"author":[{"embeddable":true,"href":"https:\/\/www.foerderkreis-christenberg.de\/index.php\/wp-json\/wp\/v2\/users\/2"}],"replies":[{"embeddable":true,"href":"https:\/\/www.foerderkreis-christenberg.de\/index.php\/wp-json\/wp\/v2\/comments?post=1063"}],"version-history":[{"count":20,"href":"https:\/\/www.foerderkreis-christenberg.de\/index.php\/wp-json\/wp\/v2\/pages\/1063\/revisions"}],"predecessor-version":[{"id":2454,"href":"https:\/\/www.foerderkreis-christenberg.de\/index.php\/wp-json\/wp\/v2\/pages\/1063\/revisions\/2454"}],"up":[{"embeddable":true,"href":"https:\/\/www.foerderkreis-christenberg.de\/index.php\/wp-json\/wp\/v2\/pages\/1051"}],"wp:attachment":[{"href":"https:\/\/www.foerderkreis-christenberg.de\/index.php\/wp-json\/wp\/v2\/media?parent=1063"}],"curies":[{"name":"wp","href":"https:\/\/api.w.org\/{rel}","templated":true}]}}