{"id":1061,"date":"2025-10-11T22:02:20","date_gmt":"2025-10-11T20:02:20","guid":{"rendered":"https:\/\/www.foerderkreis-christenberg.de\/?page_id=1061"},"modified":"2026-02-19T15:56:53","modified_gmt":"2026-02-19T14:56:53","slug":"info-labyrinth","status":"publish","type":"page","link":"https:\/\/www.foerderkreis-christenberg.de\/index.php\/kurzinfo\/info-labyrinth\/","title":{"rendered":"Labyrinth auf dem Christenberg"},"content":{"rendered":"\n<div style=\"height:40px\" aria-hidden=\"true\" class=\"wp-block-spacer\"><\/div>\n\n\n\n<div class=\"wp-block-group has-base-background-color has-background has-global-padding is-layout-constrained wp-container-core-group-is-layout-9e9be3cb wp-block-group-is-layout-constrained\" style=\"border-radius:10px;padding-top:var(--wp--preset--spacing--20);padding-right:var(--wp--preset--spacing--20);padding-bottom:var(--wp--preset--spacing--20);padding-left:var(--wp--preset--spacing--20);box-shadow:var(--wp--preset--shadow--natural)\">\n<div class=\"wp-block-group has-global-padding is-layout-constrained wp-container-core-group-is-layout-9e9be3cb wp-block-group-is-layout-constrained\" style=\"border-radius:10px;padding-top:var(--wp--preset--spacing--20);padding-right:var(--wp--preset--spacing--20);padding-bottom:var(--wp--preset--spacing--20);padding-left:var(--wp--preset--spacing--20);box-shadow:var(--wp--preset--shadow--natural)\">\n<h2 class=\"wp-block-heading\">Das Labyrinth auf dem Christenberg<\/h2>\n\n\n\n<figure class=\"wp-block-image size-large has-custom-border\"><img loading=\"lazy\" decoding=\"async\" width=\"1024\" height=\"768\" src=\"https:\/\/www.foerderkreis-christenberg.de\/wp-content\/uploads\/2020\/08\/IMG_20190928_140425-1024x768.jpg\" alt=\"Labyrinth auf dem Christenberg\" class=\"wp-image-442\" style=\"border-radius:10px\" srcset=\"https:\/\/www.foerderkreis-christenberg.de\/wp-content\/uploads\/2020\/08\/IMG_20190928_140425-1024x768.jpg 1024w, https:\/\/www.foerderkreis-christenberg.de\/wp-content\/uploads\/2020\/08\/IMG_20190928_140425-300x225.jpg 300w, https:\/\/www.foerderkreis-christenberg.de\/wp-content\/uploads\/2020\/08\/IMG_20190928_140425-768x576.jpg 768w, https:\/\/www.foerderkreis-christenberg.de\/wp-content\/uploads\/2020\/08\/IMG_20190928_140425-1536x1152.jpg 1536w, https:\/\/www.foerderkreis-christenberg.de\/wp-content\/uploads\/2020\/08\/IMG_20190928_140425-2048x1536.jpg 2048w\" sizes=\"auto, (max-width: 1024px) 100vw, 1024px\" \/><figcaption class=\"wp-element-caption\"><strong>Labyrinth auf dem Christenberg, Foto: K.H. G\u00f6rmar<\/strong><\/figcaption><\/figure>\n<\/div>\n\n\n\n<div class=\"wp-block-group has-accent-2-background-color has-background has-global-padding is-layout-constrained wp-container-core-group-is-layout-9e9be3cb wp-block-group-is-layout-constrained\" style=\"border-radius:10px;padding-top:var(--wp--preset--spacing--20);padding-right:var(--wp--preset--spacing--20);padding-bottom:var(--wp--preset--spacing--20);padding-left:var(--wp--preset--spacing--20);box-shadow:var(--wp--preset--shadow--natural)\">\n<h2 class=\"wp-block-heading\">Gedanken zum Labyrinth<\/h2>\n\n\n\n<p>Als Sinnbild f\u00fcr das Leben soll ein Labyrinth diejenigen, die es durchschreiten oder betrachten, zu Ruhe und Besinnung anleiten. Beim Durchschreiten des Labyrinthes kann \u00fcber den eigenen Lebensweg nachgedacht werden:<\/p>\n\n\n\n<p>Die Kehren laden dazu ein, sich an die erlebten Wendemarken des eigenen Lebens zu erinnern. Die gro\u00dfen Schleifen dagegen fordern dazu auf, den Sinn von Umwegen zu bedenken, und dienen gleichzeitig als Ein\u00fcbung in Geduld. Die Mitte schlie\u00dflich gibt Gelegenheit zu Gebet oder Meditation.<\/p>\n\n\n\n<p>Und auch die R\u00fcckkehr hat ihren Sinn. Unser Leben bedeutet auch, auf H\u00f6he- oder Scheitelpunkte zuzugehen, diese aber auch wieder loszulassen und gewisserma\u00dfen in den \u00abAlltag\u00bb zur\u00fcckzukehren.<\/p>\n\n\n\n<p>Der langsame Gang durch die Kehren und Schleifen \u2013 schweigend, mit sich alleine und nicht zielgerichtet \u2013 hilft uns dabei, uns selbst, unserem Leben und unseren Erfahrungen mit Gott und der Welt ein wenig auf die Spur zu kommen.<\/p>\n<\/div>\n\n\n\n<figure class=\"wp-block-image size-large has-custom-border\"><img loading=\"lazy\" decoding=\"async\" width=\"1024\" height=\"768\" src=\"https:\/\/www.foerderkreis-christenberg.de\/wp-content\/uploads\/2020\/08\/P1100587-1024x768.jpg\" alt=\"Labyrinth auf dem Christenberg\" class=\"wp-image-443\" style=\"border-radius:10px;box-shadow:var(--wp--preset--shadow--natural)\" srcset=\"https:\/\/www.foerderkreis-christenberg.de\/wp-content\/uploads\/2020\/08\/P1100587-1024x768.jpg 1024w, https:\/\/www.foerderkreis-christenberg.de\/wp-content\/uploads\/2020\/08\/P1100587-300x225.jpg 300w, https:\/\/www.foerderkreis-christenberg.de\/wp-content\/uploads\/2020\/08\/P1100587-768x576.jpg 768w, https:\/\/www.foerderkreis-christenberg.de\/wp-content\/uploads\/2020\/08\/P1100587-1536x1152.jpg 1536w, https:\/\/www.foerderkreis-christenberg.de\/wp-content\/uploads\/2020\/08\/P1100587-2048x1536.jpg 2048w\" sizes=\"auto, (max-width: 1024px) 100vw, 1024px\" \/><figcaption class=\"wp-element-caption\"><strong>Labyrinth auf dem Christenberg, Foto: K.H. G\u00f6rmar<\/strong><\/figcaption><\/figure>\n\n\n\n<div class=\"wp-block-group has-accent-2-background-color has-background has-global-padding is-layout-constrained wp-container-core-group-is-layout-9e9be3cb wp-block-group-is-layout-constrained\" style=\"border-style:none;border-width:0px;border-radius:10px;padding-top:var(--wp--preset--spacing--20);padding-right:var(--wp--preset--spacing--20);padding-bottom:var(--wp--preset--spacing--20);padding-left:var(--wp--preset--spacing--20);box-shadow:var(--wp--preset--shadow--natural)\">\n<h2 class=\"wp-block-heading\">Gedanken f\u00fcr den Weg<\/h2>\n\n\n\n<p>von Friedhelm H. Wagner<\/p>\n\n\n\n<p>Was motiviert mich zu gehen? Was macht es leicht zu gehen? Was macht es m\u00fchsam zu gehen?<\/p>\n\n\n\n<p>Windungen meines Lebens-Weges? Dem Ziel ganz nah und doch so fern.<\/p>\n\n\n\n<p><em>Ich sehe mein Ziel. Wie sieht es aus?<\/em><br><em>Ich bin am Ziel. Was sehe ich?<br><br><\/em>Wieso kann ich nicht abk\u00fcrzen? Was leitet meinen Weg?<\/p>\n\n\n\n<p><em>Der Weg ist nicht perfekt.<\/em><br><em>Auf welchem Grund gehe ich?<\/em><br><em>Wie f\u00fchlt es sich an?<\/em><\/p>\n\n\n\n<p>Welche Erfahrungen verbinde ich mit Gott?<\/p>\n\n\n\n<p><em>An welchen Punkten ist er mir begegnet?<\/em><br><em>Begegnet er mir?<\/em><\/p>\n\n\n\n<p>Wo ist der Ausgang? Was bringt mich hin?<\/p>\n\n\n\n<p>Unlust-Lust<\/p>\n\n\n\n<p><em>Der Weg zur\u00fcck.<\/em><br><em>Umkehr oder R\u00fcckweg?<\/em><\/p>\n\n\n\n<p>Gef\u00fchle auf dem Weg \u2013 Was ver\u00e4ndert sich?<\/p>\n\n\n\n<p><em>Was erwartet mich am Ausgang?<\/em><br><em>Welchen Ausgang erwarte ich?<\/em><\/p>\n<\/div>\n<\/div>\n\n\n\n<div class=\"wp-block-buttons is-layout-flex wp-block-buttons-is-layout-flex\">\n<div class=\"wp-block-button is-style-outline is-style-outline--1\"><a class=\"wp-block-button__link wp-element-button\" href=\"https:\/\/www.foerderkreis-christenberg.de\/index.php\/kurzinfo\/\" style=\"border-style:none;border-width:0px;box-shadow:var(--wp--preset--shadow--natural)\">zur\u00fcck zu Kurz und b\u00fcndig<\/a><\/div>\n<\/div>\n\n\n\n<p><\/p>\n","protected":false},"excerpt":{"rendered":"<p>Das Labyrinth auf dem Christenberg Gedanken zum Labyrinth Als Sinnbild f\u00fcr das Leben soll ein Labyrinth diejenigen, die es durchschreiten oder betrachten, zu Ruhe und Besinnung anleiten. Beim Durchschreiten des Labyrinthes kann \u00fcber den eigenen Lebensweg nachgedacht werden: Die Kehren laden dazu ein, sich an die erlebten Wendemarken des eigenen Lebens zu erinnern. Die gro\u00dfen [&hellip;]<\/p>\n","protected":false},"author":2,"featured_media":0,"parent":1051,"menu_order":3,"comment_status":"closed","ping_status":"closed","template":"","meta":{"footnotes":""},"class_list":["post-1061","page","type-page","status-publish","hentry"],"jetpack_sharing_enabled":true,"_links":{"self":[{"href":"https:\/\/www.foerderkreis-christenberg.de\/index.php\/wp-json\/wp\/v2\/pages\/1061","targetHints":{"allow":["GET"]}}],"collection":[{"href":"https:\/\/www.foerderkreis-christenberg.de\/index.php\/wp-json\/wp\/v2\/pages"}],"about":[{"href":"https:\/\/www.foerderkreis-christenberg.de\/index.php\/wp-json\/wp\/v2\/types\/page"}],"author":[{"embeddable":true,"href":"https:\/\/www.foerderkreis-christenberg.de\/index.php\/wp-json\/wp\/v2\/users\/2"}],"replies":[{"embeddable":true,"href":"https:\/\/www.foerderkreis-christenberg.de\/index.php\/wp-json\/wp\/v2\/comments?post=1061"}],"version-history":[{"count":12,"href":"https:\/\/www.foerderkreis-christenberg.de\/index.php\/wp-json\/wp\/v2\/pages\/1061\/revisions"}],"predecessor-version":[{"id":2451,"href":"https:\/\/www.foerderkreis-christenberg.de\/index.php\/wp-json\/wp\/v2\/pages\/1061\/revisions\/2451"}],"up":[{"embeddable":true,"href":"https:\/\/www.foerderkreis-christenberg.de\/index.php\/wp-json\/wp\/v2\/pages\/1051"}],"wp:attachment":[{"href":"https:\/\/www.foerderkreis-christenberg.de\/index.php\/wp-json\/wp\/v2\/media?parent=1061"}],"curies":[{"name":"wp","href":"https:\/\/api.w.org\/{rel}","templated":true}]}}