{"id":1057,"date":"2025-10-11T22:01:10","date_gmt":"2025-10-11T20:01:10","guid":{"rendered":"https:\/\/www.foerderkreis-christenberg.de\/?page_id=1057"},"modified":"2026-04-14T13:15:01","modified_gmt":"2026-04-14T11:15:01","slug":"info-mitmachen","status":"publish","type":"page","link":"https:\/\/www.foerderkreis-christenberg.de\/index.php\/kurzinfo\/info-mitmachen\/","title":{"rendered":"F\u00f6rderkreis zum Mitmachen"},"content":{"rendered":"\n<div style=\"height:40px\" aria-hidden=\"true\" class=\"wp-block-spacer\"><\/div>\n\n\n\n<div class=\"wp-block-group has-base-background-color has-background has-global-padding is-layout-constrained wp-container-core-group-is-layout-9e9be3cb wp-block-group-is-layout-constrained\" style=\"border-radius:10px;padding-top:var(--wp--preset--spacing--20);padding-right:var(--wp--preset--spacing--20);padding-bottom:var(--wp--preset--spacing--20);padding-left:var(--wp--preset--spacing--20);box-shadow:var(--wp--preset--shadow--natural)\">\n<div class=\"wp-block-group has-global-padding is-layout-constrained wp-container-core-group-is-layout-9e9be3cb wp-block-group-is-layout-constrained\" style=\"border-radius:10px;padding-top:var(--wp--preset--spacing--20);padding-right:var(--wp--preset--spacing--20);padding-bottom:var(--wp--preset--spacing--20);padding-left:var(--wp--preset--spacing--20);box-shadow:var(--wp--preset--shadow--natural)\">\n<h2 class=\"wp-block-heading\">F\u00f6rderkreis zum Mitmachen<\/h2>\n\n\n\n<p>Die regelm\u00e4\u00dfigen Treffen des F\u00f6rderkreis-Vorstandes sind \u00f6ffentlich.<\/p>\n\n\n\n<p class=\"has-accent-2-background-color has-background\" style=\"border-radius:10px;padding-top:var(--wp--preset--spacing--20);padding-right:var(--wp--preset--spacing--20);padding-bottom:var(--wp--preset--spacing--20);padding-left:var(--wp--preset--spacing--20)\"><strong>Ideen einbringen \u2013 Austausch \u00fcber Aktivit\u00e4ten \u2013 Interesse wecken am Mitmachen.<\/strong> Unter diesem Motto trifft sich der F\u00f6rderkreis-Vorstand zu \u00f6ffentlichen Sitzungen. So erhalten Mitglieder des Vereins, aber auch alle anderen interessierten Personen die M\u00f6glichkeit zur aktiven Mitgestaltung der Vereinsarbeit. Die Termine werden an dieser Stelle und in der M\u00fcnchh\u00e4user B\u00fcrger-App bekannt gegeben. Was sind die aktuellen Themen?<\/p>\n\n\n\n<p>Und welche Ma\u00dfnahmen sind geplant? Denn bei der Instandhaltung von Grund und Boden gibt es immer wieder etwas zu tun \u2026<\/p>\n\n\n\n<details class=\"wp-block-details has-accent-2-background-color has-background is-layout-flow wp-block-details-is-layout-flow\" style=\"border-width:1px;padding-top:var(--wp--preset--spacing--20);padding-right:var(--wp--preset--spacing--20);padding-bottom:var(--wp--preset--spacing--20);padding-left:var(--wp--preset--spacing--20)\"><summary><strong>Aktuelle Themen:<\/strong><\/summary>\n<ul class=\"wp-block-list\">\n<li>Gestaltung des Au\u00dfenbereichs (optischer Eindruck und Barrierefreiheit)\n<ul class=\"wp-block-list\">\n<li>Aufwertung des Bereiches zwischen K\u00fcsterhaus, Backhaus und dem Fu\u00dfweg zur Kirche<\/li>\n\n\n\n<li>klare Gestaltung des Weges in diesem Bereich<\/li>\n\n\n\n<li>Belag des Weges mit feinerem Material zwecks besserer Begehbarkeit z. B. mit Rollatoren<\/li>\n\n\n\n<li>Einebnung der zwei Stufen am Weg zur Kirche<\/li>\n<\/ul>\n<\/li>\n\n\n\n<li>Instandhaltungs-Arbeiten rund um das Labyrinth<\/li>\n<\/ul>\n<\/details>\n<\/div>\n\n\n\n<div style=\"height:10px\" aria-hidden=\"true\" class=\"wp-block-spacer\"><\/div>\n\n\n\n<p>Und au\u00dferdem &#8230;<\/p>\n\n\n\n<div class=\"wp-block-group has-global-padding is-layout-constrained wp-container-core-group-is-layout-c385debf wp-block-group-is-layout-constrained\" style=\"border-radius:10px;padding-top:var(--wp--preset--spacing--20);padding-right:var(--wp--preset--spacing--20);padding-bottom:var(--wp--preset--spacing--20);padding-left:var(--wp--preset--spacing--20);box-shadow:var(--wp--preset--shadow--natural)\">\n<details class=\"wp-block-details has-accent-2-background-color has-background is-layout-flow wp-block-details-is-layout-flow\" style=\"border-width:1px;padding-top:var(--wp--preset--spacing--20);padding-right:var(--wp--preset--spacing--20);padding-bottom:var(--wp--preset--spacing--20);padding-left:var(--wp--preset--spacing--20)\"><summary><strong>Zugang zur Kirche:<\/strong><\/summary>\n<ul class=\"wp-block-list\">\n<li>die eiserne T\u00fcr am Zugang zur Martinskirche ist in die Jahre gekommen und bedarf einer gr\u00fcndlichen \u00dcberholung\n<ul class=\"wp-block-list\">\n<li>hier reichen Drahtb\u00fcrste und neue Farbe nicht mehr aus: die Teile sollen komplett demontiert, sandgestrahlt, evt. instandgesetzt und neugestrichen werden<\/li>\n<\/ul>\n<\/li>\n\n\n\n<li>auch die zwei T\u00fcren zur Kirche k\u00f6nnten neue Farbe vertragen\n<ul class=\"wp-block-list\">\n<li>hier gilt es nat\u00fcrlich, den vorhandenen Farbton zu erhalten<\/li>\n<\/ul>\n<\/li>\n\n\n\n<li>auf der S\u00fcdseite der Kirche soll der asphaltierte Fu\u00dfweg vom Ende des Pflasters bis zur Kirchent\u00fcr gepflastert werden\n<ul class=\"wp-block-list\">\n<li>am \u00dcbergang bildet sich bei Regen jedesmal eine tiefe Pf\u00fctze<\/li>\n<\/ul>\n<\/li>\n<\/ul>\n<\/details>\n\n\n\n<details class=\"wp-block-details has-accent-2-background-color has-background is-layout-flow wp-block-details-is-layout-flow\" style=\"border-width:1px;padding-top:var(--wp--preset--spacing--20);padding-right:var(--wp--preset--spacing--20);padding-bottom:var(--wp--preset--spacing--20);padding-left:var(--wp--preset--spacing--20)\"><summary><strong>Ausstellung Kirche und K\u00fcsterhaus:<\/strong><\/summary>\n<ul class=\"wp-block-list\">\n<li>der L\u00f6wenstein wird wohl seinen Platz am Torbogen zum Chorraum finden, dort, wo bislang die elektronische Orgel stand<\/li>\n\n\n\n<li>die h\u00f6lzerne Grabtafel will sich nicht so recht ins Bild f\u00fcgen &#8211; da suchen wir noch nach einer L\u00f6sung\n<ul class=\"wp-block-list\">\n<li><\/li>\n<\/ul>\n<\/li>\n\n\n\n<li>\u00dcberarbeitung der Ausstellungen im Alten K\u00fcsterhaus<\/li>\n\n\n\n<li>Kennzeichnung des Rundgangs im K\u00fcsterhaus\n<ul class=\"wp-block-list\">\n<li>QR-Code mit Zugang zu einem Audio-Guide<\/li>\n<\/ul>\n<\/li>\n<\/ul>\n<\/details>\n\n\n\n<details class=\"wp-block-details has-accent-2-background-color has-background is-layout-flow wp-block-details-is-layout-flow\" style=\"border-width:1px;padding-top:var(--wp--preset--spacing--20);padding-right:var(--wp--preset--spacing--20);padding-bottom:var(--wp--preset--spacing--20);padding-left:var(--wp--preset--spacing--20)\"><summary><strong>Kirche, Glaube, Spiritualit\u00e4t:<\/strong><\/summary>\n<ul class=\"wp-block-list\">\n<li>ein wichtiges Thema in 2026 soll auch die Gestaltung und Durchf\u00fchrung von kirchlichen Veranstaltungen sein, die sich mit Glauben und Spiritualit\u00e4t befassen<\/li>\n<\/ul>\n<\/details>\n\n\n\n<details class=\"wp-block-details has-accent-2-background-color has-background is-layout-flow wp-block-details-is-layout-flow\" style=\"border-width:1px;padding-top:var(--wp--preset--spacing--20);padding-right:var(--wp--preset--spacing--20);padding-bottom:var(--wp--preset--spacing--20);padding-left:var(--wp--preset--spacing--20)\"><summary><strong>Mitgliederversammlung 27. M\u00e4rz 2026<\/strong><\/summary>\n<ul class=\"wp-block-list\">\n<li>Die Jahreshauptversammlung hat Kassierer und Vorstand nach deren umfassenden Rechenschaftsberichten entlastet. Wichtigster Punkt des Abends war die Diskussion der \u00fcberarbeiteten Vereinssatzung. Die anwesenden Mitglieder stimmten der Neufassung einstimmg zu.<\/li>\n\n\n\n<li class=\"has-base-background-color has-background\">Die Schwerpunkte der neuen Satzung sind\n<ul class=\"wp-block-list\">\n<li class=\"has-base-background-color has-background\">bessere Verst\u00e4ndlichkeit durch<\/li>\n\n\n\n<li class=\"has-base-background-color has-background\">Strukturierung und \u00dcbersichtlichkeit<\/li>\n\n\n\n<li class=\"has-base-background-color has-background\">Streichung \u00fcberholter Regelungen<\/li>\n\n\n\n<li class=\"has-base-background-color has-background\">Hervorhebung des Vereinszwecks <\/li>\n<\/ul>\n<\/li>\n\n\n\n<li>Nach dem Eintrag ins Vereinsregister gilt die neue Satzung.<\/li>\n<\/ul>\n<\/details>\n\n\n\n<div class=\"wp-block-buttons is-content-justification-center is-layout-flex wp-container-core-buttons-is-layout-a89b3969 wp-block-buttons-is-layout-flex\">\n<div class=\"wp-block-button is-style-outline is-style-outline--1\"><a class=\"wp-block-button__link has-accent-2-color has-contrast-background-color has-text-color has-background has-link-color has-large-font-size has-custom-font-size wp-element-button\" href=\"https:\/\/www.foerderkreis-christenberg.de\/index.php\/putztag-2026\/\" style=\"border-style:none;border-width:0px;border-top-left-radius:20px;border-top-right-radius:20px;border-bottom-left-radius:20px;border-bottom-right-radius:20px;box-shadow:var(--wp--preset--shadow--natural)\"><strong>Freischneiden 2026 \u261e<\/strong><\/a><\/div>\n<\/div>\n<\/div>\n\n\n\n<div class=\"wp-block-group has-global-padding is-layout-constrained wp-container-core-group-is-layout-9e9be3cb wp-block-group-is-layout-constrained\" style=\"border-radius:10px;padding-top:var(--wp--preset--spacing--20);padding-right:var(--wp--preset--spacing--20);padding-bottom:var(--wp--preset--spacing--20);padding-left:var(--wp--preset--spacing--20);box-shadow:var(--wp--preset--shadow--natural)\">\n<p style=\"border-radius:10px;padding-top:0;padding-right:0;padding-bottom:0;padding-left:0\">Anregungen und Vorschl\u00e4ge gerne per E-mail an <a href=\"mailto:info@foerderkreis-christenberg.de\">info@foerderkreis-christenberg.de<\/a> tun. G\u00e4ste sind jederzeit willkommen. \ud83d\ude42<\/p>\n<\/div>\n<\/div>\n\n\n\n<div class=\"wp-block-buttons is-layout-flex wp-block-buttons-is-layout-flex\">\n<div class=\"wp-block-button is-style-outline is-style-outline--2\"><a class=\"wp-block-button__link wp-element-button\" href=\"https:\/\/www.foerderkreis-christenberg.de\/index.php\/kurzinfo\/\" style=\"border-style:none;border-width:0px;box-shadow:var(--wp--preset--shadow--natural)\">zur\u00fcck zu Kurz und b\u00fcndig<\/a><\/div>\n<\/div>\n\n\n\n<p><\/p>\n","protected":false},"excerpt":{"rendered":"<p>F\u00f6rderkreis zum Mitmachen Die regelm\u00e4\u00dfigen Treffen des F\u00f6rderkreis-Vorstandes sind \u00f6ffentlich. Ideen einbringen \u2013 Austausch \u00fcber Aktivit\u00e4ten \u2013 Interesse wecken am Mitmachen. Unter diesem Motto trifft sich der F\u00f6rderkreis-Vorstand zu \u00f6ffentlichen Sitzungen. So erhalten Mitglieder des Vereins, aber auch alle anderen interessierten Personen die M\u00f6glichkeit zur aktiven Mitgestaltung der Vereinsarbeit. Die Termine werden an dieser Stelle [&hellip;]<\/p>\n","protected":false},"author":2,"featured_media":0,"parent":1051,"menu_order":1,"comment_status":"closed","ping_status":"closed","template":"","meta":{"footnotes":""},"class_list":["post-1057","page","type-page","status-publish","hentry"],"jetpack_sharing_enabled":true,"_links":{"self":[{"href":"https:\/\/www.foerderkreis-christenberg.de\/index.php\/wp-json\/wp\/v2\/pages\/1057","targetHints":{"allow":["GET"]}}],"collection":[{"href":"https:\/\/www.foerderkreis-christenberg.de\/index.php\/wp-json\/wp\/v2\/pages"}],"about":[{"href":"https:\/\/www.foerderkreis-christenberg.de\/index.php\/wp-json\/wp\/v2\/types\/page"}],"author":[{"embeddable":true,"href":"https:\/\/www.foerderkreis-christenberg.de\/index.php\/wp-json\/wp\/v2\/users\/2"}],"replies":[{"embeddable":true,"href":"https:\/\/www.foerderkreis-christenberg.de\/index.php\/wp-json\/wp\/v2\/comments?post=1057"}],"version-history":[{"count":39,"href":"https:\/\/www.foerderkreis-christenberg.de\/index.php\/wp-json\/wp\/v2\/pages\/1057\/revisions"}],"predecessor-version":[{"id":2558,"href":"https:\/\/www.foerderkreis-christenberg.de\/index.php\/wp-json\/wp\/v2\/pages\/1057\/revisions\/2558"}],"up":[{"embeddable":true,"href":"https:\/\/www.foerderkreis-christenberg.de\/index.php\/wp-json\/wp\/v2\/pages\/1051"}],"wp:attachment":[{"href":"https:\/\/www.foerderkreis-christenberg.de\/index.php\/wp-json\/wp\/v2\/media?parent=1057"}],"curies":[{"name":"wp","href":"https:\/\/api.w.org\/{rel}","templated":true}]}}